{"id":562,"date":"2022-02-12T15:52:03","date_gmt":"2022-02-12T15:52:03","guid":{"rendered":"https:\/\/medousaclinique.com\/?page_id=562"},"modified":"2023-11-17T09:49:08","modified_gmt":"2023-11-17T06:49:08","slug":"contact-us","status":"publish","type":"page","link":"https:\/\/medousaclinique.com\/uk\/contact-us\/","title":{"rendered":"\u0417\u0432&#039;\u044f\u0436\u0456\u0442\u044c\u0441\u044f \u0437 \u043d\u0430\u043c\u0438"},"content":{"rendered":"<div class=\"wpb-content-wrapper\"><div class=\"vc_row wpb_row vc_row-fluid ust-cikinti wd-rs-6211737b47782\"><div class=\"wpb_column align-items-center vc_column_container vc_col-sm-6 wd-rs-6211738394676\"><div class=\"vc_column-inner\"><div class=\"wpb_wrapper\">\n\t\t<div id=\"wd-6207df0b1ac15\" class=\"title-wrapper wd-wpb wd-set-mb reset-last-child  wd-rs-6207df0b1ac15 wd-title-color-primary wd-title-style-default text-left  wd-underline-colored\">\n\t\t\t\n\t\t\t<div class=\"liner-continer\">\n\t\t\t\t<h4 class=\"woodmart-title-container title  wd-font-weight- wd-fontsize-l\" >General Information<\/h4>\n\t\t\t\t\t\t\t<\/div>\n\t\t\t\n\t\t\t\n\t\t\t\n\t\t<\/div>\n\t\t\n\t\t\n\t<div class=\"wpb_text_column wpb_content_element\" >\n\t\t<div class=\"wpb_wrapper\">\n\t\t\t<p><strong><i class=\"fa-solid fa-location-dot\"><\/i> Address:<\/strong><\/p>\n<p class=\"cvGsUA direction-ltr align-center para-style-subtitle\"><span class=\"OYPEnA text-decoration-none text-strikethrough-none\">Narl\u0131 Plaza, 1st Floor<\/span><\/p>\n<p class=\"cvGsUA direction-ltr align-center para-style-subtitle\"><span class=\"OYPEnA text-decoration-none text-strikethrough-none\">Yenig\u00fcn Mahallesi, Ba\u011fc\u0131lar Cd. No:181,<\/span><\/p>\n<p class=\"cvGsUA direction-ltr align-center para-style-subtitle\"><span class=\"OYPEnA text-decoration-none text-strikethrough-none\">34200 Ba\u011fc\u0131lar\/\u0130stanbul<\/span><\/p>\n<p><strong><i class=\"fa-solid fa-phone\"><\/i> Phone:<\/strong> +90 542 103 59 12<\/p>\n<p><strong><i class=\"fa-solid fa-envelope\"><\/i> E-mail:<\/strong> info@medousaclinique.com<\/p>\n\n\t\t<\/div>\n\t<\/div>\n\n\t\t<div id=\"wd-6207df1399db9\" class=\"title-wrapper wd-wpb wd-set-mb reset-last-child  wd-rs-6207df1399db9 wd-title-color-primary wd-title-style-default text-left  wd-underline-colored\">\n\t\t\t\n\t\t\t<div class=\"liner-continer\">\n\t\t\t\t<h4 class=\"woodmart-title-container title  wd-font-weight- wd-fontsize-l\" >Working Hours<\/h4>\n\t\t\t\t\t\t\t<\/div>\n\t\t\t\n\t\t\t\n\t\t\t\n\t\t<\/div>\n\t\t\n\t\t\n\t<div class=\"wpb_text_column wpb_content_element\" >\n\t\t<div class=\"wpb_wrapper\">\n\t\t\t<p><strong><i class=\"fa-solid fa-clock\"><\/i> Monday \u2013 Friday:<\/strong> 8:00 AM \u2013 8:00 PM<\/p>\n<p><strong><i class=\"fa-solid fa-clock\"><\/i> Saturday :<\/strong> 10:00 AM \u2013 6:00 PM<\/p>\n<p><strong><i class=\"fa-solid fa-clock\"><\/i> Sunday :<\/strong> 10:00 AM \u2013 4:00 PM<\/p>\n\n\t\t<\/div>\n\t<\/div>\n<\/div><\/div><\/div><div class=\"wpb_column vc_column_container vc_col-sm-6\"><div class=\"vc_column-inner\"><div class=\"wpb_wrapper\">\n<div class=\"wpcf7 no-js\" id=\"wpcf7-f1182-o1\" lang=\"en-US\" dir=\"ltr\" data-wpcf7-id=\"1182\">\n<div class=\"screen-reader-response\"><p role=\"status\" aria-live=\"polite\" aria-atomic=\"true\"><\/p> <ul><\/ul><\/div>\n<form action=\"\/uk\/wp-json\/wp\/v2\/pages\/562#wpcf7-f1182-o1\" method=\"post\" class=\"wpcf7-form init\" aria-label=\"Contact form\" novalidate=\"novalidate\" data-status=\"init\">\n<fieldset class=\"hidden-fields-container\"><input type=\"hidden\" name=\"_wpcf7\" value=\"1182\" \/><input type=\"hidden\" name=\"_wpcf7_version\" value=\"6.1.5\" \/><input type=\"hidden\" name=\"_wpcf7_locale\" value=\"en_US\" \/><input type=\"hidden\" name=\"_wpcf7_unit_tag\" value=\"wpcf7-f1182-o1\" \/><input type=\"hidden\" name=\"_wpcf7_container_post\" value=\"0\" \/><input type=\"hidden\" name=\"_wpcf7_posted_data_hash\" value=\"\" \/><input type=\"hidden\" name=\"_wpcf7_recaptcha_response\" value=\"\" \/>\n<\/fieldset>\n<div class=\"page-content anaSayfaForm\">\n\t<p><input type=\"hidden\" name=\"referans\" value=\"Website\" \/><br \/>\n<input type=\"hidden\" name=\"ulke\" value=\"[ulke]\" \/>\n\t<\/p>\n\t<div class=\"page-content\">\n\t\t<h2>Online Consultation\n\t\t<\/h2>\n\t\t<div class=\"vc_row wpb_row row\">\n\t\t\t<div class=\"vc_column_container col-md-4\">\n\t\t\t\t<div class=\"wpb_wrapper vc_column-inner\">\n\t\t\t\t\t<p>Name ( * )<span class=\"wpcf7-form-control-wrap\" data-name=\"adi\"><input size=\"40\" maxlength=\"400\" class=\"wpcf7-form-control wpcf7-text wpcf7-validates-as-required\" aria-required=\"true\" aria-invalid=\"false\" value=\"\" type=\"text\" name=\"adi\" \/><\/span>\n\t\t\t\t\t<\/p>\n\t\t\t\t<\/div>\n\t\t\t<\/div>\n\t\t\t<div class=\"vc_column_container col-md-4\">\n\t\t\t\t<div class=\"wpb_wrapper vc_column-inner\">\n\t\t\t\t\t<p>Surname ( * )<span class=\"wpcf7-form-control-wrap\" data-name=\"soyadi\"><input size=\"40\" maxlength=\"400\" class=\"wpcf7-form-control wpcf7-text wpcf7-validates-as-required\" aria-required=\"true\" aria-invalid=\"false\" value=\"\" type=\"text\" name=\"soyadi\" \/><\/span>\n\t\t\t\t\t<\/p>\n\t\t\t\t<\/div>\n\t\t\t<\/div>\n\t\t\t<div class=\"vc_column_container col-md-4\">\n\t\t\t\t<div class=\"wpb_wrapper vc_column-inner\">\n\t\t\t\t\t<p>E-mail ( * )<span class=\"wpcf7-form-control-wrap\" data-name=\"eposta\"><input size=\"40\" maxlength=\"400\" class=\"wpcf7-form-control wpcf7-email wpcf7-validates-as-required wpcf7-text wpcf7-validates-as-email\" aria-required=\"true\" aria-invalid=\"false\" value=\"\" type=\"email\" name=\"eposta\" \/><\/span>\n\t\t\t\t\t<\/p>\n\t\t\t\t<\/div>\n\t\t\t<\/div>\n\t\t<\/div>\n\t\t<div class=\"vc_row wpb_row row\">\n\t\t\t<div class=\"vc_column_container col-md-6\">\n\t\t\t\t<div class=\"wpb_wrapper vc_column-inner\">\n\t\t\t\t\t<p>Phone ( * )<span class=\"wpcf7-form-control-wrap\" data-name=\"telefon\"><input size=\"40\" class=\"wpcf7-form-control wpcf7-phonetext wpcf7-validates-as-required wpcf7-text wpcf7-validates-as-phonetext\" data-numberonly=\"true\" aria-required=\"true\" aria-invalid=\"false\" value=\"\" type=\"text\" name=\"telefon\" \/><input type=\"hidden\" name=\"telefon-country-code\" class=\"wpcf7-phonetext-country-code\" \/><\/span>\n\t\t\t\t\t<\/p>\n\t\t\t\t<\/div>\n\t\t\t<\/div>\n\t\t\t<div class=\"vc_column_container col-md-6\">\n\t\t\t\t<div class=\"wpb_wrapper vc_column-inner\">\n\t\t\t\t\t<p>Country ( * )<span class=\"wpcf7-form-control-wrap\" data-name=\"ulke\"><input size=\"40\" class=\"wpcf7-form-control wpcf7-countrytext wpcf7-validates-as-required wpcf7-text wpcf7-validates-as-countrytext\" aria-required=\"true\" aria-invalid=\"false\" value=\"\" type=\"text\" name=\"ulke\" \/><\/span>\n\t\t\t\t\t<\/p>\n\t\t\t\t<\/div>\n\t\t\t<\/div>\n\t\t<\/div>\n\t\t<div class=\"vc_row wpb_row row\">\n\t\t\t<div class=\"vc_column_container col-md-12\">\n\t\t\t\t<div class=\"wpb_wrapper vc_column-inner\">\n\t\t\t\t\t<p>Message<span class=\"wpcf7-form-control-wrap\" data-name=\"mesaj\"><textarea cols=\"40\" rows=\"10\" maxlength=\"2000\" class=\"wpcf7-form-control wpcf7-textarea\" aria-invalid=\"false\" name=\"mesaj\"><\/textarea><\/span>\n\t\t\t\t\t<\/p>\n\t\t\t\t<\/div>\n\t\t\t<\/div>\n\t\t<\/div>\n\t\t<div class=\"vc_row wpb_row row\">\n\t\t\t<div class=\"vc_column_container col-md-12\">\n\t\t\t\t<div class=\"wpb_wrapper vc_column-inner\">\n\t\t\t\t\t<p>Select image <span class=\"wpcf7-form-control-wrap\" data-name=\"dosya\"><input size=\"40\" class=\"wpcf7-form-control wpcf7-drag-n-drop-file d-none\" aria-invalid=\"false\" type=\"file\" multiple=\"multiple\" data-name=\"dosya\" data-type=\"jpeg|jpg|png\" data-limit=\"20971520\" data-max=\"3\" data-id=\"1182\" data-version=\"free version 1.3.9.7\" accept=\".jpeg, .jpg, .png\" \/><\/span>\n\t\t\t\t\t<\/p>\n\t\t\t\t\t<p style=\"color:black;font-size:11px;padding-left:3px;\">Max file: 20 MB\n\t\t\t\t\t<\/p>\n\t\t\t\t<\/div>\n\t\t\t<\/div>\n\t\t<\/div>\n\t\t<div class=\"vc_row wpb_row row\">\n\t\t\t<div class=\"vc_column_container col-md-12\">\n\t\t\t\t<div class=\"wpb_wrapper vc_column-inner\">\n\t\t\t\t\t<p>Where did you hear about us? ( * )<span class=\"wpcf7-form-control-wrap\" data-name=\"referance\"><select class=\"wpcf7-form-control wpcf7-select wpcf7-validates-as-required\" aria-required=\"true\" aria-invalid=\"false\" name=\"referance\"><option value=\"\">&#8212;Please choose an option&#8212;<\/option><option value=\"Social Media\">Social Media<\/option><option value=\"Friend Recommendation\">Friend Recommendation<\/option><option value=\"Google Search Engine\">Google Search Engine<\/option><option value=\"Ads\">Ads<\/option><option value=\"Other\">Other<\/option><\/select><\/span>\n\t\t\t\t\t<\/p>\n\t\t\t\t<\/div>\n\t\t\t<\/div>\n\t\t<\/div>\n\t\t<div class=\"vc_row wpb_row row\">\n\t\t\t<div class=\"vc_column_container col-md-12\">\n\t\t\t\t<div class=\"wpb_wrapper vc_column-inner form-button\">\n\t\t\t\t\n\t\t\t\t\t<p><input class=\"wpcf7-form-control wpcf7-submit has-spinner\" type=\"submit\" value=\"Submit\" \/>\n\t\t\t\t\t<\/p>\n\t\t\t\t<\/div>\n\t\t\t<\/div>\n\t\t<\/div>\n\t<\/div>\n<\/div><div class=\"wpcf7-response-output\" aria-hidden=\"true\"><\/div>\n<\/form>\n<\/div>\n<\/div><\/div><\/div><\/div><div data-vc-full-width=\"true\" data-vc-full-width-temp=\"true\" data-vc-full-width-init=\"false\" class=\"vc_row wpb_row vc_row-fluid vc_custom_1645310737283 vc_row-has-fill wd-rs-6211730f4f569\"><div class=\"wpb_column vc_column_container vc_col-sm-12\"><div class=\"vc_column-inner\"><div class=\"wpb_wrapper\"><div class=\"wpb_gmaps_widget wpb_content_element vc_custom_1700203637340\"><div class=\"wpb_wrapper\"><div class=\"wpb_map_wraper\"><iframe src=\"https:\/\/www.google.com\/maps\/embed?pb=!1m14!1m8!1m3!1d3010.209596182431!2d28.8582569!3d41.0206702!3m2!1i1024!2i768!4f13.1!3m3!1m2!1s0x14caa52390f18907%3A0xb27ee12978e5c3a3!2sNarl%C4%B1%20Plaza!5e0!3m2!1sen!2str!4v1700203591426!5m2!1sen!2str\" width=\"600\" height=\"450\" style=\"border:0;\" allowfullscreen=\"\" loading=\"lazy\" referrerpolicy=\"no-referrer-when-downgrade\"><\/iframe><\/div><\/div><\/div><\/div><\/div><\/div><\/div><div class=\"vc_row-full-width vc_clearfix\"><\/div>\n<\/div>","protected":false},"excerpt":{"rendered":"General Information Address: Narl\u0131 Plaza, 1st Floor Yenig\u00fcn Mahallesi, Ba\u011fc\u0131lar Cd. No:181, 34200 Ba\u011fc\u0131lar\/\u0130stanbul Phone: +90 542 103 59 12","protected":false},"author":1,"featured_media":0,"parent":0,"menu_order":0,"comment_status":"closed","ping_status":"closed","template":"","meta":{"footnotes":""},"class_list":["post-562","page","type-page","status-publish","hentry"],"_links":{"self":[{"href":"https:\/\/medousaclinique.com\/uk\/wp-json\/wp\/v2\/pages\/562","targetHints":{"allow":["GET"]}}],"collection":[{"href":"https:\/\/medousaclinique.com\/uk\/wp-json\/wp\/v2\/pages"}],"about":[{"href":"https:\/\/medousaclinique.com\/uk\/wp-json\/wp\/v2\/types\/page"}],"author":[{"embeddable":true,"href":"https:\/\/medousaclinique.com\/uk\/wp-json\/wp\/v2\/users\/1"}],"replies":[{"embeddable":true,"href":"https:\/\/medousaclinique.com\/uk\/wp-json\/wp\/v2\/comments?post=562"}],"version-history":[{"count":24,"href":"https:\/\/medousaclinique.com\/uk\/wp-json\/wp\/v2\/pages\/562\/revisions"}],"predecessor-version":[{"id":3408,"href":"https:\/\/medousaclinique.com\/uk\/wp-json\/wp\/v2\/pages\/562\/revisions\/3408"}],"wp:attachment":[{"href":"https:\/\/medousaclinique.com\/uk\/wp-json\/wp\/v2\/media?parent=562"}],"curies":[{"name":"wp","href":"https:\/\/api.w.org\/{rel}","templated":true}]}}