{"id":476,"date":"2022-02-06T14:49:42","date_gmt":"2022-02-06T14:49:42","guid":{"rendered":"https:\/\/medousaclinique.com\/?page_id=476"},"modified":"2022-02-19T14:46:30","modified_gmt":"2022-02-19T14:46:30","slug":"services","status":"publish","type":"page","link":"https:\/\/medousaclinique.com\/pt\/services\/","title":{"rendered":"Servi\u00e7os"},"content":{"rendered":"<div class=\"wpb-content-wrapper\"><div class=\"vc_row wpb_row vc_row-fluid ust-cikinti wd-rs-61fffa6f69e04\"><div class=\"wpb_column vc_column_container vc_col-sm-12\"><div class=\"vc_column-inner\"><div class=\"wpb_wrapper\"><div class=\"vc_row wpb_row vc_inner vc_row-fluid\"><div class=\"wpb_column about-box vc_column_container vc_col-sm-3 vc_col-xs-6 wd-rs-6211000ab737e\"><div class=\"vc_column-inner\"><div class=\"wpb_wrapper\">\t\t\t<div class=\"info-box-wrapper\">\n\t\t\t\t<div id=\"wd-621101431332e\" class=\"wd-rs-621101431332e wd-info-box wd-wpb text-center box-icon-align-top box-style- color-scheme- wd-bg-none\">\n\t\t\t\t\t\t\t\t\t\t\t<div class=\"box-icon-wrapper  box-with-icon box-icon-simple\">\n\t\t\t\t\t\t\t<div class=\"info-box-icon\">\n\n\t\t\t\t\t\t\t\n\t\t\t\t\t\t\t\t\t\t\t\t\t\t\t\t\t<img loading=\"lazy\" decoding=\"async\" width=\"512\" height=\"512\" src=\"https:\/\/medousaclinique.com\/wp-content\/uploads\/2022\/02\/team.png\" class=\"attachment-90X90 size-90X90\" alt=\"\" srcset=\"https:\/\/medousaclinique.com\/wp-content\/uploads\/2022\/02\/team.png 512w, https:\/\/medousaclinique.com\/wp-content\/uploads\/2022\/02\/team-300x300.png 300w, https:\/\/medousaclinique.com\/wp-content\/uploads\/2022\/02\/team-150x150.png 150w\" sizes=\"auto, (max-width: 512px) 100vw, 512px\" \/>\t\t\t\t\t\t\t\t\t\t\t\t\t\t\t\n\t\t\t\t\t\t\t<\/div>\n\t\t\t\t\t\t<\/div>\n\t\t\t\t\t\t\t\t\t\t<div class=\"info-box-content\">\n\t\t\t\t\t\t<h4 class=\"info-box-title title box-title-style-default wd-fontsize-m\">Sobre n\u00f3s<\/h4>\t\t\t\t\t\t<div class=\"info-box-inner reset-last-child\"><\/div>\n\n\t\t\t\t\t\t\t\t\t\t\t<\/div>\n\n\t\t\t\t\t\t\t\t\t\t\t<a class=\"wd-info-box-link wd-fill\" aria-label=\"Infobox link\" href=\"\/pt\/about-us\/\" title=\"\"><\/a>\n\t\t\t\t\t\n\t\t\t\t\t\t\t\t\t<\/div>\n\t\t\t<\/div>\n\t\t<\/div><\/div><\/div><div class=\"wpb_column vc_column_container vc_col-sm-3 vc_col-xs-6 wd-rs-6211000f7dd10\"><div class=\"vc_column-inner\"><div class=\"wpb_wrapper\">\t\t\t<div class=\"info-box-wrapper\">\n\t\t\t\t<div id=\"wd-6210ffdbbb351\" class=\"wd-rs-6210ffdbbb351 wd-info-box wd-wpb text-center box-icon-align-top box-style- color-scheme- wd-bg-none\">\n\t\t\t\t\t\t\t\t\t\t\t<div class=\"box-icon-wrapper  box-with-icon box-icon-simple\">\n\t\t\t\t\t\t\t<div class=\"info-box-icon\">\n\n\t\t\t\t\t\t\t\n\t\t\t\t\t\t\t\t\t\t\t\t\t\t\t\t\t<img loading=\"lazy\" decoding=\"async\" width=\"512\" height=\"512\" src=\"https:\/\/medousaclinique.com\/wp-content\/uploads\/2022\/02\/target.png\" class=\"attachment-90X90 size-90X90\" alt=\"\" srcset=\"https:\/\/medousaclinique.com\/wp-content\/uploads\/2022\/02\/target.png 512w, https:\/\/medousaclinique.com\/wp-content\/uploads\/2022\/02\/target-300x300.png 300w, https:\/\/medousaclinique.com\/wp-content\/uploads\/2022\/02\/target-150x150.png 150w\" sizes=\"auto, (max-width: 512px) 100vw, 512px\" \/>\t\t\t\t\t\t\t\t\t\t\t\t\t\t\t\n\t\t\t\t\t\t\t<\/div>\n\t\t\t\t\t\t<\/div>\n\t\t\t\t\t\t\t\t\t\t<div class=\"info-box-content\">\n\t\t\t\t\t\t<h4 class=\"info-box-title title box-title-style-default wd-fontsize-m\">Nossa miss\u00e3o<\/h4>\t\t\t\t\t\t<div class=\"info-box-inner reset-last-child\"><\/div>\n\n\t\t\t\t\t\t\t\t\t\t\t<\/div>\n\n\t\t\t\t\t\t\t\t\t\t\t<a class=\"wd-info-box-link wd-fill\" aria-label=\"Infobox link\" href=\"\/pt\/our-mission\/\" title=\"\"><\/a>\n\t\t\t\t\t\n\t\t\t\t\t\t\t\t\t<\/div>\n\t\t\t<\/div>\n\t\t<\/div><\/div><\/div><div class=\"wpb_column vc_column_container vc_col-sm-3 vc_col-xs-6 wd-rs-62110014210b2\"><div class=\"vc_column-inner\"><div class=\"wpb_wrapper\">\t\t\t<div class=\"info-box-wrapper\">\n\t\t\t\t<div id=\"wd-621102bca2132\" class=\"wd-rs-621102bca2132 wd-info-box wd-wpb text-center box-icon-align-top box-style- color-scheme- wd-bg-none\">\n\t\t\t\t\t\t\t\t\t\t\t<div class=\"box-icon-wrapper  box-with-icon box-icon-simple\">\n\t\t\t\t\t\t\t<div class=\"info-box-icon\">\n\n\t\t\t\t\t\t\t\n\t\t\t\t\t\t\t\t\t\t\t\t\t\t\t\t\t<img loading=\"lazy\" decoding=\"async\" width=\"512\" height=\"512\" src=\"https:\/\/medousaclinique.com\/wp-content\/uploads\/2022\/02\/vision.png\" class=\"attachment-90X90 size-90X90\" alt=\"\" srcset=\"https:\/\/medousaclinique.com\/wp-content\/uploads\/2022\/02\/vision.png 512w, https:\/\/medousaclinique.com\/wp-content\/uploads\/2022\/02\/vision-300x300.png 300w, https:\/\/medousaclinique.com\/wp-content\/uploads\/2022\/02\/vision-150x150.png 150w\" sizes=\"auto, (max-width: 512px) 100vw, 512px\" \/>\t\t\t\t\t\t\t\t\t\t\t\t\t\t\t\n\t\t\t\t\t\t\t<\/div>\n\t\t\t\t\t\t<\/div>\n\t\t\t\t\t\t\t\t\t\t<div class=\"info-box-content\">\n\t\t\t\t\t\t<h4 class=\"info-box-title title box-title-style-default wd-fontsize-m\">Nossa vis\u00e3o<\/h4>\t\t\t\t\t\t<div class=\"info-box-inner reset-last-child\"><\/div>\n\n\t\t\t\t\t\t\t\t\t\t\t<\/div>\n\n\t\t\t\t\t\t\t\t\t\t\t<a class=\"wd-info-box-link wd-fill\" aria-label=\"Infobox link\" href=\"\/pt\/our-vision\/\" title=\"\"><\/a>\n\t\t\t\t\t\n\t\t\t\t\t\t\t\t\t<\/div>\n\t\t\t<\/div>\n\t\t<\/div><\/div><\/div><div class=\"wpb_column vc_column_container vc_col-sm-3 vc_col-xs-6 wd-rs-62110018ac5ba\"><div class=\"vc_column-inner\"><div class=\"wpb_wrapper\">\t\t\t<div class=\"info-box-wrapper\">\n\t\t\t\t<div id=\"wd-621102c08aabc\" class=\"wd-rs-621102c08aabc wd-info-box wd-wpb text-center box-icon-align-top box-style- color-scheme- wd-bg-none box-active\">\n\t\t\t\t\t\t\t\t\t\t\t<div class=\"box-icon-wrapper  box-with-icon box-icon-simple\">\n\t\t\t\t\t\t\t<div class=\"info-box-icon\">\n\n\t\t\t\t\t\t\t\n\t\t\t\t\t\t\t\t\t\t\t\t\t\t\t\t\t<img loading=\"lazy\" decoding=\"async\" width=\"512\" height=\"512\" src=\"https:\/\/medousaclinique.com\/wp-content\/uploads\/2022\/02\/customer-service-1.png\" class=\"attachment-90X90 size-90X90\" alt=\"\" srcset=\"https:\/\/medousaclinique.com\/wp-content\/uploads\/2022\/02\/customer-service-1.png 512w, https:\/\/medousaclinique.com\/wp-content\/uploads\/2022\/02\/customer-service-1-300x300.png 300w, https:\/\/medousaclinique.com\/wp-content\/uploads\/2022\/02\/customer-service-1-150x150.png 150w\" sizes=\"auto, (max-width: 512px) 100vw, 512px\" \/>\t\t\t\t\t\t\t\t\t\t\t\t\t\t\t\n\t\t\t\t\t\t\t<\/div>\n\t\t\t\t\t\t<\/div>\n\t\t\t\t\t\t\t\t\t\t<div class=\"info-box-content\">\n\t\t\t\t\t\t<h4 class=\"info-box-title title box-title-style-default wd-fontsize-m\">Servi\u00e7os<\/h4>\t\t\t\t\t\t<div class=\"info-box-inner reset-last-child\"><\/div>\n\n\t\t\t\t\t\t\t\t\t\t\t<\/div>\n\n\t\t\t\t\t\t\t\t\t\t\t<a class=\"wd-info-box-link wd-fill\" aria-label=\"Infobox link\" href=\"\/pt\/services\/\" title=\"\"><\/a>\n\t\t\t\t\t\n\t\t\t\t\t\t\t\t\t<\/div>\n\t\t\t<\/div>\n\t\t<\/div><\/div><\/div><\/div><div class=\"vc_row wpb_row vc_inner vc_row-fluid\"><div class=\"wpb_column vc_column_container vc_col-sm-12\"><div class=\"vc_column-inner\"><div class=\"wpb_wrapper\">\n\t<div class=\"wpb_text_column wpb_content_element\" >\n\t\t<div class=\"wpb_wrapper\">\n\t\t\t<h2 style=\"text-align: center;\">Privil\u00e9gios e itiner\u00e1rio do paciente<\/h2>\n\n\t\t<\/div>\n\t<\/div>\n<\/div><\/div><\/div><\/div><div class=\"vc_row wpb_row vc_inner vc_row-fluid\"><div class=\"wpb_column vc_column_container vc_col-sm-6\"><div class=\"vc_column-inner\"><div class=\"wpb_wrapper\">\n\t<div  class=\"wpb_single_image wpb_content_element vc_align_center\">\n\t\t\n\t\t<figure class=\"wpb_wrapper vc_figure\">\n\t\t\t<div class=\"vc_single_image-wrapper   vc_box_border_grey\"><img loading=\"lazy\" decoding=\"async\" width=\"500\" height=\"275\" src=\"https:\/\/medousaclinique.com\/wp-content\/uploads\/2022\/02\/medousa-clinique-call-us-500x275-1.jpg\" class=\"vc_single_image-img attachment-full\" alt=\"\" title=\"medousa-clinique-call-nos-500x275\" srcset=\"https:\/\/medousaclinique.com\/wp-content\/uploads\/2022\/02\/medousa-clinique-call-us-500x275-1.jpg 500w, https:\/\/medousaclinique.com\/wp-content\/uploads\/2022\/02\/medousa-clinique-call-us-500x275-1-300x165.jpg 300w\" sizes=\"auto, (max-width: 500px) 100vw, 500px\" \/><\/div>\n\t\t<\/figure>\n\t<\/div>\n<\/div><\/div><\/div><div class=\"wpb_column vc_column_container vc_col-sm-6\"><div class=\"vc_column-inner\"><div class=\"wpb_wrapper\">\n\t<div class=\"wpb_text_column wpb_content_element\" >\n\t\t<div class=\"wpb_wrapper\">\n\t\t\t<h3>Entrando em contato conosco<\/h3>\n\n\t\t<\/div>\n\t<\/div>\n\n\t<div class=\"wpb_text_column wpb_content_element\" >\n\t\t<div class=\"wpb_wrapper\">\n\t\t\t<p>A forma mais r\u00e1pida de entrar em contato conosco \u00e9 atrav\u00e9s <a href=\"\/pt\/contact-us\/\">Bate-papo ao vivo ou WhatsApp<\/a>. Voc\u00ea pode optar por nos enviar um formul\u00e1rio ou simplesmente um e-mail. Ao entrar em contato conosco, voc\u00ea pode perguntar sobre qualquer coisa e nos informar sobre seus desejos odontol\u00f3gicos. Voc\u00ea pode enviar suas fotos instant\u00e2neas de esmalte e\/ou fotos instant\u00e2neas de raios-X por meio de todos os canais, incluindo bate-papo ao vivo. Lembre-se de fornecer o maior n\u00famero poss\u00edvel de registros e as fotos de raios-X nos ajudar\u00e3o a fornecer uma cota\u00e7\u00e3o e um plano de tratamento precisos. Voc\u00ea tamb\u00e9m pode solicitar uma consulta por videochamada.<\/p>\n\n\t\t<\/div>\n\t<\/div>\n<\/div><\/div><\/div><\/div><div class=\"vc_row wpb_row vc_inner vc_row-fluid\"><div class=\"wpb_column vc_column_container vc_col-sm-6\"><div class=\"vc_column-inner\"><div class=\"wpb_wrapper\">\n\t<div  class=\"wpb_single_image wpb_content_element vc_align_center\">\n\t\t\n\t\t<figure class=\"wpb_wrapper vc_figure\">\n\t\t\t<div class=\"vc_single_image-wrapper   vc_box_border_grey\"><img loading=\"lazy\" decoding=\"async\" width=\"500\" height=\"275\" src=\"https:\/\/medousaclinique.com\/wp-content\/uploads\/2022\/02\/medousa-clinique-treatment-plan-500x275-1.jpg\" class=\"vc_single_image-img attachment-full\" alt=\"\" title=\"medousa-clinique-treatment-plan-500x275\" srcset=\"https:\/\/medousaclinique.com\/wp-content\/uploads\/2022\/02\/medousa-clinique-treatment-plan-500x275-1.jpg 500w, https:\/\/medousaclinique.com\/wp-content\/uploads\/2022\/02\/medousa-clinique-treatment-plan-500x275-1-300x165.jpg 300w\" sizes=\"auto, (max-width: 500px) 100vw, 500px\" \/><\/div>\n\t\t<\/figure>\n\t<\/div>\n<\/div><\/div><\/div><div class=\"wpb_column vc_column_container vc_col-sm-6\"><div class=\"vc_column-inner\"><div class=\"wpb_wrapper\">\n\t<div class=\"wpb_text_column wpb_content_element\" >\n\t\t<div class=\"wpb_wrapper\">\n\t\t\t<h3>Plano de tratamento e videochamada<\/h3>\n\n\t\t<\/div>\n\t<\/div>\n\n\t<div class=\"wpb_text_column wpb_content_element\" >\n\t\t<div class=\"wpb_wrapper\">\n\t\t\t<p>Se voc\u00ea solicitou uma sess\u00e3o de videochamada, agendaremos uma data o mais r\u00e1pido poss\u00edvel (geralmente no mesmo dia) e um de nossos m\u00e9dicos ligar\u00e1 para voc\u00ea. Voc\u00ea pode compartilhar o status de seus dentes com seu dentista e explicar todas as suas necessidades odontol\u00f3gicas. Juntamente com o seu dentista, voc\u00ea estar\u00e1 se preparando para o seu plano de tratamento adequado. Ap\u00f3s essa liga\u00e7\u00e3o ou seu contato (caso n\u00e3o tenha solicitado uma videochamada), podemos enviar um plano de tratamento detalhado e um or\u00e7amento.<\/p>\n\n\t\t<\/div>\n\t<\/div>\n<\/div><\/div><\/div><\/div><div class=\"vc_row wpb_row vc_inner vc_row-fluid\"><div class=\"wpb_column vc_column_container vc_col-sm-6\"><div class=\"vc_column-inner\"><div class=\"wpb_wrapper\">\n\t<div  class=\"wpb_single_image wpb_content_element vc_align_center\">\n\t\t\n\t\t<figure class=\"wpb_wrapper vc_figure\">\n\t\t\t<div class=\"vc_single_image-wrapper   vc_box_border_grey\"><img loading=\"lazy\" decoding=\"async\" width=\"500\" height=\"275\" src=\"https:\/\/medousaclinique.com\/wp-content\/uploads\/2022\/02\/medousa-clinique-Scheduling-An-Appointment-500x275-1.jpg\" class=\"vc_single_image-img attachment-full\" alt=\"\" title=\"medousa-clinique-agendamento-uma-consulta-500x275\" srcset=\"https:\/\/medousaclinique.com\/wp-content\/uploads\/2022\/02\/medousa-clinique-Scheduling-An-Appointment-500x275-1.jpg 500w, https:\/\/medousaclinique.com\/wp-content\/uploads\/2022\/02\/medousa-clinique-Scheduling-An-Appointment-500x275-1-300x165.jpg 300w\" sizes=\"auto, (max-width: 500px) 100vw, 500px\" \/><\/div>\n\t\t<\/figure>\n\t<\/div>\n<\/div><\/div><\/div><div class=\"wpb_column vc_column_container vc_col-sm-6\"><div class=\"vc_column-inner\"><div class=\"wpb_wrapper\">\n\t<div class=\"wpb_text_column wpb_content_element\" >\n\t\t<div class=\"wpb_wrapper\">\n\t\t\t<h3>Agendando um compromisso<\/h3>\n\n\t\t<\/div>\n\t<\/div>\n\n\t<div class=\"wpb_text_column wpb_content_element\" >\n\t\t<div class=\"wpb_wrapper\">\n\t\t\t<p>Agendar uma consulta para o seu tratamento na Medousa Clinique \u00e9 muito f\u00e1cil. Nossa filial de pacientes internacionais entrar\u00e1 em contato com voc\u00ea para definir uma data apropriada para voc\u00ea. N\u00e3o h\u00e1 per\u00edodo de espera, agendaremos sua consulta para a data exata solicitada ou talvez no segundo dia, mas n\u00e3o depois disso. Valorizamos o tempo do nosso paciente.<\/p>\n\n\t\t<\/div>\n\t<\/div>\n<\/div><\/div><\/div><\/div><div class=\"vc_row wpb_row vc_inner vc_row-fluid\"><div class=\"wpb_column vc_column_container vc_col-sm-6\"><div class=\"vc_column-inner\"><div class=\"wpb_wrapper\">\n\t<div  class=\"wpb_single_image wpb_content_element vc_align_center\">\n\t\t\n\t\t<figure class=\"wpb_wrapper vc_figure\">\n\t\t\t<div class=\"vc_single_image-wrapper   vc_box_border_grey\"><img loading=\"lazy\" decoding=\"async\" width=\"500\" height=\"275\" src=\"https:\/\/medousaclinique.com\/wp-content\/uploads\/2022\/02\/medousa-cliniue-hotel-booking-500x275.jpg.webp\" class=\"vc_single_image-img attachment-full\" alt=\"\" title=\"medousa-cliniue-hotel-booking-500x275.jpg\" srcset=\"https:\/\/medousaclinique.com\/wp-content\/uploads\/2022\/02\/medousa-cliniue-hotel-booking-500x275.jpg.webp 500w, https:\/\/medousaclinique.com\/wp-content\/uploads\/2022\/02\/medousa-cliniue-hotel-booking-500x275.jpg-300x165.webp 300w\" sizes=\"auto, (max-width: 500px) 100vw, 500px\" \/><\/div>\n\t\t<\/figure>\n\t<\/div>\n<\/div><\/div><\/div><div class=\"wpb_column vc_column_container vc_col-sm-6\"><div class=\"vc_column-inner\"><div class=\"wpb_wrapper\">\n\t<div class=\"wpb_text_column wpb_content_element\" >\n\t\t<div class=\"wpb_wrapper\">\n\t\t\t<h3>Reserva de hotel e plano de viagem<\/h3>\n\n\t\t<\/div>\n\t<\/div>\n\n\t<div class=\"wpb_text_column wpb_content_element\" >\n\t\t<div class=\"wpb_wrapper\">\n\t\t\t<p>A nossa equipa ir\u00e1 apoi\u00e1-lo com o seu plano de viagem e reserva de alojamento. Oferecemos as melhores ofertas para nossos pacientes internacionais para reservas de quartos em nossos hot\u00e9is parceiros. Priorizamos o benef\u00edcio de nossos pacientes, pois n\u00e3o recebemos nenhum ganho com sua reserva de hotel. Ao longo do agendamento, enviaremos as ofertas de hot\u00e9is oferecidas e a sele\u00e7\u00e3o de hot\u00e9is para voc\u00ea escolher. E \u00e0 sua escolha, podemos reservar o hotel para voc\u00ea. Voc\u00ea n\u00e3o precisa fazer outra coisa. Seu quarto estar\u00e1 pronto e esperando por voc\u00ea enquanto voc\u00ea chega. Fizemos parceria com hot\u00e9is de quatro e cinco estrelas e garantimos o conforto de nossos pacientes durante toda a estadia em Istambul. Claro, voc\u00ea tem total liberdade para recusar nossa oferta de acomoda\u00e7\u00e3o e reservar por e-mail um hotel de sua escolha.<\/p>\n\n\t\t<\/div>\n\t<\/div>\n<\/div><\/div><\/div><\/div><div class=\"vc_row wpb_row vc_inner vc_row-fluid\"><div class=\"wpb_column vc_column_container vc_col-sm-6\"><div class=\"vc_column-inner\"><div class=\"wpb_wrapper\">\n\t<div  class=\"wpb_single_image wpb_content_element vc_align_center\">\n\t\t\n\t\t<figure class=\"wpb_wrapper vc_figure\">\n\t\t\t<div class=\"vc_single_image-wrapper   vc_box_border_grey\"><img loading=\"lazy\" decoding=\"async\" width=\"500\" height=\"275\" src=\"https:\/\/medousaclinique.com\/wp-content\/uploads\/2022\/02\/medousa-clinique-ariiveld-to-istanbul-500x275.jpg.webp\" class=\"vc_single_image-img attachment-full\" alt=\"\" title=\"medousa-clinique-ariiveld-to-istanbul-500x275.jpg\" srcset=\"https:\/\/medousaclinique.com\/wp-content\/uploads\/2022\/02\/medousa-clinique-ariiveld-to-istanbul-500x275.jpg.webp 500w, https:\/\/medousaclinique.com\/wp-content\/uploads\/2022\/02\/medousa-clinique-ariiveld-to-istanbul-500x275.jpg-300x165.webp 300w\" sizes=\"auto, (max-width: 500px) 100vw, 500px\" \/><\/div>\n\t\t<\/figure>\n\t<\/div>\n<\/div><\/div><\/div><div class=\"wpb_column vc_column_container vc_col-sm-6\"><div class=\"vc_column-inner\"><div class=\"wpb_wrapper\">\n\t<div class=\"wpb_text_column wpb_content_element\" >\n\t\t<div class=\"wpb_wrapper\">\n\t\t\t<h3>Chegada a Istambul<\/h3>\n\n\t\t<\/div>\n\t<\/div>\n\n\t<div class=\"wpb_text_column wpb_content_element\" >\n\t\t<div class=\"wpb_wrapper\">\n\t\t\t<p>Bem-vindo a Istambul! Temos o prazer de t\u00ea-lo aqui como paciente e visitante. voc\u00ea nunca experimentar\u00e1 estar perdido em Istambul. Antes de seu avi\u00e3o pousar, nossa equipe dedicada estar\u00e1 esperando para receb\u00ea-lo no aeroporto quando voc\u00ea chegar. Seu carro VIP ir\u00e1 encant\u00e1-lo, voc\u00ea ser\u00e1 transportado para o hotel sem demora (gratuitamente). Voc\u00ea n\u00e3o perder\u00e1 tempo com traslados do aeroporto ou transporte p\u00fablico para chegar ao seu alojamento.<\/p>\n\n\t\t<\/div>\n\t<\/div>\n<\/div><\/div><\/div><\/div><div class=\"vc_row wpb_row vc_inner vc_row-fluid\"><div class=\"wpb_column vc_column_container vc_col-sm-6\"><div class=\"vc_column-inner\"><div class=\"wpb_wrapper\">\n\t<div  class=\"wpb_single_image wpb_content_element vc_align_center\">\n\t\t\n\t\t<figure class=\"wpb_wrapper vc_figure\">\n\t\t\t<div class=\"vc_single_image-wrapper   vc_box_border_grey\"><img loading=\"lazy\" decoding=\"async\" width=\"500\" height=\"275\" src=\"https:\/\/medousaclinique.com\/wp-content\/uploads\/2022\/02\/medouaa-clinique-treatment-500x275.jpg.webp\" class=\"vc_single_image-img attachment-full\" alt=\"\" title=\"medouaa-clinique-treatment-500x275.jpg\" srcset=\"https:\/\/medousaclinique.com\/wp-content\/uploads\/2022\/02\/medouaa-clinique-treatment-500x275.jpg.webp 500w, https:\/\/medousaclinique.com\/wp-content\/uploads\/2022\/02\/medouaa-clinique-treatment-500x275.jpg-300x165.webp 300w\" sizes=\"auto, (max-width: 500px) 100vw, 500px\" \/><\/div>\n\t\t<\/figure>\n\t<\/div>\n<\/div><\/div><\/div><div class=\"wpb_column vc_column_container vc_col-sm-6\"><div class=\"vc_column-inner\"><div class=\"wpb_wrapper\">\n\t<div class=\"wpb_text_column wpb_content_element\" >\n\t\t<div class=\"wpb_wrapper\">\n\t\t\t<h3>Seu tratamento<\/h3>\n\n\t\t<\/div>\n\t<\/div>\n\n\t<div class=\"wpb_text_column wpb_content_element\" >\n\t\t<div class=\"wpb_wrapper\">\n\t\t\t<p>No dia da sua consulta com nossa institui\u00e7\u00e3o m\u00e9dica, geralmente no dia seguinte, voc\u00ea ser\u00e1 buscado por um de nossos coordenadores internacionais de pacientes em sua pousada. Na cl\u00ednica, voc\u00ea ser\u00e1 recebido por nossos m\u00e9dicos e seu tratamento ser\u00e1 iniciado de acordo com seu plano de tratamento. Ap\u00f3s o tratamento, voc\u00ea ser\u00e1 acompanhado de volta ao seu hotel. Voc\u00ea precisar\u00e1 comparecer ao nosso hospital algumas vezes durante a sua estadia na Turquia, dependendo do seu plano de tratamento. Nossos motoristas estar\u00e3o prontos para busc\u00e1-lo e retornar ao seu hotel em todos os hor\u00e1rios.<\/p>\n\n\t\t<\/div>\n\t<\/div>\n<\/div><\/div><\/div><\/div><div class=\"vc_row wpb_row vc_inner vc_row-fluid\"><div class=\"wpb_column vc_column_container vc_col-sm-6\"><div class=\"vc_column-inner\"><div class=\"wpb_wrapper\">\n\t<div  class=\"wpb_single_image wpb_content_element vc_align_center\">\n\t\t\n\t\t<figure class=\"wpb_wrapper vc_figure\">\n\t\t\t<div class=\"vc_single_image-wrapper   vc_box_border_grey\"><img loading=\"lazy\" decoding=\"async\" width=\"500\" height=\"275\" src=\"https:\/\/medousaclinique.com\/wp-content\/uploads\/2022\/02\/medousa-clinique-istanbul-holiday-500x275.jpg.webp\" class=\"vc_single_image-img attachment-full\" alt=\"\" title=\"medousa-clinique-istanbul-holiday-500x275.jpg\" srcset=\"https:\/\/medousaclinique.com\/wp-content\/uploads\/2022\/02\/medousa-clinique-istanbul-holiday-500x275.jpg.webp 500w, https:\/\/medousaclinique.com\/wp-content\/uploads\/2022\/02\/medousa-clinique-istanbul-holiday-500x275.jpg-300x165.webp 300w\" sizes=\"auto, (max-width: 500px) 100vw, 500px\" \/><\/div>\n\t\t<\/figure>\n\t<\/div>\n<\/div><\/div><\/div><div class=\"wpb_column vc_column_container vc_col-sm-6\"><div class=\"vc_column-inner\"><div class=\"wpb_wrapper\">\n\t<div class=\"wpb_text_column wpb_content_element\" >\n\t\t<div class=\"wpb_wrapper\">\n\t\t\t<h3>F\u00e9rias Est\u00e9ticas e Odontol\u00f3gicas em Istambul<\/h3>\n\n\t\t<\/div>\n\t<\/div>\n\n\t<div class=\"wpb_text_column wpb_content_element\" >\n\t\t<div class=\"wpb_wrapper\">\n\t\t\t<p>Sua jornada para\u00a0<b class=\"jsx-12600171\"><a href=\"https:\/\/en.wikipedia.org\/wiki\/Istanbul\" target=\"_blank\" rel=\"noopener\">Istambul<\/a><\/b>\u00a0ser\u00e1 uma experi\u00eancia inesquec\u00edvel. Istambul \u00e9 uma das cidades mais antigas e hist\u00f3ricas do mundo. \u00c9 a cidade favorita de muitos viajantes, posicionada em continentes separados. Com sua sociedade e bairros multiculturais, onde quer que voc\u00ea v\u00e1, sempre haver\u00e1 algo para se surpreender, sem mencionar a deliciosa culin\u00e1ria turca para se deliciar. A excelente vida noturna de Istambul ultrapassou muitas cidades da regi\u00e3o. Entre os locais hist\u00f3ricos, o B\u00f3sforo, o Pal\u00e1cio de Topkapi, os Museus Hagia Sophia e Karia, a Torre Galata e a Torre da Donzela s\u00e3o apenas alguns dos locais que voc\u00ea pode visitar. Al\u00e9m disso, oferecemos descontos em passeios tur\u00edsticos para nossos pacientes internacionais para que eles aproveitem Istambul ao m\u00e1ximo.<\/p>\n\n\t\t<\/div>\n\t<\/div>\n<\/div><\/div><\/div><\/div><div class=\"vc_row wpb_row vc_inner vc_row-fluid\"><div class=\"wpb_column vc_column_container vc_col-sm-6\"><div class=\"vc_column-inner\"><div class=\"wpb_wrapper\">\n\t<div  class=\"wpb_single_image wpb_content_element vc_align_center\">\n\t\t\n\t\t<figure class=\"wpb_wrapper vc_figure\">\n\t\t\t<div class=\"vc_single_image-wrapper   vc_box_border_grey\"><img loading=\"lazy\" decoding=\"async\" width=\"500\" height=\"275\" src=\"https:\/\/medousaclinique.com\/wp-content\/uploads\/2022\/02\/medousa-clinique-departure-500x275.jpg.webp\" class=\"vc_single_image-img attachment-full\" alt=\"\" title=\"medousa-clinique-departure-500x275.jpg\" srcset=\"https:\/\/medousaclinique.com\/wp-content\/uploads\/2022\/02\/medousa-clinique-departure-500x275.jpg.webp 500w, https:\/\/medousaclinique.com\/wp-content\/uploads\/2022\/02\/medousa-clinique-departure-500x275.jpg-300x165.webp 300w\" sizes=\"auto, (max-width: 500px) 100vw, 500px\" \/><\/div>\n\t\t<\/figure>\n\t<\/div>\n<\/div><\/div><\/div><div class=\"wpb_column vc_column_container vc_col-sm-6\"><div class=\"vc_column-inner\"><div class=\"wpb_wrapper\">\n\t<div class=\"wpb_text_column wpb_content_element\" >\n\t\t<div class=\"wpb_wrapper\">\n\t\t\t<h3>Partida<\/h3>\n\n\t\t<\/div>\n\t<\/div>\n\n\t<div class=\"wpb_text_column wpb_content_element\" >\n\t\t<div class=\"wpb_wrapper\">\n\t\t\t<p>Aconselhamos persistentemente os nossos pacientes a voltarem \u00e0 nossa cl\u00ednica para um check-up final do seu tratamento. Ao final do seu tratamento, iremos solicitar os dados do seu voo para que possamos oferecer uma carona VIP ao aeroporto ap\u00f3s o seu check-out do hotel. Voc\u00ea definitivamente far\u00e1 falta aqui como nosso querido convidado. Boa Viagem!<\/p>\n\n\t\t<\/div>\n\t<\/div>\n<\/div><\/div><\/div><\/div><\/div><\/div><\/div><\/div>\n<\/div>","protected":false},"excerpt":{"rendered":"About Us Our Mission Our Vision Services Patient Privileges and Itinerary Contacting Us The fastest way of contacting us is","protected":false},"author":1,"featured_media":0,"parent":0,"menu_order":0,"comment_status":"closed","ping_status":"closed","template":"","meta":{"footnotes":""},"class_list":["post-476","page","type-page","status-publish","hentry"],"_links":{"self":[{"href":"https:\/\/medousaclinique.com\/pt\/wp-json\/wp\/v2\/pages\/476","targetHints":{"allow":["GET"]}}],"collection":[{"href":"https:\/\/medousaclinique.com\/pt\/wp-json\/wp\/v2\/pages"}],"about":[{"href":"https:\/\/medousaclinique.com\/pt\/wp-json\/wp\/v2\/types\/page"}],"author":[{"embeddable":true,"href":"https:\/\/medousaclinique.com\/pt\/wp-json\/wp\/v2\/users\/1"}],"replies":[{"embeddable":true,"href":"https:\/\/medousaclinique.com\/pt\/wp-json\/wp\/v2\/comments?post=476"}],"version-history":[{"count":10,"href":"https:\/\/medousaclinique.com\/pt\/wp-json\/wp\/v2\/pages\/476\/revisions"}],"predecessor-version":[{"id":3463,"href":"https:\/\/medousaclinique.com\/pt\/wp-json\/wp\/v2\/pages\/476\/revisions\/3463"}],"wp:attachment":[{"href":"https:\/\/medousaclinique.com\/pt\/wp-json\/wp\/v2\/media?parent=476"}],"curies":[{"name":"wp","href":"https:\/\/api.w.org\/{rel}","templated":true}]}}