{"id":1693,"date":"2022-02-19T17:49:53","date_gmt":"2022-02-19T17:49:53","guid":{"rendered":"https:\/\/medousaclinique.com\/?page_id=1693"},"modified":"2022-02-19T17:56:12","modified_gmt":"2022-02-19T17:56:12","slug":"breast-reduction","status":"publish","type":"page","link":"https:\/\/medousaclinique.com\/pt\/aesthetic\/breast-aesthetic\/breast-reduction\/","title":{"rendered":"Redu\u00e7\u00e3o mam\u00e1ria"},"content":{"rendered":"<div class=\"wpb-content-wrapper\"><div class=\"vc_row wpb_row vc_row-fluid ust-cikinti wd-rs-61fffa6f69e04\"><div class=\"wpb_column vc_column_container vc_col-sm-12\"><div class=\"vc_column-inner\"><div class=\"wpb_wrapper\">\n\t<div  class=\"wpb_single_image wpb_content_element vc_align_center\">\n\t\t\n\t\t<figure class=\"wpb_wrapper vc_figure\">\n\t\t\t<div class=\"vc_single_image-wrapper   vc_box_border_grey\"><img loading=\"lazy\" decoding=\"async\" width=\"1000\" height=\"398\" src=\"https:\/\/medousaclinique.com\/wp-content\/uploads\/2022\/02\/Breast-Reduction.jpg\" class=\"vc_single_image-img attachment-full\" alt=\"\" title=\"Breast-Reduction\" srcset=\"https:\/\/medousaclinique.com\/wp-content\/uploads\/2022\/02\/Breast-Reduction.jpg 1000w, https:\/\/medousaclinique.com\/wp-content\/uploads\/2022\/02\/Breast-Reduction-300x119.jpg 300w, https:\/\/medousaclinique.com\/wp-content\/uploads\/2022\/02\/Breast-Reduction-768x306.jpg 768w\" sizes=\"auto, (max-width: 1000px) 100vw, 1000px\" \/><\/div>\n\t\t<\/figure>\n\t<\/div>\n\n\t<div class=\"wpb_text_column wpb_content_element\" >\n\t\t<div class=\"wpb_wrapper\">\n\t\t\t<h2>Breast Reduction<\/h2>\n\n\t\t<\/div>\n\t<\/div>\n\n\t<div class=\"wpb_text_column wpb_content_element\" >\n\t\t<div class=\"wpb_wrapper\">\n\t\t\t<p><strong>Breast Reduction is a procedure to remove excess breast fat, glandular tissue, and skin to achieve an ideal breast size.<\/strong><\/p>\n<p>Sagging and growth of breast tissue can cause both physical and emotional distress for patients.<\/p>\n\n\t\t<\/div>\n\t<\/div>\n\n\t<div class=\"wpb_text_column wpb_content_element\" >\n\t\t<div class=\"wpb_wrapper\">\n\t\t\t<h3>What\u2019s Breast Reduction?<\/h3>\n\n\t\t<\/div>\n\t<\/div>\n\n\t<div class=\"wpb_text_column wpb_content_element\" >\n\t\t<div class=\"wpb_wrapper\">\n\t\t\t<p><strong>The breast is one of the most important organs for women and it plays a major role in increasing or decreasing the confidence of women.<\/strong><\/p>\n<p>Because of the factors such as aging, giving birth, breastfeeding and weight change the breast can be saggy.<\/p>\n\n\t\t<\/div>\n\t<\/div>\n\n\t<div class=\"wpb_text_column wpb_content_element\" >\n\t\t<div class=\"wpb_wrapper\">\n\t\t\t<h4>Am I Good Candidate for Breast Reduction?<\/h4>\n\n\t\t<\/div>\n\t<\/div>\n\n\t<div class=\"wpb_text_column wpb_content_element\" >\n\t\t<div class=\"wpb_wrapper\">\n\t\t\t<p>Women who are older than 18 years old and have no problem or previous complication with anesthesia are suitable for Breast Reduction.<\/p>\n\n\t\t<\/div>\n\t<\/div>\n\n<div class=\"wpcf7 no-js\" id=\"wpcf7-f1182-o1\" lang=\"en-US\" dir=\"ltr\" data-wpcf7-id=\"1182\">\n<div class=\"screen-reader-response\"><p role=\"status\" aria-live=\"polite\" aria-atomic=\"true\"><\/p> <ul><\/ul><\/div>\n<form action=\"\/pt\/wp-json\/wp\/v2\/pages\/1693#wpcf7-f1182-o1\" method=\"post\" class=\"wpcf7-form init\" aria-label=\"Contact form\" novalidate=\"novalidate\" data-status=\"init\">\n<fieldset class=\"hidden-fields-container\"><input type=\"hidden\" name=\"_wpcf7\" value=\"1182\" \/><input type=\"hidden\" name=\"_wpcf7_version\" value=\"6.1.5\" \/><input type=\"hidden\" name=\"_wpcf7_locale\" value=\"en_US\" \/><input type=\"hidden\" name=\"_wpcf7_unit_tag\" value=\"wpcf7-f1182-o1\" \/><input type=\"hidden\" name=\"_wpcf7_container_post\" value=\"0\" \/><input type=\"hidden\" name=\"_wpcf7_posted_data_hash\" value=\"\" \/><input type=\"hidden\" name=\"_wpcf7_recaptcha_response\" value=\"\" \/>\n<\/fieldset>\n<div class=\"page-content anaSayfaForm\">\n\t<p><input type=\"hidden\" name=\"referans\" value=\"Website\" \/><br \/>\n<input type=\"hidden\" name=\"ulke\" value=\"[ulke]\" \/>\n\t<\/p>\n\t<div class=\"page-content\">\n\t\t<h2>Online Consultation\n\t\t<\/h2>\n\t\t<div class=\"vc_row wpb_row row\">\n\t\t\t<div class=\"vc_column_container col-md-4\">\n\t\t\t\t<div class=\"wpb_wrapper vc_column-inner\">\n\t\t\t\t\t<p>Name ( * )<span class=\"wpcf7-form-control-wrap\" data-name=\"adi\"><input size=\"40\" maxlength=\"400\" class=\"wpcf7-form-control wpcf7-text wpcf7-validates-as-required\" aria-required=\"true\" aria-invalid=\"false\" value=\"\" type=\"text\" name=\"adi\" \/><\/span>\n\t\t\t\t\t<\/p>\n\t\t\t\t<\/div>\n\t\t\t<\/div>\n\t\t\t<div class=\"vc_column_container col-md-4\">\n\t\t\t\t<div class=\"wpb_wrapper vc_column-inner\">\n\t\t\t\t\t<p>Surname ( * )<span class=\"wpcf7-form-control-wrap\" data-name=\"soyadi\"><input size=\"40\" maxlength=\"400\" class=\"wpcf7-form-control wpcf7-text wpcf7-validates-as-required\" aria-required=\"true\" aria-invalid=\"false\" value=\"\" type=\"text\" name=\"soyadi\" \/><\/span>\n\t\t\t\t\t<\/p>\n\t\t\t\t<\/div>\n\t\t\t<\/div>\n\t\t\t<div class=\"vc_column_container col-md-4\">\n\t\t\t\t<div class=\"wpb_wrapper vc_column-inner\">\n\t\t\t\t\t<p>E-mail ( * )<span class=\"wpcf7-form-control-wrap\" data-name=\"eposta\"><input size=\"40\" maxlength=\"400\" class=\"wpcf7-form-control wpcf7-email wpcf7-validates-as-required wpcf7-text wpcf7-validates-as-email\" aria-required=\"true\" aria-invalid=\"false\" value=\"\" type=\"email\" name=\"eposta\" \/><\/span>\n\t\t\t\t\t<\/p>\n\t\t\t\t<\/div>\n\t\t\t<\/div>\n\t\t<\/div>\n\t\t<div class=\"vc_row wpb_row row\">\n\t\t\t<div class=\"vc_column_container col-md-6\">\n\t\t\t\t<div class=\"wpb_wrapper vc_column-inner\">\n\t\t\t\t\t<p>Phone ( * )<span class=\"wpcf7-form-control-wrap\" data-name=\"telefon\"><input size=\"40\" class=\"wpcf7-form-control wpcf7-phonetext wpcf7-validates-as-required wpcf7-text wpcf7-validates-as-phonetext\" data-numberonly=\"true\" aria-required=\"true\" aria-invalid=\"false\" value=\"\" type=\"text\" name=\"telefon\" \/><input type=\"hidden\" name=\"telefon-country-code\" class=\"wpcf7-phonetext-country-code\" \/><\/span>\n\t\t\t\t\t<\/p>\n\t\t\t\t<\/div>\n\t\t\t<\/div>\n\t\t\t<div class=\"vc_column_container col-md-6\">\n\t\t\t\t<div class=\"wpb_wrapper vc_column-inner\">\n\t\t\t\t\t<p>Country ( * )<span class=\"wpcf7-form-control-wrap\" data-name=\"ulke\"><input size=\"40\" class=\"wpcf7-form-control wpcf7-countrytext wpcf7-validates-as-required wpcf7-text wpcf7-validates-as-countrytext\" aria-required=\"true\" aria-invalid=\"false\" value=\"\" type=\"text\" name=\"ulke\" \/><\/span>\n\t\t\t\t\t<\/p>\n\t\t\t\t<\/div>\n\t\t\t<\/div>\n\t\t<\/div>\n\t\t<div class=\"vc_row wpb_row row\">\n\t\t\t<div class=\"vc_column_container col-md-12\">\n\t\t\t\t<div class=\"wpb_wrapper vc_column-inner\">\n\t\t\t\t\t<p>Message<span class=\"wpcf7-form-control-wrap\" data-name=\"mesaj\"><textarea cols=\"40\" rows=\"10\" maxlength=\"2000\" class=\"wpcf7-form-control wpcf7-textarea\" aria-invalid=\"false\" name=\"mesaj\"><\/textarea><\/span>\n\t\t\t\t\t<\/p>\n\t\t\t\t<\/div>\n\t\t\t<\/div>\n\t\t<\/div>\n\t\t<div class=\"vc_row wpb_row row\">\n\t\t\t<div class=\"vc_column_container col-md-12\">\n\t\t\t\t<div class=\"wpb_wrapper vc_column-inner\">\n\t\t\t\t\t<p>Select image <span class=\"wpcf7-form-control-wrap\" data-name=\"dosya\"><input size=\"40\" class=\"wpcf7-form-control wpcf7-drag-n-drop-file d-none\" aria-invalid=\"false\" type=\"file\" multiple=\"multiple\" data-name=\"dosya\" data-type=\"jpeg|jpg|png\" data-limit=\"20971520\" data-max=\"3\" data-id=\"1182\" data-version=\"free version 1.3.9.7\" accept=\".jpeg, .jpg, .png\" \/><\/span>\n\t\t\t\t\t<\/p>\n\t\t\t\t\t<p style=\"color:black;font-size:11px;padding-left:3px;\">Max file: 20 MB\n\t\t\t\t\t<\/p>\n\t\t\t\t<\/div>\n\t\t\t<\/div>\n\t\t<\/div>\n\t\t<div class=\"vc_row wpb_row row\">\n\t\t\t<div class=\"vc_column_container col-md-12\">\n\t\t\t\t<div class=\"wpb_wrapper vc_column-inner\">\n\t\t\t\t\t<p>Where did you hear about us? ( * )<span class=\"wpcf7-form-control-wrap\" data-name=\"referance\"><select class=\"wpcf7-form-control wpcf7-select wpcf7-validates-as-required\" aria-required=\"true\" aria-invalid=\"false\" name=\"referance\"><option value=\"\">&#8212;Please choose an option&#8212;<\/option><option value=\"Social Media\">Social Media<\/option><option value=\"Friend Recommendation\">Friend Recommendation<\/option><option value=\"Google Search Engine\">Google Search Engine<\/option><option value=\"Ads\">Ads<\/option><option value=\"Other\">Other<\/option><\/select><\/span>\n\t\t\t\t\t<\/p>\n\t\t\t\t<\/div>\n\t\t\t<\/div>\n\t\t<\/div>\n\t\t<div class=\"vc_row wpb_row row\">\n\t\t\t<div class=\"vc_column_container col-md-12\">\n\t\t\t\t<div class=\"wpb_wrapper vc_column-inner form-button\">\n\t\t\t\t\n\t\t\t\t\t<p><input class=\"wpcf7-form-control wpcf7-submit has-spinner\" type=\"submit\" value=\"Submit\" \/>\n\t\t\t\t\t<\/p>\n\t\t\t\t<\/div>\n\t\t\t<\/div>\n\t\t<\/div>\n\t<\/div>\n<\/div><div class=\"wpcf7-response-output\" aria-hidden=\"true\"><\/div>\n<\/form>\n<\/div>\n<\/div><\/div><\/div><\/div>\n<\/div>","protected":false},"excerpt":{"rendered":"Breast Reduction Breast Reduction is a procedure to remove excess breast fat, glandular tissue, and skin to achieve an ideal","protected":false},"author":1,"featured_media":0,"parent":1680,"menu_order":0,"comment_status":"closed","ping_status":"closed","template":"","meta":{"footnotes":""},"class_list":["post-1693","page","type-page","status-publish","hentry"],"_links":{"self":[{"href":"https:\/\/medousaclinique.com\/pt\/wp-json\/wp\/v2\/pages\/1693","targetHints":{"allow":["GET"]}}],"collection":[{"href":"https:\/\/medousaclinique.com\/pt\/wp-json\/wp\/v2\/pages"}],"about":[{"href":"https:\/\/medousaclinique.com\/pt\/wp-json\/wp\/v2\/types\/page"}],"author":[{"embeddable":true,"href":"https:\/\/medousaclinique.com\/pt\/wp-json\/wp\/v2\/users\/1"}],"replies":[{"embeddable":true,"href":"https:\/\/medousaclinique.com\/pt\/wp-json\/wp\/v2\/comments?post=1693"}],"version-history":[{"count":2,"href":"https:\/\/medousaclinique.com\/pt\/wp-json\/wp\/v2\/pages\/1693\/revisions"}],"predecessor-version":[{"id":1701,"href":"https:\/\/medousaclinique.com\/pt\/wp-json\/wp\/v2\/pages\/1693\/revisions\/1701"}],"up":[{"embeddable":true,"href":"https:\/\/medousaclinique.com\/pt\/wp-json\/wp\/v2\/pages\/1680"}],"wp:attachment":[{"href":"https:\/\/medousaclinique.com\/pt\/wp-json\/wp\/v2\/media?parent=1693"}],"curies":[{"name":"wp","href":"https:\/\/api.w.org\/{rel}","templated":true}]}}