{"id":1680,"date":"2022-02-19T17:37:05","date_gmt":"2022-02-19T17:37:05","guid":{"rendered":"https:\/\/medousaclinique.com\/?page_id=1680"},"modified":"2022-03-09T16:48:01","modified_gmt":"2022-03-09T13:48:01","slug":"breast-aesthetic","status":"publish","type":"page","link":"https:\/\/medousaclinique.com\/pt\/aesthetic\/breast-aesthetic\/","title":{"rendered":"Est\u00e9tica da Mama"},"content":{"rendered":"<div class=\"wpb-content-wrapper\"><div class=\"vc_row wpb_row vc_row-fluid ust-cikinti wd-rs-61fffa6f69e04\"><div class=\"wpb_column vc_column_container vc_col-sm-12\"><div class=\"vc_column-inner\"><div class=\"wpb_wrapper\"><div class=\"vc_row wpb_row vc_inner vc_row-fluid\"><div class=\"wpb_column vc_column_container vc_col-sm-3 vc_col-xs-6 wd-rs-61fef90c40665\"><div class=\"vc_column-inner\"><div class=\"wpb_wrapper\">\t\t\t<div class=\"info-box-wrapper\">\n\t\t\t\t<div id=\"wd-6228afa464657\" class=\"wd-rs-6228afa464657 wd-info-box wd-wpb text-center box-icon-align-top box-style- color-scheme- wd-bg-none with-btn box-btn-static vc_custom_1646833609996\">\n\t\t\t\t\t\t\t\t\t\t\t<div class=\"box-icon-wrapper  box-with-icon box-icon-simple\">\n\t\t\t\t\t\t\t<div class=\"info-box-icon\">\n\n\t\t\t\t\t\t\t\n\t\t\t\t\t\t\t\t\t\t\t\t\t\t\t\t\t<img loading=\"lazy\" decoding=\"async\" width=\"600\" height=\"500\" src=\"https:\/\/medousaclinique.com\/wp-content\/uploads\/2022\/03\/Breast-Augmentation.jpg\" class=\"attachment-800x600 size-800x600\" alt=\"\" srcset=\"https:\/\/medousaclinique.com\/wp-content\/uploads\/2022\/03\/Breast-Augmentation.jpg 600w, https:\/\/medousaclinique.com\/wp-content\/uploads\/2022\/03\/Breast-Augmentation-300x250.jpg 300w\" sizes=\"auto, (max-width: 600px) 100vw, 600px\" \/>\t\t\t\t\t\t\t\t\t\t\t\t\t\t\t\n\t\t\t\t\t\t\t<\/div>\n\t\t\t\t\t\t<\/div>\n\t\t\t\t\t\t\t\t\t\t<div class=\"info-box-content\">\n\t\t\t\t\t\t<h4 class=\"info-box-title title box-title-style-default wd-fontsize-m\">Aumento de mama<\/h4>\t\t\t\t\t\t<div class=\"info-box-inner reset-last-child\"><\/div>\n\n\t\t\t\t\t\t<div class=\"info-btn-wrapper\"><div id=\"wd-69e5ade7c51ac\" class=\"wd-button-wrapper text-center\"><a href=\"\/pt\/aesthetic\/breast-aesthetic\/breast-augmentation\/\" title=\"\" class=\"btn btn-style-bordered btn-shape-semi-round btn-size-default\">Consulte Mais informa\u00e7\u00e3o...<\/a><\/div><\/div>\t\t\t\t\t<\/div>\n\n\t\t\t\t\t\n\t\t\t\t\t\t\t\t\t<\/div>\n\t\t\t<\/div>\n\t\t<\/div><\/div><\/div><div class=\"wpb_column vc_column_container vc_col-sm-3 vc_col-xs-6 wd-rs-620946a79d16c\"><div class=\"vc_column-inner\"><div class=\"wpb_wrapper\">\t\t\t<div class=\"info-box-wrapper\">\n\t\t\t\t<div id=\"wd-6228aff20ec4a\" class=\"wd-rs-6228aff20ec4a wd-info-box wd-wpb text-center box-icon-align-top box-style- color-scheme- wd-bg-none with-btn box-btn-static vc_custom_1646833668858\">\n\t\t\t\t\t\t\t\t\t\t\t<div class=\"box-icon-wrapper  box-with-icon box-icon-simple\">\n\t\t\t\t\t\t\t<div class=\"info-box-icon\">\n\n\t\t\t\t\t\t\t\n\t\t\t\t\t\t\t\t\t\t\t\t\t\t\t\t\t<img loading=\"lazy\" decoding=\"async\" width=\"600\" height=\"500\" src=\"https:\/\/medousaclinique.com\/wp-content\/uploads\/2022\/03\/Breast-Reduction.jpg\" class=\"attachment-800x600 size-800x600\" alt=\"\" srcset=\"https:\/\/medousaclinique.com\/wp-content\/uploads\/2022\/03\/Breast-Reduction.jpg 600w, https:\/\/medousaclinique.com\/wp-content\/uploads\/2022\/03\/Breast-Reduction-300x250.jpg 300w\" sizes=\"auto, (max-width: 600px) 100vw, 600px\" \/>\t\t\t\t\t\t\t\t\t\t\t\t\t\t\t\n\t\t\t\t\t\t\t<\/div>\n\t\t\t\t\t\t<\/div>\n\t\t\t\t\t\t\t\t\t\t<div class=\"info-box-content\">\n\t\t\t\t\t\t<h4 class=\"info-box-title title box-title-style-default wd-fontsize-m\">Redu\u00e7\u00e3o mam\u00e1ria<\/h4>\t\t\t\t\t\t<div class=\"info-box-inner reset-last-child\"><\/div>\n\n\t\t\t\t\t\t<div class=\"info-btn-wrapper\"><div id=\"wd-69e5ade7c8214\" class=\"wd-button-wrapper text-center\"><a href=\"\/pt\/aesthetic\/breast-aesthetic\/breast-reduction\/\" title=\"\" class=\"btn btn-style-bordered btn-shape-semi-round btn-size-default\">Consulte Mais informa\u00e7\u00e3o...<\/a><\/div><\/div>\t\t\t\t\t<\/div>\n\n\t\t\t\t\t\n\t\t\t\t\t\t\t\t\t<\/div>\n\t\t\t<\/div>\n\t\t<\/div><\/div><\/div><div class=\"wpb_column vc_column_container vc_col-sm-3 vc_col-xs-6 wd-rs-62112ab8c91f3\"><div class=\"vc_column-inner\"><div class=\"wpb_wrapper\">\t\t\t<div class=\"info-box-wrapper\">\n\t\t\t\t<div id=\"wd-6228afe6c27e8\" class=\"wd-rs-6228afe6c27e8 wd-info-box wd-wpb text-center box-icon-align-top box-style- color-scheme- wd-bg-none with-btn box-btn-static vc_custom_1646833648293\">\n\t\t\t\t\t\t\t\t\t\t\t<div class=\"box-icon-wrapper  box-with-icon box-icon-simple\">\n\t\t\t\t\t\t\t<div class=\"info-box-icon\">\n\n\t\t\t\t\t\t\t\n\t\t\t\t\t\t\t\t\t\t\t\t\t\t\t\t\t<img loading=\"lazy\" decoding=\"async\" width=\"600\" height=\"500\" src=\"https:\/\/medousaclinique.com\/wp-content\/uploads\/2022\/03\/Mastopexy.jpg\" class=\"attachment-800x600 size-800x600\" alt=\"\" srcset=\"https:\/\/medousaclinique.com\/wp-content\/uploads\/2022\/03\/Mastopexy.jpg 600w, https:\/\/medousaclinique.com\/wp-content\/uploads\/2022\/03\/Mastopexy-300x250.jpg 300w\" sizes=\"auto, (max-width: 600px) 100vw, 600px\" \/>\t\t\t\t\t\t\t\t\t\t\t\t\t\t\t\n\t\t\t\t\t\t\t<\/div>\n\t\t\t\t\t\t<\/div>\n\t\t\t\t\t\t\t\t\t\t<div class=\"info-box-content\">\n\t\t\t\t\t\t<h4 class=\"info-box-title title box-title-style-default wd-fontsize-m\">Mastopexia<\/h4>\t\t\t\t\t\t<div class=\"info-box-inner reset-last-child\"><\/div>\n\n\t\t\t\t\t\t<div class=\"info-btn-wrapper\"><div id=\"wd-69e5ade7c8933\" class=\"wd-button-wrapper text-center\"><a href=\"\/pt\/aesthetic\/breast-aesthetic\/mastopexy\/\" title=\"\" class=\"btn btn-style-bordered btn-shape-semi-round btn-size-default\">Consulte Mais informa\u00e7\u00e3o...<\/a><\/div><\/div>\t\t\t\t\t<\/div>\n\n\t\t\t\t\t\n\t\t\t\t\t\t\t\t\t<\/div>\n\t\t\t<\/div>\n\t\t<\/div><\/div><\/div><div class=\"wpb_column vc_column_container vc_col-sm-3 vc_col-xs-6 wd-rs-62112abccac1b\"><div class=\"vc_column-inner\"><div class=\"wpb_wrapper\">\t\t\t<div class=\"info-box-wrapper\">\n\t\t\t\t<div id=\"wd-6228b006dce3b\" class=\"wd-rs-6228b006dce3b wd-info-box wd-wpb text-center box-icon-align-top box-style- color-scheme- wd-bg-none with-btn box-btn-static vc_custom_1646833679901\">\n\t\t\t\t\t\t\t\t\t\t\t<div class=\"box-icon-wrapper  box-with-icon box-icon-simple\">\n\t\t\t\t\t\t\t<div class=\"info-box-icon\">\n\n\t\t\t\t\t\t\t\n\t\t\t\t\t\t\t\t\t\t\t\t\t\t\t\t\t<img loading=\"lazy\" decoding=\"async\" width=\"600\" height=\"500\" src=\"https:\/\/medousaclinique.com\/wp-content\/uploads\/2022\/03\/Gynaecomastia.jpg\" class=\"attachment-800x600 size-800x600\" alt=\"\" srcset=\"https:\/\/medousaclinique.com\/wp-content\/uploads\/2022\/03\/Gynaecomastia.jpg 600w, https:\/\/medousaclinique.com\/wp-content\/uploads\/2022\/03\/Gynaecomastia-300x250.jpg 300w\" sizes=\"auto, (max-width: 600px) 100vw, 600px\" \/>\t\t\t\t\t\t\t\t\t\t\t\t\t\t\t\n\t\t\t\t\t\t\t<\/div>\n\t\t\t\t\t\t<\/div>\n\t\t\t\t\t\t\t\t\t\t<div class=\"info-box-content\">\n\t\t\t\t\t\t<h4 class=\"info-box-title title box-title-style-default wd-fontsize-m\">Ginecomastia<\/h4>\t\t\t\t\t\t<div class=\"info-box-inner reset-last-child\"><\/div>\n\n\t\t\t\t\t\t<div class=\"info-btn-wrapper\"><div id=\"wd-69e5ade7c8f46\" class=\"wd-button-wrapper text-center\"><a href=\"\/pt\/aesthetic\/breast-aesthetic\/gynaecomastia\/\" title=\"\" class=\"btn btn-style-bordered btn-shape-semi-round btn-size-default\">Consulte Mais informa\u00e7\u00e3o...<\/a><\/div><\/div>\t\t\t\t\t<\/div>\n\n\t\t\t\t\t\n\t\t\t\t\t\t\t\t\t<\/div>\n\t\t\t<\/div>\n\t\t<\/div><\/div><\/div><\/div><\/div><\/div><\/div><\/div>\n<\/div>","protected":false},"excerpt":{"rendered":"Breast Augmentation Read More... Breast Reduction Read More... Mastopexy Read More... Gynaecomastia Read More...","protected":false},"author":1,"featured_media":0,"parent":2018,"menu_order":0,"comment_status":"closed","ping_status":"closed","template":"","meta":{"footnotes":""},"class_list":["post-1680","page","type-page","status-publish","hentry"],"_links":{"self":[{"href":"https:\/\/medousaclinique.com\/pt\/wp-json\/wp\/v2\/pages\/1680","targetHints":{"allow":["GET"]}}],"collection":[{"href":"https:\/\/medousaclinique.com\/pt\/wp-json\/wp\/v2\/pages"}],"about":[{"href":"https:\/\/medousaclinique.com\/pt\/wp-json\/wp\/v2\/types\/page"}],"author":[{"embeddable":true,"href":"https:\/\/medousaclinique.com\/pt\/wp-json\/wp\/v2\/users\/1"}],"replies":[{"embeddable":true,"href":"https:\/\/medousaclinique.com\/pt\/wp-json\/wp\/v2\/comments?post=1680"}],"version-history":[{"count":7,"href":"https:\/\/medousaclinique.com\/pt\/wp-json\/wp\/v2\/pages\/1680\/revisions"}],"predecessor-version":[{"id":2903,"href":"https:\/\/medousaclinique.com\/pt\/wp-json\/wp\/v2\/pages\/1680\/revisions\/2903"}],"up":[{"embeddable":true,"href":"https:\/\/medousaclinique.com\/pt\/wp-json\/wp\/v2\/pages\/2018"}],"wp:attachment":[{"href":"https:\/\/medousaclinique.com\/pt\/wp-json\/wp\/v2\/media?parent=1680"}],"curies":[{"name":"wp","href":"https:\/\/api.w.org\/{rel}","templated":true}]}}