{"id":1258,"date":"2022-02-13T18:24:53","date_gmt":"2022-02-13T18:24:53","guid":{"rendered":"https:\/\/medousaclinique.com\/?page_id=1258"},"modified":"2022-11-04T17:13:07","modified_gmt":"2022-11-04T14:13:07","slug":"dental","status":"publish","type":"page","link":"https:\/\/medousaclinique.com\/pt\/dental\/","title":{"rendered":"Dental"},"content":{"rendered":"<div class=\"wpb-content-wrapper\"><div class=\"vc_row wpb_row vc_row-fluid ust-cikinti wd-rs-61fffa6f69e04\"><div class=\"wpb_column vc_column_container vc_col-sm-12\"><div class=\"vc_column-inner\"><div class=\"wpb_wrapper\"><div class=\"vc_row wpb_row vc_inner vc_row-fluid\"><div class=\"wpb_column vc_column_container vc_col-sm-3 vc_col-xs-6 wd-rs-61fef90c40665\"><div class=\"vc_column-inner\"><div class=\"wpb_wrapper\">\t\t\t<div class=\"info-box-wrapper\">\n\t\t\t\t<div id=\"wd-62283c5abf728\" class=\"wd-rs-62283c5abf728 wd-info-box wd-wpb text-center box-icon-align-top box-style- color-scheme- wd-bg-none with-btn box-btn-static vc_custom_1646804065833\">\n\t\t\t\t\t\t\t\t\t\t\t<div class=\"box-icon-wrapper  box-with-icon box-icon-simple\">\n\t\t\t\t\t\t\t<div class=\"info-box-icon\">\n\n\t\t\t\t\t\t\t\n\t\t\t\t\t\t\t\t\t\t\t\t\t\t\t\t\t<img loading=\"lazy\" decoding=\"async\" width=\"600\" height=\"500\" src=\"https:\/\/medousaclinique.com\/wp-content\/uploads\/2022\/03\/Dental-Implants.jpg\" class=\"attachment-800x600 size-800x600\" alt=\"\" srcset=\"https:\/\/medousaclinique.com\/wp-content\/uploads\/2022\/03\/Dental-Implants.jpg 600w, https:\/\/medousaclinique.com\/wp-content\/uploads\/2022\/03\/Dental-Implants-300x250.jpg 300w\" sizes=\"auto, (max-width: 600px) 100vw, 600px\" \/>\t\t\t\t\t\t\t\t\t\t\t\t\t\t\t\n\t\t\t\t\t\t\t<\/div>\n\t\t\t\t\t\t<\/div>\n\t\t\t\t\t\t\t\t\t\t<div class=\"info-box-content\">\n\t\t\t\t\t\t<h4 class=\"info-box-title title box-title-style-default wd-fontsize-m\">Implantes dent\u00e1rios<\/h4>\t\t\t\t\t\t<div class=\"info-box-inner reset-last-child\"><\/div>\n\n\t\t\t\t\t\t<div class=\"info-btn-wrapper\"><div id=\"wd-69e5ae1a509a8\" class=\"wd-button-wrapper text-center\"><a href=\"\/pt\/dental\/dental-implants\/\" title=\"\" class=\"btn btn-style-bordered btn-shape-semi-round btn-size-default\">Consulte Mais informa\u00e7\u00e3o...<\/a><\/div><\/div>\t\t\t\t\t<\/div>\n\n\t\t\t\t\t\n\t\t\t\t\t\t\t\t\t<\/div>\n\t\t\t<\/div>\n\t\t<\/div><\/div><\/div><div class=\"wpb_column vc_column_container vc_col-sm-3 vc_col-xs-6 wd-rs-620946a79d16c\"><div class=\"vc_column-inner\"><div class=\"wpb_wrapper\">\t\t\t<div class=\"info-box-wrapper\">\n\t\t\t\t<div id=\"wd-62283c65063f9\" class=\"wd-rs-62283c65063f9 wd-info-box wd-wpb text-center box-icon-align-top box-style- color-scheme- wd-bg-none with-btn box-btn-static vc_custom_1646804074513\">\n\t\t\t\t\t\t\t\t\t\t\t<div class=\"box-icon-wrapper  box-with-icon box-icon-simple\">\n\t\t\t\t\t\t\t<div class=\"info-box-icon\">\n\n\t\t\t\t\t\t\t\n\t\t\t\t\t\t\t\t\t\t\t\t\t\t\t\t\t<img loading=\"lazy\" decoding=\"async\" width=\"600\" height=\"500\" src=\"https:\/\/medousaclinique.com\/wp-content\/uploads\/2022\/03\/Teeth-Whitening.jpg\" class=\"attachment-800x600 size-800x600\" alt=\"\" srcset=\"https:\/\/medousaclinique.com\/wp-content\/uploads\/2022\/03\/Teeth-Whitening.jpg 600w, https:\/\/medousaclinique.com\/wp-content\/uploads\/2022\/03\/Teeth-Whitening-300x250.jpg 300w\" sizes=\"auto, (max-width: 600px) 100vw, 600px\" \/>\t\t\t\t\t\t\t\t\t\t\t\t\t\t\t\n\t\t\t\t\t\t\t<\/div>\n\t\t\t\t\t\t<\/div>\n\t\t\t\t\t\t\t\t\t\t<div class=\"info-box-content\">\n\t\t\t\t\t\t<h4 class=\"info-box-title title box-title-style-default wd-fontsize-m\">Clareamento dos dentes<\/h4>\t\t\t\t\t\t<div class=\"info-box-inner reset-last-child\"><\/div>\n\n\t\t\t\t\t\t<div class=\"info-btn-wrapper\"><div id=\"wd-69e5ae1a51113\" class=\"wd-button-wrapper text-center\"><a href=\"\/pt\/dental\/teeth-whitening-bleaching\/\" title=\"\" class=\"btn btn-style-bordered btn-shape-semi-round btn-size-default\">Consulte Mais informa\u00e7\u00e3o...<\/a><\/div><\/div>\t\t\t\t\t<\/div>\n\n\t\t\t\t\t\n\t\t\t\t\t\t\t\t\t<\/div>\n\t\t\t<\/div>\n\t\t<\/div><\/div><\/div><div class=\"wpb_column vc_column_container vc_col-sm-3 vc_col-xs-6 wd-rs-620946ac939ec\"><div class=\"vc_column-inner\"><div class=\"wpb_wrapper\">\t\t\t<div class=\"info-box-wrapper\">\n\t\t\t\t<div id=\"wd-62283c6d2658a\" class=\"wd-rs-62283c6d2658a wd-info-box wd-wpb text-center box-icon-align-top box-style- color-scheme- wd-bg-none with-btn box-btn-static vc_custom_1646804083085\">\n\t\t\t\t\t\t\t\t\t\t\t<div class=\"box-icon-wrapper  box-with-icon box-icon-simple\">\n\t\t\t\t\t\t\t<div class=\"info-box-icon\">\n\n\t\t\t\t\t\t\t\n\t\t\t\t\t\t\t\t\t\t\t\t\t\t\t\t\t<img loading=\"lazy\" decoding=\"async\" width=\"600\" height=\"500\" src=\"https:\/\/medousaclinique.com\/wp-content\/uploads\/2022\/03\/Zirconium-Crowning.jpg\" class=\"attachment-800x600 size-800x600\" alt=\"\" srcset=\"https:\/\/medousaclinique.com\/wp-content\/uploads\/2022\/03\/Zirconium-Crowning.jpg 600w, https:\/\/medousaclinique.com\/wp-content\/uploads\/2022\/03\/Zirconium-Crowning-300x250.jpg 300w\" sizes=\"auto, (max-width: 600px) 100vw, 600px\" \/>\t\t\t\t\t\t\t\t\t\t\t\t\t\t\t\n\t\t\t\t\t\t\t<\/div>\n\t\t\t\t\t\t<\/div>\n\t\t\t\t\t\t\t\t\t\t<div class=\"info-box-content\">\n\t\t\t\t\t\t<h4 class=\"info-box-title title box-title-style-default wd-fontsize-m\">Coroa\u00e7\u00e3o de zirc\u00f4nio<\/h4>\t\t\t\t\t\t<div class=\"info-box-inner reset-last-child\"><\/div>\n\n\t\t\t\t\t\t<div class=\"info-btn-wrapper\"><div id=\"wd-69e5ae1a51911\" class=\"wd-button-wrapper text-center\"><a href=\"\/pt\/dental\/zirconium-crowning\/\" title=\"\" class=\"btn btn-style-bordered btn-shape-semi-round btn-size-default\">Consulte Mais informa\u00e7\u00e3o...<\/a><\/div><\/div>\t\t\t\t\t<\/div>\n\n\t\t\t\t\t\n\t\t\t\t\t\t\t\t\t<\/div>\n\t\t\t<\/div>\n\t\t<\/div><\/div><\/div><div class=\"wpb_column vc_column_container vc_col-sm-3 vc_col-xs-6 wd-rs-620946b0d34e1\"><div class=\"vc_column-inner\"><div class=\"wpb_wrapper\">\t\t\t<div class=\"info-box-wrapper\">\n\t\t\t\t<div id=\"wd-62283c76109ac\" class=\"wd-rs-62283c76109ac wd-info-box wd-wpb text-center box-icon-align-top box-style- color-scheme- wd-bg-none with-btn box-btn-static vc_custom_1646804091711\">\n\t\t\t\t\t\t\t\t\t\t\t<div class=\"box-icon-wrapper  box-with-icon box-icon-simple\">\n\t\t\t\t\t\t\t<div class=\"info-box-icon\">\n\n\t\t\t\t\t\t\t\n\t\t\t\t\t\t\t\t\t\t\t\t\t\t\t\t\t<img loading=\"lazy\" decoding=\"async\" width=\"600\" height=\"500\" src=\"https:\/\/medousaclinique.com\/wp-content\/uploads\/2022\/03\/Laminate-Veneer.jpg\" class=\"attachment-800x600 size-800x600\" alt=\"\" srcset=\"https:\/\/medousaclinique.com\/wp-content\/uploads\/2022\/03\/Laminate-Veneer.jpg 600w, https:\/\/medousaclinique.com\/wp-content\/uploads\/2022\/03\/Laminate-Veneer-300x250.jpg 300w\" sizes=\"auto, (max-width: 600px) 100vw, 600px\" \/>\t\t\t\t\t\t\t\t\t\t\t\t\t\t\t\n\t\t\t\t\t\t\t<\/div>\n\t\t\t\t\t\t<\/div>\n\t\t\t\t\t\t\t\t\t\t<div class=\"info-box-content\">\n\t\t\t\t\t\t<h4 class=\"info-box-title title box-title-style-default wd-fontsize-m\">folheado laminado<\/h4>\t\t\t\t\t\t<div class=\"info-box-inner reset-last-child\"><\/div>\n\n\t\t\t\t\t\t<div class=\"info-btn-wrapper\"><div id=\"wd-69e5ae1a520fa\" class=\"wd-button-wrapper text-center\"><a href=\"\/pt\/dental\/laminate-veneer\/\" title=\"\" class=\"btn btn-style-bordered btn-shape-semi-round btn-size-default\">Consulte Mais informa\u00e7\u00e3o...<\/a><\/div><\/div>\t\t\t\t\t<\/div>\n\n\t\t\t\t\t\n\t\t\t\t\t\t\t\t\t<\/div>\n\t\t\t<\/div>\n\t\t<\/div><\/div><\/div><\/div>\n\t<div class=\"wpb_text_column wpb_content_element\" >\n\t\t<div class=\"wpb_wrapper\">\n\t\t\t<h2>Calculadora de Custos Odontol\u00f3gicos<\/h2>\n\n\t\t<\/div>\n\t<\/div>\n\n\t<div class=\"wpb_text_column wpb_content_element\" >\n\t\t<div class=\"wpb_wrapper\">\n\t\t\t<div class=\"btQuoteBooking hesaplama btQuoteBookingWithoutColor c69e5ae1a52c35\"  data-admin_email=\"\" data-cf7_id=\"\" data-email_client=\"\" data-email_gdpr=\"\" data-email_gdpr_text=\"\" data-email_gdpr_not_text=\"\" data-email_rtl=\"\" data-currency=\"\u20ac\" data-currency_after=\"\" data-currency_space=\"yes\" data-url_confirmation=\"\" data-url_ajax=\"https:\/\/medousaclinique.com\/wp-admin\/admin-ajax.php\" data-subject=\"\" data-email_header=\"\" data-email_footer=\"\" data-date_text=\"Preferred Service Date\" data-time_text=\"Preferred Service Time\" data-message_please_wait=\"Please wait...\" data-message_success=\"Thank you, we will contact you soon!\" data-message_error=\"Error! Please try again later.\" data-message_mandatory=\"Please fill out all required fields.\" data-rec_secret_key=\"\" data-total_text=\"Total\" data-total_format=\"currency_1\" data-total_decimals=\"2\" data-date_format=\"mm\/dd\/yy\" data-bt_cc_nonce=\"d336024d78\" data-hide_total=\"\"><div class=\"btQuoteBookingWrap\"><div class=\"btQuoteBookingForm btActive\"><style>\na.icerigegit {\n    position: fixed;\n    top: 25%;\n    right: 15px;\n}\n<\/style>\n\n<h1><a href=\"#hesaplama\" class=\"icerigegit\" style=\"width: 50px;    height: 50px;    line-height: 50px;    border-radius: 50%;    -moz-border-radius: 50%;    -webkit-border-radius: 50%;    text-align: center;    color: white;    font-size: 38px;    text-transform: uppercase;    font-weight: 700;    margin: 0 auto 40px;    background: #213e5469;    z-index: 99999;\" title=\"Calculator\">+<\/a><\/h1>\n\n<div class=\"btQuoteGBlock\" data-eval=\"dmFyIGltcGxhbnRfcXVhbnRpdHkgPSAkMTsKdmFyIGJyYW5kID0gJDI7CnZhciBjaGVja19pZl95b3VfbmVlZF9zaW51c19saWZ0aW5nX3RyZWF0bWVudD0gJDI1MDsKCnZhciBmaW5hbF9yZXMgPSAwOwoKdmFyIGZpbmFsX3JlcyA9IGltcGxhbnRfcXVhbnRpdHkgKiBicmFuZCArIGNoZWNrX2lmX3lvdV9uZWVkX3NpbnVzX2xpZnRpbmdfdHJlYXRtZW50OwoKc2V0U3VidG90YWwoICdzdWJ0b3RhbF8wMScsIGZpbmFsX3JlcyApOwoKcmV0dXJuIGZpbmFsX3Jlczs=\" data-paypal_label=\"\" id=\"hesaplama\" ><h4>Implantes Dent\u00e1rios e Procedimentos Relacionados<\/h4><b>Quantos implantes voc\u00ea precisa?<\/b><div class=\"btQuoteItem\" id=\"btQuoteItem69e5ae1a52e6f\" ><label>Quantidade de Implantes<\/label>\n\t\t<div class=\"btQuoteItemInput\"><div class=\"btQuoteSlider btQuoteElement\" data-value=\"0\"  data-initial-value=\"0\" data-min=\"0\" data-max=\"24\" data-step=\"1\" data-price=\"1\" data-offset=\"0\" data-condition=\"\"><\/div><span class=\"btQuoteSliderValue\">0<\/span><\/div><\/div><div class=\"btQuoteItem\" id=\"btQuoteItem69e5ae1a52f4b\" ><label>Marca<\/label>\n\t\t<div class=\"btQuoteItemInput\"><div id=\"69e5ae1a52f93W815\" class=\"btQuoteSelect btContactField btDropDown btQuoteElement\" data-condition=\"\" data-initial-value=\"3\"><\/div><\/div><\/div><div class=\"btQuoteItem\" id=\"btQuoteItem69e5ae1a5307c\" ><label>Verifique se voc\u00ea precisa de tratamento de eleva\u00e7\u00e3o do seio<\/label>\n\t\t<div class=\"btQuoteItemInput\"><div class=\"btQuoteSwitch btQuoteElement\" data-off=\"0\" data-on=\"250\" data-condition=\"\" data-initial-value=\"Off\"><div class=\"btQuoteSwitchInner\"><\/div><\/div><div class=\"btQuoteItemDescription\">Eleva\u00e7\u00e3o do seio (o custo do enxerto \u00f3sseo n\u00e3o est\u00e1 inclu\u00eddo, s\u00f3 pode ser determinado ap\u00f3s o exame de raio-x\/tomografia dos dentes)<\/div><\/div><\/div><div id=\"btSubtotalIdsubtotal_01\" class=\"btQuoteSubtotal\" data-label=\"Dental Implants &amp; Related Procedures Subtotal\"><span class=\"btQuoteSubtotalText\">Subtotal de Implantes Dent\u00e1rios e Procedimentos Relacionados<\/span><span class=\"btQuoteSubtotalCalc\"><\/span><\/div><\/div><div class=\"bt_cc_separator bt_cc_top_spacing_normal bt_cc_bottom_spacing_normal bt_cc_border_style_solid\" id=\"bt_cc_separator69e5ae1a53163\" ><\/div><div class=\"btQuoteGBlock\" data-eval=\"dmFyIGNyb3duX3F1YW50aXR5ID0gJDE7CnZhciBjcm93bl90eXBlID0gJDI7Cgp2YXIgZmluYWxfcmVzID0gMDsKCnZhciBmaW5hbF9yZXMgPSBjcm93bl9xdWFudGl0eSAqIGNyb3duX3R5cGU7CgpzZXRTdWJ0b3RhbCggJ3N1YnRvdGFsXzAyJywgZmluYWxfcmVzICk7CgpyZXR1cm4gZmluYWxfcmVzOw==\" data-paypal_label=\"\" id=\"btQuoteItem69e5ae1a5317a\" ><h4>coroas dent\u00e1rias<\/h4><b>Quantas coroas voc\u00ea precisa?<\/b><div class=\"btQuoteItem\" id=\"btQuoteItem69e5ae1a5323e\" ><label>Coroa Quantidade<\/label>\n\t\t<div class=\"btQuoteItemInput\"><div class=\"btQuoteSlider btQuoteElement\" data-value=\"1\"  data-initial-value=\"1\" data-min=\"0\" data-max=\"32\" data-step=\"1\" data-price=\"1\" data-offset=\"0\" data-condition=\"\"><\/div><span class=\"btQuoteSliderValue\">1<\/span><\/div><\/div><div class=\"btQuoteItem\" id=\"btQuoteItem69e5ae1a53319\" ><label>Tipo de coroa<\/label>\n\t\t<div class=\"btQuoteItemInput\"><div id=\"69e5ae1a5334eW235\" class=\"btQuoteSelect btContactField btDropDown btQuoteElement\" data-condition=\"\" data-initial-value=\"\"><\/div><\/div><\/div><div id=\"btSubtotalIdsubtotal_02\" class=\"btQuoteSubtotal\" data-label=\"Dental Crowns Subtotal\"><span class=\"btQuoteSubtotalText\">Subtotal de coroas dent\u00e1rias<\/span><span class=\"btQuoteSubtotalCalc\"><\/span><\/div><\/div><div class=\"bt_cc_separator bt_cc_top_spacing_normal bt_cc_bottom_spacing_normal bt_cc_border_style_solid\" id=\"bt_cc_separator69e5ae1a53431\" ><\/div><div class=\"btQuoteGBlock\" data-eval=\"dmFyIHZlbmVlcl9xdWFudGl0eSA9ICQxOwp2YXIgdmVuZWVyX3R5cGUgPSAkMjsKdmFyIGNoZWNrX2lmX3lvdV9uZWVkX29ubGF5X2lubGF5X2ZpbGxpbmc9ICQyNTA7Cgp2YXIgZmluYWxfcmVzID0gMDsKCnZhciBmaW5hbF9yZXMgPSB2ZW5lZXJfcXVhbnRpdHkgKiB2ZW5lZXJfdHlwZSArIGNoZWNrX2lmX3lvdV9uZWVkX29ubGF5X2lubGF5X2ZpbGxpbmc7CgpzZXRTdWJ0b3RhbCggJ3N1YnRvdGFsXzAzJywgZmluYWxfcmVzICk7CgpyZXR1cm4gZmluYWxfcmVzOw==\" data-paypal_label=\"\" id=\"btQuoteItem69e5ae1a5344b\" ><h4>Facetas Dent\u00e1rias <\/h4><b>Quantas facetas voc\u00ea precisa?<\/b><div class=\"btQuoteItem\" id=\"btQuoteItem69e5ae1a5352c\" ><label>Quantidade de verniz<\/label>\n\t\t<div class=\"btQuoteItemInput\"><div class=\"btQuoteSlider btQuoteElement\" data-value=\"1\"  data-initial-value=\"1\" data-min=\"0\" data-max=\"32\" data-step=\"1\" data-price=\"1\" data-offset=\"0\" data-condition=\"\"><\/div><span class=\"btQuoteSliderValue\">1<\/span><\/div><\/div><div class=\"btQuoteItem\" id=\"btQuoteItem69e5ae1a535e3\" ><label>Tipo de folheado<\/label>\n\t\t<div class=\"btQuoteItemInput\"><div id=\"69e5ae1a5360cW881\" class=\"btQuoteSelect btContactField btDropDown btQuoteElement\" data-condition=\"\" data-initial-value=\"\"><\/div><\/div><\/div><div class=\"btQuoteItem\" id=\"btQuoteItem69e5ae1a536f7\" ><label>Verifique se voc\u00ea precisa de preenchimento de onlay\/inlay<\/label>\n\t\t<div class=\"btQuoteItemInput\"><div class=\"btQuoteSwitch btQuoteElement\" data-off=\"0\" data-on=\"250\" data-condition=\"\" data-initial-value=\"Off\"><div class=\"btQuoteSwitchInner\"><\/div><\/div><div class=\"btQuoteItemDescription\">Preenchimento de Onlay\/Inlay com Sistema CAD\/CAM<\/div><\/div><\/div><div id=\"btSubtotalIdsubtotal_03\" class=\"btQuoteSubtotal\" data-label=\"Dental Veneers Subtotal\"><span class=\"btQuoteSubtotalText\">Subtotal de Facetas Dent\u00e1rias<\/span><span class=\"btQuoteSubtotalCalc\"><\/span><\/div><\/div><div class=\"bt_cc_separator bt_cc_top_spacing_normal bt_cc_bottom_spacing_normal bt_cc_border_style_solid\" id=\"bt_cc_separator69e5ae1a537be\" ><\/div><div class=\"btQuoteGBlock\" data-eval=\"dmFyIG51bWJlcl9vZl9kZW50dXJlc19wYXJ0aWFsID0gJDYwMDsKdmFyIG51bWJlcl9vZl9kZW50dXJlc19mdWxsID0gJDQ1MDsKdmFyIGZpbmFsX3JlcyA9IDA7Cgp2YXIgZmluYWxfcmVzID0gbnVtYmVyX29mX2RlbnR1cmVzX3BhcnRpYWwgICsgbnVtYmVyX29mX2RlbnR1cmVzX2Z1bGw7CgpzZXRTdWJ0b3RhbCggJ3N1YnRvdGFsXzA0JywgZmluYWxfcmVzICk7CgpyZXR1cm4gZmluYWxfcmVzOw==\" data-paypal_label=\"\" id=\"btQuoteItem69e5ae1a537d6\" ><h4>Dentaduras<\/h4><b>De quantas dentaduras\/pr\u00f3teses parciais\/esqueletos voc\u00ea precisa (uma ou ambas as mand\u00edbulas)?<\/b><div class=\"btQuoteItem\" id=\"btQuoteItem69e5ae1a538bd\" ><label>N\u00famero de Dentaduras Parciais<\/label>\n\t\t<div class=\"btQuoteItemInput\"><div class=\"btQuoteSlider btQuoteElement\" data-value=\"0\"  data-initial-value=\"0\" data-min=\"0\" data-max=\"2\" data-step=\"1\" data-price=\"600\" data-offset=\"0\" data-condition=\"\"><\/div><span class=\"btQuoteSliderValue\">0<\/span><\/div><\/div><b>De quantas dentaduras\/pr\u00f3teses parciais\/esqueletos voc\u00ea precisa (uma ou ambas as mand\u00edbulas)?<\/b><div class=\"btQuoteItem\" id=\"btQuoteItem69e5ae1a5397b\" ><label>N\u00famero de Dentaduras Inteiras<\/label>\n\t\t<div class=\"btQuoteItemInput\"><div class=\"btQuoteSlider btQuoteElement\" data-value=\"0\"  data-initial-value=\"0\" data-min=\"0\" data-max=\"2\" data-step=\"1\" data-price=\"450\" data-offset=\"0\" data-condition=\"\"><\/div><span class=\"btQuoteSliderValue\">0<\/span><\/div><\/div><div id=\"btSubtotalIdsubtotal_04\" class=\"btQuoteSubtotal\" data-label=\"Dentures Subtotal\"><span class=\"btQuoteSubtotalText\">Subtotal de Dentaduras<\/span><span class=\"btQuoteSubtotalCalc\"><\/span><\/div><div class=\"bt_cc_separator bt_cc_top_spacing_normal bt_cc_bottom_spacing_normal bt_cc_border_style_solid\" id=\"bt_cc_separator69e5ae1a539cc\" ><\/div><\/div><div class=\"btQuoteGBlock\" data-eval=\"dmFyIGJvbmRpbmdfbnVtYmVyX29mX3RlZXRoID0gJDEwMDsKdmFyIGZpbGxpbmdfbnVtYmVyX29mX3RlZXRoID0gJDYwOwp2YXIgY2FuYWxfbnVtYmVyX29mX3RlZXRoID0gJDkwOwp2YXIgbGFzZXJfdGVldGhfYmxlYWNoaW5nID0gJDE1MDsKdmFyIGhvbWVfdGVldGhfd2hpdGVuaW5nX2tpdCA9ICQxNDA7CnZhciBwcm9mZXNzaW9uYWxfZGVudGFsX2NsZWFuaW5nID0gJDU1Owp2YXIgZ3VtX2NvbnRvdXJpbmcgPSAkMjI1Owp2YXIgbmlnaHRfZ3VhcmQgPSAkOTA7Cgp2YXIgZmluYWxfcmVzID0gMDsKCnZhciBmaW5hbF9yZXMgPSBib25kaW5nX251bWJlcl9vZl90ZWV0aCArIGZpbGxpbmdfbnVtYmVyX29mX3RlZXRoICsgY2FuYWxfbnVtYmVyX29mX3RlZXRoICsgbGFzZXJfdGVldGhfYmxlYWNoaW5nICsgaG9tZV90ZWV0aF93aGl0ZW5pbmdfa2l0ICsgcHJvZmVzc2lvbmFsX2RlbnRhbF9jbGVhbmluZyArIGd1bV9jb250b3VyaW5nICsgbmlnaHRfZ3VhcmQ7CgpzZXRTdWJ0b3RhbCggJ3N1YnRvdGFsXzA1JywgZmluYWxfcmVzICk7CgpyZXR1cm4gZmluYWxfcmVzOw==\" data-paypal_label=\"\" id=\"btQuoteItem69e5ae1a53a3a\" ><h4>Outros procedimentos<\/h4><b>Para quantos dentes voc\u00ea precisa de tratamento de colagem?<\/b><div class=\"btQuoteItem\" id=\"btQuoteItem69e5ae1a53b1f\" ><label>N\u00famero de Dentes de Liga\u00e7\u00e3o<\/label>\n\t\t<div class=\"btQuoteItemInput\"><div class=\"btQuoteSlider btQuoteElement\" data-value=\"0\"  data-initial-value=\"0\" data-min=\"0\" data-max=\"8\" data-step=\"1\" data-price=\"100\" data-offset=\"0\" data-condition=\"\"><\/div><span class=\"btQuoteSliderValue\">0<\/span><\/div><\/div><b>Para quantos dentes voc\u00ea precisa de obtura\u00e7\u00e3o dent\u00e1ria?<\/b><div class=\"btQuoteItem\" id=\"btQuoteItem69e5ae1a53bba\" ><label>Obtura\u00e7\u00e3o N\u00famero de Dentes<\/label>\n\t\t<div class=\"btQuoteItemInput\"><div class=\"btQuoteSlider btQuoteElement\" data-value=\"0\"  data-initial-value=\"0\" data-min=\"0\" data-max=\"8\" data-step=\"1\" data-price=\"60\" data-offset=\"0\" data-condition=\"\"><\/div><span class=\"btQuoteSliderValue\">0<\/span><\/div><\/div><b>Para quantos dentes voc\u00ea precisa de tratamento de canal dent\u00e1rio?<\/b><div class=\"btQuoteItem\" id=\"btQuoteItem69e5ae1a53c54\" ><label>Canal N\u00famero de Dentes<\/label>\n\t\t<div class=\"btQuoteItemInput\"><div class=\"btQuoteSlider btQuoteElement\" data-value=\"0\"  data-initial-value=\"0\" data-min=\"0\" data-max=\"8\" data-step=\"1\" data-price=\"90\" data-offset=\"0\" data-condition=\"\"><\/div><span class=\"btQuoteSliderValue\">0<\/span><\/div><\/div><b>Verifique se voc\u00ea deseja clareamento dental a laser<\/b><div class=\"btQuoteItem\" id=\"btQuoteItem69e5ae1a53d09\" ><label>Clareamento dental a laser<\/label>\n\t\t<div class=\"btQuoteItemInput\"><div class=\"btQuoteSwitch btQuoteElement\" data-off=\"0\" data-on=\"275\" data-condition=\"\" data-initial-value=\"\"><div class=\"btQuoteSwitchInner\"><\/div><\/div><\/div><\/div><b>Verifique se voc\u00ea deseja kit de clareamento dental caseiro<\/b><div class=\"btQuoteItem\" id=\"btQuoteItem69e5ae1a53db0\" ><label>Kit de clareamento dental caseiro<\/label>\n\t\t<div class=\"btQuoteItemInput\"><div class=\"btQuoteSwitch btQuoteElement\" data-off=\"0\" data-on=\"140\" data-condition=\"\" data-initial-value=\"\"><div class=\"btQuoteSwitchInner\"><\/div><\/div><\/div><\/div><b>Verifique se voc\u00ea deseja uma limpeza dental profissional<\/b><div class=\"btQuoteItem\" id=\"btQuoteItem69e5ae1a53e79\" ><label>Limpeza dental profissional<\/label>\n\t\t<div class=\"btQuoteItemInput\"><div class=\"btQuoteSwitch btQuoteElement\" data-off=\"0\" data-on=\"55\" data-condition=\"\" data-initial-value=\"\"><div class=\"btQuoteSwitchInner\"><\/div><\/div><\/div><\/div><b>Verifique se voc\u00ea deseja contorno de gengiva<\/b><div class=\"btQuoteItem\" id=\"btQuoteItem69e5ae1a53f2e\" ><label>Contorno de Gengiva<\/label>\n\t\t<div class=\"btQuoteItemInput\"><div class=\"btQuoteSwitch btQuoteElement\" data-off=\"0\" data-on=\"225\" data-condition=\"\" data-initial-value=\"\"><div class=\"btQuoteSwitchInner\"><\/div><\/div><\/div><\/div><b>Verifique se voc\u00ea precisa de um guarda noturno<\/b><div class=\"btQuoteItem\" id=\"btQuoteItem69e5ae1a53fbe\" ><label>Guarda noturno<\/label>\n\t\t<div class=\"btQuoteItemInput\"><div class=\"btQuoteSwitch btQuoteElement\" data-off=\"0\" data-on=\"90\" data-condition=\"\" data-initial-value=\"\"><div class=\"btQuoteSwitchInner\"><\/div><\/div><\/div><\/div><div id=\"btSubtotalIdsubtotal_05\" class=\"btQuoteSubtotal\" data-label=\"Other Prodecures\"><span class=\"btQuoteSubtotalText\">Outros procedimentos<\/span><span class=\"btQuoteSubtotalCalc\"><\/span><\/div><\/div><div class=\"btTotalNextWrapper\"><div class=\"btQuoteTotal\"><span class=\"btQuoteTotalText\">Total<\/span><span class=\"btQuoteTotalCurrency\">\u20ac&nbsp;<\/span><span class=\"btQuoteTotalCalc\"><\/span><\/div><\/div><\/div><\/div><\/div>\n\n\t\t<\/div>\n\t<\/div>\n<\/div><\/div><\/div><\/div>\n<\/div>","protected":false},"excerpt":{"rendered":"Dental Implants Read More... Teeth Whitening Read More... Zirconium Crowning Read More... Laminate Veneer Read More... Dental Cost Calculator +","protected":false},"author":1,"featured_media":0,"parent":0,"menu_order":0,"comment_status":"closed","ping_status":"closed","template":"","meta":{"footnotes":""},"class_list":["post-1258","page","type-page","status-publish","hentry"],"_links":{"self":[{"href":"https:\/\/medousaclinique.com\/pt\/wp-json\/wp\/v2\/pages\/1258","targetHints":{"allow":["GET"]}}],"collection":[{"href":"https:\/\/medousaclinique.com\/pt\/wp-json\/wp\/v2\/pages"}],"about":[{"href":"https:\/\/medousaclinique.com\/pt\/wp-json\/wp\/v2\/types\/page"}],"author":[{"embeddable":true,"href":"https:\/\/medousaclinique.com\/pt\/wp-json\/wp\/v2\/users\/1"}],"replies":[{"embeddable":true,"href":"https:\/\/medousaclinique.com\/pt\/wp-json\/wp\/v2\/comments?post=1258"}],"version-history":[{"count":11,"href":"https:\/\/medousaclinique.com\/pt\/wp-json\/wp\/v2\/pages\/1258\/revisions"}],"predecessor-version":[{"id":3156,"href":"https:\/\/medousaclinique.com\/pt\/wp-json\/wp\/v2\/pages\/1258\/revisions\/3156"}],"wp:attachment":[{"href":"https:\/\/medousaclinique.com\/pt\/wp-json\/wp\/v2\/media?parent=1258"}],"curies":[{"name":"wp","href":"https:\/\/api.w.org\/{rel}","templated":true}]}}