{"id":476,"date":"2022-02-06T14:49:42","date_gmt":"2022-02-06T14:49:42","guid":{"rendered":"https:\/\/medousaclinique.com\/?page_id=476"},"modified":"2022-02-19T14:46:30","modified_gmt":"2022-02-19T14:46:30","slug":"services","status":"publish","type":"page","link":"https:\/\/medousaclinique.com\/it\/services\/","title":{"rendered":"Servizi"},"content":{"rendered":"<div class=\"wpb-content-wrapper\"><div class=\"vc_row wpb_row vc_row-fluid ust-cikinti wd-rs-61fffa6f69e04\"><div class=\"wpb_column vc_column_container vc_col-sm-12\"><div class=\"vc_column-inner\"><div class=\"wpb_wrapper\"><div class=\"vc_row wpb_row vc_inner vc_row-fluid\"><div class=\"wpb_column about-box vc_column_container vc_col-sm-3 vc_col-xs-6 wd-rs-6211000ab737e\"><div class=\"vc_column-inner\"><div class=\"wpb_wrapper\">\t\t\t<div class=\"info-box-wrapper\">\n\t\t\t\t<div id=\"wd-621101431332e\" class=\"wd-rs-621101431332e wd-info-box wd-wpb text-center box-icon-align-top box-style- color-scheme- wd-bg-none\">\n\t\t\t\t\t\t\t\t\t\t\t<div class=\"box-icon-wrapper  box-with-icon box-icon-simple\">\n\t\t\t\t\t\t\t<div class=\"info-box-icon\">\n\n\t\t\t\t\t\t\t\n\t\t\t\t\t\t\t\t\t\t\t\t\t\t\t\t\t<img loading=\"lazy\" decoding=\"async\" width=\"512\" height=\"512\" src=\"https:\/\/medousaclinique.com\/wp-content\/uploads\/2022\/02\/team.png\" class=\"attachment-90X90 size-90X90\" alt=\"\" srcset=\"https:\/\/medousaclinique.com\/wp-content\/uploads\/2022\/02\/team.png 512w, https:\/\/medousaclinique.com\/wp-content\/uploads\/2022\/02\/team-300x300.png 300w, https:\/\/medousaclinique.com\/wp-content\/uploads\/2022\/02\/team-150x150.png 150w\" sizes=\"auto, (max-width: 512px) 100vw, 512px\" \/>\t\t\t\t\t\t\t\t\t\t\t\t\t\t\t\n\t\t\t\t\t\t\t<\/div>\n\t\t\t\t\t\t<\/div>\n\t\t\t\t\t\t\t\t\t\t<div class=\"info-box-content\">\n\t\t\t\t\t\t<h4 class=\"info-box-title title box-title-style-default wd-fontsize-m\">Chi siamo<\/h4>\t\t\t\t\t\t<div class=\"info-box-inner reset-last-child\"><\/div>\n\n\t\t\t\t\t\t\t\t\t\t\t<\/div>\n\n\t\t\t\t\t\t\t\t\t\t\t<a class=\"wd-info-box-link wd-fill\" aria-label=\"Infobox link\" href=\"\/it\/about-us\/\" title=\"\"><\/a>\n\t\t\t\t\t\n\t\t\t\t\t\t\t\t\t<\/div>\n\t\t\t<\/div>\n\t\t<\/div><\/div><\/div><div class=\"wpb_column vc_column_container vc_col-sm-3 vc_col-xs-6 wd-rs-6211000f7dd10\"><div class=\"vc_column-inner\"><div class=\"wpb_wrapper\">\t\t\t<div class=\"info-box-wrapper\">\n\t\t\t\t<div id=\"wd-6210ffdbbb351\" class=\"wd-rs-6210ffdbbb351 wd-info-box wd-wpb text-center box-icon-align-top box-style- color-scheme- wd-bg-none\">\n\t\t\t\t\t\t\t\t\t\t\t<div class=\"box-icon-wrapper  box-with-icon box-icon-simple\">\n\t\t\t\t\t\t\t<div class=\"info-box-icon\">\n\n\t\t\t\t\t\t\t\n\t\t\t\t\t\t\t\t\t\t\t\t\t\t\t\t\t<img loading=\"lazy\" decoding=\"async\" width=\"512\" height=\"512\" src=\"https:\/\/medousaclinique.com\/wp-content\/uploads\/2022\/02\/target.png\" class=\"attachment-90X90 size-90X90\" alt=\"\" srcset=\"https:\/\/medousaclinique.com\/wp-content\/uploads\/2022\/02\/target.png 512w, https:\/\/medousaclinique.com\/wp-content\/uploads\/2022\/02\/target-300x300.png 300w, https:\/\/medousaclinique.com\/wp-content\/uploads\/2022\/02\/target-150x150.png 150w\" sizes=\"auto, (max-width: 512px) 100vw, 512px\" \/>\t\t\t\t\t\t\t\t\t\t\t\t\t\t\t\n\t\t\t\t\t\t\t<\/div>\n\t\t\t\t\t\t<\/div>\n\t\t\t\t\t\t\t\t\t\t<div class=\"info-box-content\">\n\t\t\t\t\t\t<h4 class=\"info-box-title title box-title-style-default wd-fontsize-m\">La nostra missione<\/h4>\t\t\t\t\t\t<div class=\"info-box-inner reset-last-child\"><\/div>\n\n\t\t\t\t\t\t\t\t\t\t\t<\/div>\n\n\t\t\t\t\t\t\t\t\t\t\t<a class=\"wd-info-box-link wd-fill\" aria-label=\"Infobox link\" href=\"\/it\/our-mission\/\" title=\"\"><\/a>\n\t\t\t\t\t\n\t\t\t\t\t\t\t\t\t<\/div>\n\t\t\t<\/div>\n\t\t<\/div><\/div><\/div><div class=\"wpb_column vc_column_container vc_col-sm-3 vc_col-xs-6 wd-rs-62110014210b2\"><div class=\"vc_column-inner\"><div class=\"wpb_wrapper\">\t\t\t<div class=\"info-box-wrapper\">\n\t\t\t\t<div id=\"wd-621102bca2132\" class=\"wd-rs-621102bca2132 wd-info-box wd-wpb text-center box-icon-align-top box-style- color-scheme- wd-bg-none\">\n\t\t\t\t\t\t\t\t\t\t\t<div class=\"box-icon-wrapper  box-with-icon box-icon-simple\">\n\t\t\t\t\t\t\t<div class=\"info-box-icon\">\n\n\t\t\t\t\t\t\t\n\t\t\t\t\t\t\t\t\t\t\t\t\t\t\t\t\t<img loading=\"lazy\" decoding=\"async\" width=\"512\" height=\"512\" src=\"https:\/\/medousaclinique.com\/wp-content\/uploads\/2022\/02\/vision.png\" class=\"attachment-90X90 size-90X90\" alt=\"\" srcset=\"https:\/\/medousaclinique.com\/wp-content\/uploads\/2022\/02\/vision.png 512w, https:\/\/medousaclinique.com\/wp-content\/uploads\/2022\/02\/vision-300x300.png 300w, https:\/\/medousaclinique.com\/wp-content\/uploads\/2022\/02\/vision-150x150.png 150w\" sizes=\"auto, (max-width: 512px) 100vw, 512px\" \/>\t\t\t\t\t\t\t\t\t\t\t\t\t\t\t\n\t\t\t\t\t\t\t<\/div>\n\t\t\t\t\t\t<\/div>\n\t\t\t\t\t\t\t\t\t\t<div class=\"info-box-content\">\n\t\t\t\t\t\t<h4 class=\"info-box-title title box-title-style-default wd-fontsize-m\">La nostra visione<\/h4>\t\t\t\t\t\t<div class=\"info-box-inner reset-last-child\"><\/div>\n\n\t\t\t\t\t\t\t\t\t\t\t<\/div>\n\n\t\t\t\t\t\t\t\t\t\t\t<a class=\"wd-info-box-link wd-fill\" aria-label=\"Infobox link\" href=\"\/it\/our-vision\/\" title=\"\"><\/a>\n\t\t\t\t\t\n\t\t\t\t\t\t\t\t\t<\/div>\n\t\t\t<\/div>\n\t\t<\/div><\/div><\/div><div class=\"wpb_column vc_column_container vc_col-sm-3 vc_col-xs-6 wd-rs-62110018ac5ba\"><div class=\"vc_column-inner\"><div class=\"wpb_wrapper\">\t\t\t<div class=\"info-box-wrapper\">\n\t\t\t\t<div id=\"wd-621102c08aabc\" class=\"wd-rs-621102c08aabc wd-info-box wd-wpb text-center box-icon-align-top box-style- color-scheme- wd-bg-none box-active\">\n\t\t\t\t\t\t\t\t\t\t\t<div class=\"box-icon-wrapper  box-with-icon box-icon-simple\">\n\t\t\t\t\t\t\t<div class=\"info-box-icon\">\n\n\t\t\t\t\t\t\t\n\t\t\t\t\t\t\t\t\t\t\t\t\t\t\t\t\t<img loading=\"lazy\" decoding=\"async\" width=\"512\" height=\"512\" src=\"https:\/\/medousaclinique.com\/wp-content\/uploads\/2022\/02\/customer-service-1.png\" class=\"attachment-90X90 size-90X90\" alt=\"\" srcset=\"https:\/\/medousaclinique.com\/wp-content\/uploads\/2022\/02\/customer-service-1.png 512w, https:\/\/medousaclinique.com\/wp-content\/uploads\/2022\/02\/customer-service-1-300x300.png 300w, https:\/\/medousaclinique.com\/wp-content\/uploads\/2022\/02\/customer-service-1-150x150.png 150w\" sizes=\"auto, (max-width: 512px) 100vw, 512px\" \/>\t\t\t\t\t\t\t\t\t\t\t\t\t\t\t\n\t\t\t\t\t\t\t<\/div>\n\t\t\t\t\t\t<\/div>\n\t\t\t\t\t\t\t\t\t\t<div class=\"info-box-content\">\n\t\t\t\t\t\t<h4 class=\"info-box-title title box-title-style-default wd-fontsize-m\">Servizi<\/h4>\t\t\t\t\t\t<div class=\"info-box-inner reset-last-child\"><\/div>\n\n\t\t\t\t\t\t\t\t\t\t\t<\/div>\n\n\t\t\t\t\t\t\t\t\t\t\t<a class=\"wd-info-box-link wd-fill\" aria-label=\"Infobox link\" href=\"\/it\/services\/\" title=\"\"><\/a>\n\t\t\t\t\t\n\t\t\t\t\t\t\t\t\t<\/div>\n\t\t\t<\/div>\n\t\t<\/div><\/div><\/div><\/div><div class=\"vc_row wpb_row vc_inner vc_row-fluid\"><div class=\"wpb_column vc_column_container vc_col-sm-12\"><div class=\"vc_column-inner\"><div class=\"wpb_wrapper\">\n\t<div class=\"wpb_text_column wpb_content_element\" >\n\t\t<div class=\"wpb_wrapper\">\n\t\t\t<h2 style=\"text-align: center;\">Privilegi del paziente e itinerario<\/h2>\n\n\t\t<\/div>\n\t<\/div>\n<\/div><\/div><\/div><\/div><div class=\"vc_row wpb_row vc_inner vc_row-fluid\"><div class=\"wpb_column vc_column_container vc_col-sm-6\"><div class=\"vc_column-inner\"><div class=\"wpb_wrapper\">\n\t<div  class=\"wpb_single_image wpb_content_element vc_align_center\">\n\t\t\n\t\t<figure class=\"wpb_wrapper vc_figure\">\n\t\t\t<div class=\"vc_single_image-wrapper   vc_box_border_grey\"><img loading=\"lazy\" decoding=\"async\" width=\"500\" height=\"275\" src=\"https:\/\/medousaclinique.com\/wp-content\/uploads\/2022\/02\/medousa-clinique-call-us-500x275-1.jpg\" class=\"vc_single_image-img attachment-full\" alt=\"\" title=\"medousa-clinique-chiamaci-500x275\" srcset=\"https:\/\/medousaclinique.com\/wp-content\/uploads\/2022\/02\/medousa-clinique-call-us-500x275-1.jpg 500w, https:\/\/medousaclinique.com\/wp-content\/uploads\/2022\/02\/medousa-clinique-call-us-500x275-1-300x165.jpg 300w\" sizes=\"auto, (max-width: 500px) 100vw, 500px\" \/><\/div>\n\t\t<\/figure>\n\t<\/div>\n<\/div><\/div><\/div><div class=\"wpb_column vc_column_container vc_col-sm-6\"><div class=\"vc_column-inner\"><div class=\"wpb_wrapper\">\n\t<div class=\"wpb_text_column wpb_content_element\" >\n\t\t<div class=\"wpb_wrapper\">\n\t\t\t<h3>Contattaci<\/h3>\n\n\t\t<\/div>\n\t<\/div>\n\n\t<div class=\"wpb_text_column wpb_content_element\" >\n\t\t<div class=\"wpb_wrapper\">\n\t\t\t<p>Il modo pi\u00f9 veloce per contattarci \u00e8 attraverso <a href=\"\/it\/contact-us\/\">Chat dal vivo o WhatsApp<\/a>. Puoi scegliere di inviarci un modulo o semplicemente una e-mail. Quando ci contatti, puoi informarti su qualsiasi cosa e informarci dei tuoi desideri dentali. Puoi spedire le tue istantanee smaltate e\/o le istantanee a raggi X attraverso tutti i canali, inclusa la chat dal vivo. Tieni presente che, fornendoci il maggior numero possibile di documenti e foto ai raggi X, ci aiuterai a fornirti un preventivo accurato e un piano di trattamento. Puoi anche richiedere una consulenza in videochiamata.<\/p>\n\n\t\t<\/div>\n\t<\/div>\n<\/div><\/div><\/div><\/div><div class=\"vc_row wpb_row vc_inner vc_row-fluid\"><div class=\"wpb_column vc_column_container vc_col-sm-6\"><div class=\"vc_column-inner\"><div class=\"wpb_wrapper\">\n\t<div  class=\"wpb_single_image wpb_content_element vc_align_center\">\n\t\t\n\t\t<figure class=\"wpb_wrapper vc_figure\">\n\t\t\t<div class=\"vc_single_image-wrapper   vc_box_border_grey\"><img loading=\"lazy\" decoding=\"async\" width=\"500\" height=\"275\" src=\"https:\/\/medousaclinique.com\/wp-content\/uploads\/2022\/02\/medousa-clinique-treatment-plan-500x275-1.jpg\" class=\"vc_single_image-img attachment-full\" alt=\"\" title=\"medousa-clinique-piano-di-trattamento-500x275\" srcset=\"https:\/\/medousaclinique.com\/wp-content\/uploads\/2022\/02\/medousa-clinique-treatment-plan-500x275-1.jpg 500w, https:\/\/medousaclinique.com\/wp-content\/uploads\/2022\/02\/medousa-clinique-treatment-plan-500x275-1-300x165.jpg 300w\" sizes=\"auto, (max-width: 500px) 100vw, 500px\" \/><\/div>\n\t\t<\/figure>\n\t<\/div>\n<\/div><\/div><\/div><div class=\"wpb_column vc_column_container vc_col-sm-6\"><div class=\"vc_column-inner\"><div class=\"wpb_wrapper\">\n\t<div class=\"wpb_text_column wpb_content_element\" >\n\t\t<div class=\"wpb_wrapper\">\n\t\t\t<h3>Piano di trattamento e videochiamata<\/h3>\n\n\t\t<\/div>\n\t<\/div>\n\n\t<div class=\"wpb_text_column wpb_content_element\" >\n\t\t<div class=\"wpb_wrapper\">\n\t\t\t<p>Se hai richiesto una sessione di videochiamata, programmeremo una data il prima possibile (di solito lo stesso giorno) e uno dei nostri medici ti chiamer\u00e0. Puoi condividere lo stato dei tuoi denti con il tuo dentista e spiegare tutte le tue esigenze dentali. Insieme al tuo dentista, ti preparerai per il tuo piano di trattamento adeguato. Dopo quella chiamata o il tuo contatto (nel caso in cui tu non abbia richiesto una videochiamata), possiamo inviarti un piano di trattamento dettagliato e un preventivo.<\/p>\n\n\t\t<\/div>\n\t<\/div>\n<\/div><\/div><\/div><\/div><div class=\"vc_row wpb_row vc_inner vc_row-fluid\"><div class=\"wpb_column vc_column_container vc_col-sm-6\"><div class=\"vc_column-inner\"><div class=\"wpb_wrapper\">\n\t<div  class=\"wpb_single_image wpb_content_element vc_align_center\">\n\t\t\n\t\t<figure class=\"wpb_wrapper vc_figure\">\n\t\t\t<div class=\"vc_single_image-wrapper   vc_box_border_grey\"><img loading=\"lazy\" decoding=\"async\" width=\"500\" height=\"275\" src=\"https:\/\/medousaclinique.com\/wp-content\/uploads\/2022\/02\/medousa-clinique-Scheduling-An-Appointment-500x275-1.jpg\" class=\"vc_single_image-img attachment-full\" alt=\"\" title=\"medousa-clinique-Pianificazione-di-un-appuntamento-500x275\" srcset=\"https:\/\/medousaclinique.com\/wp-content\/uploads\/2022\/02\/medousa-clinique-Scheduling-An-Appointment-500x275-1.jpg 500w, https:\/\/medousaclinique.com\/wp-content\/uploads\/2022\/02\/medousa-clinique-Scheduling-An-Appointment-500x275-1-300x165.jpg 300w\" sizes=\"auto, (max-width: 500px) 100vw, 500px\" \/><\/div>\n\t\t<\/figure>\n\t<\/div>\n<\/div><\/div><\/div><div class=\"wpb_column vc_column_container vc_col-sm-6\"><div class=\"vc_column-inner\"><div class=\"wpb_wrapper\">\n\t<div class=\"wpb_text_column wpb_content_element\" >\n\t\t<div class=\"wpb_wrapper\">\n\t\t\t<h3>Fissare un appuntamento<\/h3>\n\n\t\t<\/div>\n\t<\/div>\n\n\t<div class=\"wpb_text_column wpb_content_element\" >\n\t\t<div class=\"wpb_wrapper\">\n\t\t\t<p>Fissare un appuntamento per il tuo trattamento in Medousa Clinique \u00e8 cos\u00ec facile. La nostra filiale di pazienti internazionali si metter\u00e0 in contatto con te per assegnarti una data appropriata. Non c&#039;\u00e8 periodo di attesa, fisseremo il tuo appuntamento alla data precisa che richiedi o forse il secondo giorno, ma non oltre. Apprezziamo il tempo del nostro paziente.<\/p>\n\n\t\t<\/div>\n\t<\/div>\n<\/div><\/div><\/div><\/div><div class=\"vc_row wpb_row vc_inner vc_row-fluid\"><div class=\"wpb_column vc_column_container vc_col-sm-6\"><div class=\"vc_column-inner\"><div class=\"wpb_wrapper\">\n\t<div  class=\"wpb_single_image wpb_content_element vc_align_center\">\n\t\t\n\t\t<figure class=\"wpb_wrapper vc_figure\">\n\t\t\t<div class=\"vc_single_image-wrapper   vc_box_border_grey\"><img loading=\"lazy\" decoding=\"async\" width=\"500\" height=\"275\" src=\"https:\/\/medousaclinique.com\/wp-content\/uploads\/2022\/02\/medousa-cliniue-hotel-booking-500x275.jpg.webp\" class=\"vc_single_image-img attachment-full\" alt=\"\" title=\"medousa-cliniue-prenotazione-hotel-500x275.jpg\" srcset=\"https:\/\/medousaclinique.com\/wp-content\/uploads\/2022\/02\/medousa-cliniue-hotel-booking-500x275.jpg.webp 500w, https:\/\/medousaclinique.com\/wp-content\/uploads\/2022\/02\/medousa-cliniue-hotel-booking-500x275.jpg-300x165.webp 300w\" sizes=\"auto, (max-width: 500px) 100vw, 500px\" \/><\/div>\n\t\t<\/figure>\n\t<\/div>\n<\/div><\/div><\/div><div class=\"wpb_column vc_column_container vc_col-sm-6\"><div class=\"vc_column-inner\"><div class=\"wpb_wrapper\">\n\t<div class=\"wpb_text_column wpb_content_element\" >\n\t\t<div class=\"wpb_wrapper\">\n\t\t\t<h3>Prenotazione hotel e piano di viaggio<\/h3>\n\n\t\t<\/div>\n\t<\/div>\n\n\t<div class=\"wpb_text_column wpb_content_element\" >\n\t\t<div class=\"wpb_wrapper\">\n\t\t\t<p>Il nostro team ti supporter\u00e0 con il tuo piano di viaggio e la prenotazione dell&#039;alloggio. Offriamo le migliori offerte ai nostri pazienti internazionali per la prenotazione di camere nei nostri hotel partner. Diamo la priorit\u00e0 al beneficio dei nostri pazienti, poich\u00e9 non riceviamo alcun guadagno dalla tua prenotazione alberghiera. Durante tutta la programmazione, ti invieremo le offerte di hotel offerte e una selezione di hotel tra cui scegliere. E su tua scelta, possiamo prenotare l&#039;hotel per te. Non \u00e8 necessario fare qualcos&#039;altro. La tua camera sar\u00e0 pronta e ti aspetter\u00e0 al tuo arrivo. Abbiamo collaborato con hotel a quattro-cinque stelle e garantiamo il comfort dei nostri pazienti durante tutto il loro soggiorno a Istanbul. Naturalmente, hai la totale libert\u00e0 di rifiutare la nostra offerta di alloggio e di prenotare un hotel di tua scelta.<\/p>\n\n\t\t<\/div>\n\t<\/div>\n<\/div><\/div><\/div><\/div><div class=\"vc_row wpb_row vc_inner vc_row-fluid\"><div class=\"wpb_column vc_column_container vc_col-sm-6\"><div class=\"vc_column-inner\"><div class=\"wpb_wrapper\">\n\t<div  class=\"wpb_single_image wpb_content_element vc_align_center\">\n\t\t\n\t\t<figure class=\"wpb_wrapper vc_figure\">\n\t\t\t<div class=\"vc_single_image-wrapper   vc_box_border_grey\"><img loading=\"lazy\" decoding=\"async\" width=\"500\" height=\"275\" src=\"https:\/\/medousaclinique.com\/wp-content\/uploads\/2022\/02\/medousa-clinique-ariiveld-to-istanbul-500x275.jpg.webp\" class=\"vc_single_image-img attachment-full\" alt=\"\" title=\"medousa-clinique-ariiveld-to-istanbul-500x275.jpg\" srcset=\"https:\/\/medousaclinique.com\/wp-content\/uploads\/2022\/02\/medousa-clinique-ariiveld-to-istanbul-500x275.jpg.webp 500w, https:\/\/medousaclinique.com\/wp-content\/uploads\/2022\/02\/medousa-clinique-ariiveld-to-istanbul-500x275.jpg-300x165.webp 300w\" sizes=\"auto, (max-width: 500px) 100vw, 500px\" \/><\/div>\n\t\t<\/figure>\n\t<\/div>\n<\/div><\/div><\/div><div class=\"wpb_column vc_column_container vc_col-sm-6\"><div class=\"vc_column-inner\"><div class=\"wpb_wrapper\">\n\t<div class=\"wpb_text_column wpb_content_element\" >\n\t\t<div class=\"wpb_wrapper\">\n\t\t\t<h3>Arrivo a Istambul<\/h3>\n\n\t\t<\/div>\n\t<\/div>\n\n\t<div class=\"wpb_text_column wpb_content_element\" >\n\t\t<div class=\"wpb_wrapper\">\n\t\t\t<p>Benvenuti a Istambul! Siamo lieti di averti qui come paziente e visitatore. non ti perderai mai a Istanbul. Prima che il tuo aereo atterri, il nostro team dedicato ti aspetter\u00e0 per darti il benvenuto all&#039;aeroporto al tuo arrivo. La tua auto VIP ti affasciner\u00e0, verrai trasportato al tuo hotel senza alcun ritardo (gratuitamente). Non perderai tempo con i trasferimenti aeroportuali o con i mezzi pubblici per raggiungere il tuo alloggio.<\/p>\n\n\t\t<\/div>\n\t<\/div>\n<\/div><\/div><\/div><\/div><div class=\"vc_row wpb_row vc_inner vc_row-fluid\"><div class=\"wpb_column vc_column_container vc_col-sm-6\"><div class=\"vc_column-inner\"><div class=\"wpb_wrapper\">\n\t<div  class=\"wpb_single_image wpb_content_element vc_align_center\">\n\t\t\n\t\t<figure class=\"wpb_wrapper vc_figure\">\n\t\t\t<div class=\"vc_single_image-wrapper   vc_box_border_grey\"><img loading=\"lazy\" decoding=\"async\" width=\"500\" height=\"275\" src=\"https:\/\/medousaclinique.com\/wp-content\/uploads\/2022\/02\/medouaa-clinique-treatment-500x275.jpg.webp\" class=\"vc_single_image-img attachment-full\" alt=\"\" title=\"medouaa-clinique-treatment-500x275.jpg\" srcset=\"https:\/\/medousaclinique.com\/wp-content\/uploads\/2022\/02\/medouaa-clinique-treatment-500x275.jpg.webp 500w, https:\/\/medousaclinique.com\/wp-content\/uploads\/2022\/02\/medouaa-clinique-treatment-500x275.jpg-300x165.webp 300w\" sizes=\"auto, (max-width: 500px) 100vw, 500px\" \/><\/div>\n\t\t<\/figure>\n\t<\/div>\n<\/div><\/div><\/div><div class=\"wpb_column vc_column_container vc_col-sm-6\"><div class=\"vc_column-inner\"><div class=\"wpb_wrapper\">\n\t<div class=\"wpb_text_column wpb_content_element\" >\n\t\t<div class=\"wpb_wrapper\">\n\t\t\t<h3>Il tuo trattamento<\/h3>\n\n\t\t<\/div>\n\t<\/div>\n\n\t<div class=\"wpb_text_column wpb_content_element\" >\n\t\t<div class=\"wpb_wrapper\">\n\t\t\t<p>Il giorno dell&#039;appuntamento con il nostro istituto medico, di solito il giorno successivo, verrai prelevato da uno dei nostri coordinatori internazionali dei pazienti dal tuo alloggio. In clinica sarai accolto dai nostri medici e il tuo trattamento inizier\u00e0 secondo il tuo piano di trattamento. Dopo il trattamento, verrai riaccompagnato al tuo hotel. Dovrai recarti presso il nostro ospedale alcune volte durante il tuo soggiorno in Turchia, a seconda del tuo piano di trattamento. I nostri autisti saranno pronti a venirti a prendere e a riconsegnarti al tuo hotel ad ogni appuntamento.<\/p>\n\n\t\t<\/div>\n\t<\/div>\n<\/div><\/div><\/div><\/div><div class=\"vc_row wpb_row vc_inner vc_row-fluid\"><div class=\"wpb_column vc_column_container vc_col-sm-6\"><div class=\"vc_column-inner\"><div class=\"wpb_wrapper\">\n\t<div  class=\"wpb_single_image wpb_content_element vc_align_center\">\n\t\t\n\t\t<figure class=\"wpb_wrapper vc_figure\">\n\t\t\t<div class=\"vc_single_image-wrapper   vc_box_border_grey\"><img loading=\"lazy\" decoding=\"async\" width=\"500\" height=\"275\" src=\"https:\/\/medousaclinique.com\/wp-content\/uploads\/2022\/02\/medousa-clinique-istanbul-holiday-500x275.jpg.webp\" class=\"vc_single_image-img attachment-full\" alt=\"\" title=\"medousa-clinique-istanbul-holiday-500x275.jpg\" srcset=\"https:\/\/medousaclinique.com\/wp-content\/uploads\/2022\/02\/medousa-clinique-istanbul-holiday-500x275.jpg.webp 500w, https:\/\/medousaclinique.com\/wp-content\/uploads\/2022\/02\/medousa-clinique-istanbul-holiday-500x275.jpg-300x165.webp 300w\" sizes=\"auto, (max-width: 500px) 100vw, 500px\" \/><\/div>\n\t\t<\/figure>\n\t<\/div>\n<\/div><\/div><\/div><div class=\"wpb_column vc_column_container vc_col-sm-6\"><div class=\"vc_column-inner\"><div class=\"wpb_wrapper\">\n\t<div class=\"wpb_text_column wpb_content_element\" >\n\t\t<div class=\"wpb_wrapper\">\n\t\t\t<h3>Vacanza estetica e dentale a Istanbul<\/h3>\n\n\t\t<\/div>\n\t<\/div>\n\n\t<div class=\"wpb_text_column wpb_content_element\" >\n\t\t<div class=\"wpb_wrapper\">\n\t\t\t<p>Il tuo viaggio verso\u00a0<b class=\"jsx-12600171\"><a href=\"https:\/\/en.wikipedia.org\/wiki\/Istanbul\" target=\"_blank\" rel=\"noopener\">Istanbul<\/a><\/b>\u00a0sar\u00e0 un&#039;esperienza indimenticabile. Istanbul \u00e8 una delle citt\u00e0 pi\u00f9 antiche e storiche del mondo. \u00c8 la citt\u00e0 preferita di molti viaggiatori posizionata su continenti separati. Con la sua societ\u00e0 e i suoi quartieri multiculturali, ovunque tu vada, potrebbe esserci sempre qualcosa da sorprendere, per non parlare della deliziosa cucina turca da regalare. L&#039;eccezionale vita notturna di Istanbul ha superato molte citt\u00e0 della regione. Tra i luoghi storici, il Bosforo, il Palazzo Topkapi, i musei di Hagia Sophia e Karia, la Torre di Galata e la Torre della Fanciulla sono solo alcuni dei luoghi che puoi visitare. Offriamo inoltre sconti sui tour turistici ai nostri pazienti internazionali affinch\u00e9 possano godersi Istanbul al limite.<\/p>\n\n\t\t<\/div>\n\t<\/div>\n<\/div><\/div><\/div><\/div><div class=\"vc_row wpb_row vc_inner vc_row-fluid\"><div class=\"wpb_column vc_column_container vc_col-sm-6\"><div class=\"vc_column-inner\"><div class=\"wpb_wrapper\">\n\t<div  class=\"wpb_single_image wpb_content_element vc_align_center\">\n\t\t\n\t\t<figure class=\"wpb_wrapper vc_figure\">\n\t\t\t<div class=\"vc_single_image-wrapper   vc_box_border_grey\"><img loading=\"lazy\" decoding=\"async\" width=\"500\" height=\"275\" src=\"https:\/\/medousaclinique.com\/wp-content\/uploads\/2022\/02\/medousa-clinique-departure-500x275.jpg.webp\" class=\"vc_single_image-img attachment-full\" alt=\"\" title=\"medousa-clinique-partenza-500x275.jpg\" srcset=\"https:\/\/medousaclinique.com\/wp-content\/uploads\/2022\/02\/medousa-clinique-departure-500x275.jpg.webp 500w, https:\/\/medousaclinique.com\/wp-content\/uploads\/2022\/02\/medousa-clinique-departure-500x275.jpg-300x165.webp 300w\" sizes=\"auto, (max-width: 500px) 100vw, 500px\" \/><\/div>\n\t\t<\/figure>\n\t<\/div>\n<\/div><\/div><\/div><div class=\"wpb_column vc_column_container vc_col-sm-6\"><div class=\"vc_column-inner\"><div class=\"wpb_wrapper\">\n\t<div class=\"wpb_text_column wpb_content_element\" >\n\t\t<div class=\"wpb_wrapper\">\n\t\t\t<h3>Partenza<\/h3>\n\n\t\t<\/div>\n\t<\/div>\n\n\t<div class=\"wpb_text_column wpb_content_element\" >\n\t\t<div class=\"wpb_wrapper\">\n\t\t\t<p>Consigliamo costantemente ai nostri pazienti di tornare di nuovo nella nostra clinica per un controllo finale del loro trattamento. Alla fine del trattamento, chiederemo le informazioni sul volo in modo da poter offrire un passaggio VIP all&#039;aeroporto dopo il check-out dall&#039;hotel. Ci mancherai sicuramente qui come nostro caro ospite. Buon viaggio!<\/p>\n\n\t\t<\/div>\n\t<\/div>\n<\/div><\/div><\/div><\/div><\/div><\/div><\/div><\/div>\n<\/div>","protected":false},"excerpt":{"rendered":"About Us Our Mission Our Vision Services Patient Privileges and Itinerary Contacting Us The fastest way of contacting us is","protected":false},"author":1,"featured_media":0,"parent":0,"menu_order":0,"comment_status":"closed","ping_status":"closed","template":"","meta":{"footnotes":""},"class_list":["post-476","page","type-page","status-publish","hentry"],"_links":{"self":[{"href":"https:\/\/medousaclinique.com\/it\/wp-json\/wp\/v2\/pages\/476","targetHints":{"allow":["GET"]}}],"collection":[{"href":"https:\/\/medousaclinique.com\/it\/wp-json\/wp\/v2\/pages"}],"about":[{"href":"https:\/\/medousaclinique.com\/it\/wp-json\/wp\/v2\/types\/page"}],"author":[{"embeddable":true,"href":"https:\/\/medousaclinique.com\/it\/wp-json\/wp\/v2\/users\/1"}],"replies":[{"embeddable":true,"href":"https:\/\/medousaclinique.com\/it\/wp-json\/wp\/v2\/comments?post=476"}],"version-history":[{"count":10,"href":"https:\/\/medousaclinique.com\/it\/wp-json\/wp\/v2\/pages\/476\/revisions"}],"predecessor-version":[{"id":3463,"href":"https:\/\/medousaclinique.com\/it\/wp-json\/wp\/v2\/pages\/476\/revisions\/3463"}],"wp:attachment":[{"href":"https:\/\/medousaclinique.com\/it\/wp-json\/wp\/v2\/media?parent=476"}],"curies":[{"name":"wp","href":"https:\/\/api.w.org\/{rel}","templated":true}]}}