{"id":443,"date":"2022-02-06T13:41:14","date_gmt":"2022-02-06T13:41:14","guid":{"rendered":"https:\/\/medousaclinique.com\/?page_id=443"},"modified":"2023-08-15T16:06:49","modified_gmt":"2023-08-15T13:06:49","slug":"about-us","status":"publish","type":"page","link":"https:\/\/medousaclinique.com\/it\/about-us\/","title":{"rendered":"Chi siamo"},"content":{"rendered":"<div class=\"wpb-content-wrapper\"><div class=\"vc_row wpb_row vc_row-fluid ust-cikinti wd-rs-61fffa6f69e04\"><div class=\"wpb_column vc_column_container vc_col-sm-12\"><div class=\"vc_column-inner\"><div class=\"wpb_wrapper\"><div class=\"vc_row wpb_row vc_inner vc_row-fluid\"><div class=\"wpb_column about-box vc_column_container vc_col-sm-3 vc_col-xs-6 wd-rs-6211000ab737e\"><div class=\"vc_column-inner\"><div class=\"wpb_wrapper\">\t\t\t<div class=\"info-box-wrapper\">\n\t\t\t\t<div id=\"wd-6210ffe21bee2\" class=\"wd-rs-6210ffe21bee2 wd-info-box wd-wpb text-center box-icon-align-top box-style- color-scheme- wd-bg-none box-active\">\n\t\t\t\t\t\t\t\t\t\t\t<div class=\"box-icon-wrapper  box-with-icon box-icon-simple\">\n\t\t\t\t\t\t\t<div class=\"info-box-icon\">\n\n\t\t\t\t\t\t\t\n\t\t\t\t\t\t\t\t\t\t\t\t\t\t\t\t\t<img loading=\"lazy\" decoding=\"async\" width=\"512\" height=\"512\" src=\"https:\/\/medousaclinique.com\/wp-content\/uploads\/2022\/02\/team.png\" class=\"attachment-90X90 size-90X90\" alt=\"\" srcset=\"https:\/\/medousaclinique.com\/wp-content\/uploads\/2022\/02\/team.png 512w, https:\/\/medousaclinique.com\/wp-content\/uploads\/2022\/02\/team-300x300.png 300w, https:\/\/medousaclinique.com\/wp-content\/uploads\/2022\/02\/team-150x150.png 150w\" sizes=\"auto, (max-width: 512px) 100vw, 512px\" \/>\t\t\t\t\t\t\t\t\t\t\t\t\t\t\t\n\t\t\t\t\t\t\t<\/div>\n\t\t\t\t\t\t<\/div>\n\t\t\t\t\t\t\t\t\t\t<div class=\"info-box-content\">\n\t\t\t\t\t\t<h4 class=\"info-box-title title box-title-style-default wd-fontsize-m\">Chi siamo<\/h4>\t\t\t\t\t\t<div class=\"info-box-inner reset-last-child\"><\/div>\n\n\t\t\t\t\t\t\t\t\t\t\t<\/div>\n\n\t\t\t\t\t\t\t\t\t\t\t<a class=\"wd-info-box-link wd-fill\" aria-label=\"Infobox link\" href=\"\/it\/about-us\/\" title=\"\"><\/a>\n\t\t\t\t\t\n\t\t\t\t\t\t\t\t\t<\/div>\n\t\t\t<\/div>\n\t\t<\/div><\/div><\/div><div class=\"wpb_column vc_column_container vc_col-sm-3 vc_col-xs-6 wd-rs-6211000f7dd10\"><div class=\"vc_column-inner\"><div class=\"wpb_wrapper\">\t\t\t<div class=\"info-box-wrapper\">\n\t\t\t\t<div id=\"wd-6210ffdbbb351\" class=\"wd-rs-6210ffdbbb351 wd-info-box wd-wpb text-center box-icon-align-top box-style- color-scheme- wd-bg-none\">\n\t\t\t\t\t\t\t\t\t\t\t<div class=\"box-icon-wrapper  box-with-icon box-icon-simple\">\n\t\t\t\t\t\t\t<div class=\"info-box-icon\">\n\n\t\t\t\t\t\t\t\n\t\t\t\t\t\t\t\t\t\t\t\t\t\t\t\t\t<img loading=\"lazy\" decoding=\"async\" width=\"512\" height=\"512\" src=\"https:\/\/medousaclinique.com\/wp-content\/uploads\/2022\/02\/target.png\" class=\"attachment-90X90 size-90X90\" alt=\"\" srcset=\"https:\/\/medousaclinique.com\/wp-content\/uploads\/2022\/02\/target.png 512w, https:\/\/medousaclinique.com\/wp-content\/uploads\/2022\/02\/target-300x300.png 300w, https:\/\/medousaclinique.com\/wp-content\/uploads\/2022\/02\/target-150x150.png 150w\" sizes=\"auto, (max-width: 512px) 100vw, 512px\" \/>\t\t\t\t\t\t\t\t\t\t\t\t\t\t\t\n\t\t\t\t\t\t\t<\/div>\n\t\t\t\t\t\t<\/div>\n\t\t\t\t\t\t\t\t\t\t<div class=\"info-box-content\">\n\t\t\t\t\t\t<h4 class=\"info-box-title title box-title-style-default wd-fontsize-m\">La nostra missione<\/h4>\t\t\t\t\t\t<div class=\"info-box-inner reset-last-child\"><\/div>\n\n\t\t\t\t\t\t\t\t\t\t\t<\/div>\n\n\t\t\t\t\t\t\t\t\t\t\t<a class=\"wd-info-box-link wd-fill\" aria-label=\"Infobox link\" href=\"\/it\/our-mission\/\" title=\"\"><\/a>\n\t\t\t\t\t\n\t\t\t\t\t\t\t\t\t<\/div>\n\t\t\t<\/div>\n\t\t<\/div><\/div><\/div><div class=\"wpb_column vc_column_container vc_col-sm-3 vc_col-xs-6 wd-rs-62110014210b2\"><div class=\"vc_column-inner\"><div class=\"wpb_wrapper\">\t\t\t<div class=\"info-box-wrapper\">\n\t\t\t\t<div id=\"wd-6210ffa75fb0b\" class=\"wd-rs-6210ffa75fb0b wd-info-box wd-wpb text-center box-icon-align-top box-style- color-scheme- wd-bg-none\">\n\t\t\t\t\t\t\t\t\t\t\t<div class=\"box-icon-wrapper  box-with-icon box-icon-simple\">\n\t\t\t\t\t\t\t<div class=\"info-box-icon\">\n\n\t\t\t\t\t\t\t\n\t\t\t\t\t\t\t\t\t\t\t\t\t\t\t\t\t<img loading=\"lazy\" decoding=\"async\" width=\"512\" height=\"512\" src=\"https:\/\/medousaclinique.com\/wp-content\/uploads\/2022\/02\/vision.png\" class=\"attachment-90X90 size-90X90\" alt=\"\" srcset=\"https:\/\/medousaclinique.com\/wp-content\/uploads\/2022\/02\/vision.png 512w, https:\/\/medousaclinique.com\/wp-content\/uploads\/2022\/02\/vision-300x300.png 300w, https:\/\/medousaclinique.com\/wp-content\/uploads\/2022\/02\/vision-150x150.png 150w\" sizes=\"auto, (max-width: 512px) 100vw, 512px\" \/>\t\t\t\t\t\t\t\t\t\t\t\t\t\t\t\n\t\t\t\t\t\t\t<\/div>\n\t\t\t\t\t\t<\/div>\n\t\t\t\t\t\t\t\t\t\t<div class=\"info-box-content\">\n\t\t\t\t\t\t<h4 class=\"info-box-title title box-title-style-default wd-fontsize-m\">La nostra visione<\/h4>\t\t\t\t\t\t<div class=\"info-box-inner reset-last-child\"><\/div>\n\n\t\t\t\t\t\t\t\t\t\t\t<\/div>\n\n\t\t\t\t\t\t\t\t\t\t\t<a class=\"wd-info-box-link wd-fill\" aria-label=\"Infobox link\" href=\"\/it\/our-vision\/\" title=\"\"><\/a>\n\t\t\t\t\t\n\t\t\t\t\t\t\t\t\t<\/div>\n\t\t\t<\/div>\n\t\t<\/div><\/div><\/div><div class=\"wpb_column vc_column_container vc_col-sm-3 vc_col-xs-6 wd-rs-62110018ac5ba\"><div class=\"vc_column-inner\"><div class=\"wpb_wrapper\">\t\t\t<div class=\"info-box-wrapper\">\n\t\t\t\t<div id=\"wd-6210fea2e13da\" class=\"wd-rs-6210fea2e13da wd-info-box wd-wpb text-center box-icon-align-top box-style- color-scheme- wd-bg-none\">\n\t\t\t\t\t\t\t\t\t\t\t<div class=\"box-icon-wrapper  box-with-icon box-icon-simple\">\n\t\t\t\t\t\t\t<div class=\"info-box-icon\">\n\n\t\t\t\t\t\t\t\n\t\t\t\t\t\t\t\t\t\t\t\t\t\t\t\t\t<img loading=\"lazy\" decoding=\"async\" width=\"512\" height=\"512\" src=\"https:\/\/medousaclinique.com\/wp-content\/uploads\/2022\/02\/customer-service-1.png\" class=\"attachment-90X90 size-90X90\" alt=\"\" srcset=\"https:\/\/medousaclinique.com\/wp-content\/uploads\/2022\/02\/customer-service-1.png 512w, https:\/\/medousaclinique.com\/wp-content\/uploads\/2022\/02\/customer-service-1-300x300.png 300w, https:\/\/medousaclinique.com\/wp-content\/uploads\/2022\/02\/customer-service-1-150x150.png 150w\" sizes=\"auto, (max-width: 512px) 100vw, 512px\" \/>\t\t\t\t\t\t\t\t\t\t\t\t\t\t\t\n\t\t\t\t\t\t\t<\/div>\n\t\t\t\t\t\t<\/div>\n\t\t\t\t\t\t\t\t\t\t<div class=\"info-box-content\">\n\t\t\t\t\t\t<h4 class=\"info-box-title title box-title-style-default wd-fontsize-m\">Servizi<\/h4>\t\t\t\t\t\t<div class=\"info-box-inner reset-last-child\"><\/div>\n\n\t\t\t\t\t\t\t\t\t\t\t<\/div>\n\n\t\t\t\t\t\t\t\t\t\t\t<a class=\"wd-info-box-link wd-fill\" aria-label=\"Infobox link\" href=\"\/it\/services\/\" title=\"\"><\/a>\n\t\t\t\t\t\n\t\t\t\t\t\t\t\t\t<\/div>\n\t\t\t<\/div>\n\t\t<\/div><\/div><\/div><\/div><div class=\"vc_row wpb_row vc_inner vc_row-fluid\"><div class=\"wpb_column vc_column_container vc_col-sm-12\"><div class=\"vc_column-inner\"><div class=\"wpb_wrapper\">\n\t<div class=\"wpb_text_column wpb_content_element\" >\n\t\t<div class=\"wpb_wrapper\">\n\t\t\t<p>Medousa Clinique \u00e8 una societ\u00e0 di turismo sanitario fondata a Istanbul nel 2013 e che serve in tutto il mondo. \u00c8 un marchio che ha come missione quella di ospitare i propri ospiti nel migliore dei modi con la qualit\u00e0 del servizio degli standard europei e dispone di uno staff professionale di 75 persone. Il centro di trapianto di capelli di fama mondiale Medousa Clinique ha eseguito pi\u00f9 di 13.000 procedure in 8 anni e continua a servire in 6 lingue diverse.<\/p>\n<p>Medousa Clinique offre una sistemazione a 5 stelle e un servizio di trasferimento VIP ai suoi ospiti che vengono per il trapianto di capelli. Insieme a medici specialisti e personale professionale, svolge il trattamento presso l&#039;ospedale Medousa Clinique, situato a Istanbul. Medusa Clinica. con il suo approccio innovativo, offre il servizio pi\u00f9 confortevole ai suoi ospiti.<\/p>\n<p>Il team di Medousa Clinique sta lavorando attivamente nel campo della FUE (Follicular Unit Extraction). Il marchio, famoso in tutto il mondo per il trapianto di capelli FUE, ha aperto nuovi orizzonti nell&#039;agosto 2019 e ha completato con successo la procedura di trapianto di capelli di 6500 innesti in una sola seduta. Come risultato di questa procedura, ha dimostrato al mondo intero che \u00e8 possibile eseguire trapianti di capelli ad alto numero in un&#039;unica sessione senza lasciare cicatrici sulla zona donatrice.<\/p>\n\n\t\t<\/div>\n\t<\/div>\n<\/div><\/div><\/div><\/div><\/div><\/div><\/div><\/div>\n<\/div>","protected":false},"excerpt":{"rendered":"About Us Our Mission Our Vision Services Medousa Clinique is a Health Tourism company established in Istanbul in 2013 and","protected":false},"author":1,"featured_media":0,"parent":0,"menu_order":0,"comment_status":"closed","ping_status":"closed","template":"","meta":{"footnotes":""},"class_list":["post-443","page","type-page","status-publish","hentry"],"_links":{"self":[{"href":"https:\/\/medousaclinique.com\/it\/wp-json\/wp\/v2\/pages\/443","targetHints":{"allow":["GET"]}}],"collection":[{"href":"https:\/\/medousaclinique.com\/it\/wp-json\/wp\/v2\/pages"}],"about":[{"href":"https:\/\/medousaclinique.com\/it\/wp-json\/wp\/v2\/types\/page"}],"author":[{"embeddable":true,"href":"https:\/\/medousaclinique.com\/it\/wp-json\/wp\/v2\/users\/1"}],"replies":[{"embeddable":true,"href":"https:\/\/medousaclinique.com\/it\/wp-json\/wp\/v2\/comments?post=443"}],"version-history":[{"count":19,"href":"https:\/\/medousaclinique.com\/it\/wp-json\/wp\/v2\/pages\/443\/revisions"}],"predecessor-version":[{"id":3385,"href":"https:\/\/medousaclinique.com\/it\/wp-json\/wp\/v2\/pages\/443\/revisions\/3385"}],"wp:attachment":[{"href":"https:\/\/medousaclinique.com\/it\/wp-json\/wp\/v2\/media?parent=443"}],"curies":[{"name":"wp","href":"https:\/\/api.w.org\/{rel}","templated":true}]}}