{"id":3080,"date":"2022-09-02T13:40:57","date_gmt":"2022-09-02T10:40:57","guid":{"rendered":"https:\/\/medousaclinique.com\/?page_id=3080"},"modified":"2022-09-02T13:48:38","modified_gmt":"2022-09-02T10:48:38","slug":"privacy-policy","status":"publish","type":"page","link":"https:\/\/medousaclinique.com\/it\/privacy-policy\/","title":{"rendered":"politica sulla riservatezza"},"content":{"rendered":"<h3>PRECISAZIONE\/INFORMATIVA SUL TRATTAMENTO DEI DATI PERSONALI<\/h3>\n<p>Medousa Clinique Come &quot;Medousa&quot;, abbiamo a cuore la sicurezza dei tuoi dati personali. Con questo in mente, dimostriamo grande sensibilit\u00e0 per proteggere tutti i tuoi dati personali nel modo migliore e pi\u00f9 preciso possibile. Tenendo presente questa responsabilit\u00e0, ai sensi della legge n. 6698, Codice in materia di protezione dei dati personali (&quot;Legge&quot;) e della normativa correlata, con la qualifica di Responsabile del trattamento, trattiamo i tuoi dati come di seguito indicato.<\/p>\n<h4>Raccolta, trattamento dei dati personali e motivi del trattamento<\/h4>\n<p>Per poterti fornire un servizio di alta qualit\u00e0, in base alle caratteristiche del servizio fornito, raccogliamo i tuoi dati personali tramite Call Center, Internet, applicazioni mobili, ambienti fisici e canali simili, in forma verbale, scritta, visiva o elettronica.<\/p>\n<p>In tal senso, si elencano di seguito tutti i dati personali generali e privati primari, in particolare i dati sanitari personali necessari per svolgere tutte le prestazioni mediche di diagnosi, visita, cura e cura;<\/p>\n<p>Informazioni sull&#039;identit\u00e0 come nome, cognome, numero di ID TR, se non sei cittadino turco, numero di passaporto o numero di ID TR temporaneo, data e luogo di nascita, stato civile e sesso, e il tuo ID TR o copia della patente di guida che hai inviato,<br \/>\ninformazioni di comunicazione come indirizzo, numero di telefono, e-mail, dati finanziari come numero di conto bancario, numero IBAN,<br \/>\nDati sulla salute e sulla vita sessuale raccolti durante lo svolgimento di diagnosi mediche, trattamenti e servizi di assistenza come i risultati di laboratorio e delle immagini, i risultati dei test, i dati degli esami, i dati delle prescrizioni che hai inviato per il follow-up del tuo file,<br \/>\nLa tua risposta e i commenti che hai condiviso per valutare i nostri servizi,<br \/>\nLe immagini del tuo sistema di telecamere a circuito chiuso e le registrazioni vocali raccolte durante la tua visita ai nostri ospedali,<br \/>\nLe tue telefonate registrate raccolte quando hai contattato il nostro Call Center,<br \/>\nI tuoi dati dell&#039;assicurazione sanitaria personale e dei dati del servizio di previdenza sociale per finanziare e pianificare i servizi sanitari,<br \/>\nI dati della targa del tuo veicolo se utilizzi il parcheggio e i servizi di valet,<br \/>\nInformazioni sulla visita, indirizzo IP, informazioni sulla scansione raccolte quando visiti il nostro sito Web e utilizzi le nostre applicazioni mobili e documenti medici, sondaggi, informazioni sui moduli e dati sulla posizione che hai inviato di tua spontanea volont\u00e0,<br \/>\nI Suoi dati personali sopra indicati e i Suoi dati personali particolari potranno essere trattati per le seguenti ragioni:<\/p>\n<p>Per proteggere la salute pubblica, per condurre servizi di protezione medica, diagnosi medica, trattamento e assistenza,<br \/>\nSecondo la relativa legislazione, per condividere le informazioni richieste dal Ministero della Salute e da altre istituzioni e organizzazioni pubbliche,<br \/>\nPer soddisfare i requisiti legali e normativi,<br \/>\nPer quanto riguarda il finanziamento e la copertura delle spese di test, diagnosi e cure, e per controllare la consegna, per condividere le informazioni richieste dalle compagnie assicurative private, tramite i nostri servizi per i pazienti, affari finanziari, marketing,<br \/>\nPer informarti del tuo appuntamento tramite il nostro Call Center e i canali digitali,<br \/>\nPer confermare la tua identit\u00e0 tramite i servizi per i pazienti, gli operatori sanitari e il call center,<br \/>\nPianificare e gestire l&#039;amministrazione interna dell&#039;istituto tramite la nostra Direzione Ospedaliera,<br \/>\nCondurre analisi al fine di migliorare i servizi sanitari attraverso la qualit\u00e0, l&#039;esperienza del paziente, i sistemi informativi,<br \/>\nPer fornire formazione ai nostri dipendenti da parte dei dipartimenti Risorse Umane e Qualit\u00e0,<br \/>\nOsservare e ostacolare processi non autorizzati e abusivi tramite i dipartimenti di Auditing e Sistemi Informativi,<br \/>\nCondurre attivit\u00e0 di gestione del rischio e sviluppo della qualit\u00e0 tramite i dipartimenti Qualit\u00e0, Esperienza del paziente, Sistemi informativi,<br \/>\nPer eseguire la fatturazione per i servizi forniti tramite i servizi ai pazienti, gli affari finanziari, i dipartimenti di marketing,<br \/>\nPer confermare la tua relazione con le istituzioni convenzionate con il nostro ospedale tramite i servizi per i pazienti, gli affari finanziari, i dipartimenti di marketing,<br \/>\nPer rispondere a tutte le vostre domande e reclami relativi ai nostri servizi sanitari tramite i reparti Hospital Management, Patient Experience, Patient Rights, Call Center,<br \/>\nAdottare tutte le precauzioni tecniche e amministrative necessarie per la sicurezza dei dati del sistema e delle applicazioni del nostro ospedale, tramite la Direzione Ospedaliera, i dipartimenti dei Sistemi Informativi,<br \/>\nFornire partecipazione alla campagna e informazioni sulla campagna e progettare e trasmettere contenuti speciali, profitti concreti e astratti nei canali Web e mobili tramite i dipartimenti di marketing, media e comunicazione, call center,<br \/>\nMisurare, aumentare e indagare sulla soddisfazione del paziente tramite i dipartimenti Hospital Management, Patient Rights, Patient Experience,<br \/>\nCondurre attivit\u00e0 di formazione e istruzione tramite istituti di istruzione che collaborano con l&#039;istituto. I \u201cDati Personali e Speciali\u201d di cui sopra, saranno registrati e protetti in archivi fisici ed elettronici da Medousa e fornitori di servizi esterni, in conformit\u00e0 con le normative e con la massima cura.<\/p>\n<h4>Trasferimento di dati personali<\/h4>\n<p>Le tue informazioni personali potrebbero essere condivise con quanto segue, in conformit\u00e0 con la Legge fondamentale sui servizi sanitari n. 3359, Decreto legislativo n. Normativa sui Dati Personali Sanitari e Tutela della Privacy e Disposizioni del Ministero della Salute e Disposizioni Varie, e con le relative motivazioni<\/p>\n<p>spiegato sopra;<br \/>\nMinistero della Salute, sottodivisioni del ministero e centri di pratica familiare,<br \/>\nCompagnie assicurative private (salute, pensioni, assicurazioni sulla vita e simili),<br \/>\nIstituto per i Servizi Sociali,<br \/>\nDirezione generale della sicurezza e altre forze dell&#039;ordine,<br \/>\nDirezione Generale del Censimento,<br \/>\nAssociazione dei farmacisti turchi,<br \/>\nAutorit\u00e0 giudiziarie,<br \/>\nPer diagnosi e cure mediche, laboratori in Turchia e all&#039;estero con cui collaboriamo, centri medici, istituzioni che forniscono ambulanze, dispositivi medici e servizi sanitari,<br \/>\nIstituto medico a cui il paziente \u00e8 stato trasferito o applicato di sua spontanea volont\u00e0,<br \/>\nI tuoi rappresentanti legali e autorizzati,<br \/>\nTerze persone che ci forniscono consulenza, inclusi i nostri avvocati, consulenti fiscali e revisori dei conti,<br \/>\nIstituzioni di regolamentazione e di controllo e autorit\u00e0 ufficiali,<\/p>\n<h4>Modalit\u00e0 e causale legale della raccolta dei dati personali<\/h4>\n<p>I tuoi dati personali vengono raccolti ed elaborati in tutti i tipi di supporto verbale, scritto, visivo o elettronico, con i motivi sopra indicati, per condurre tutti gli affari dell&#039;attivit\u00e0 di Medousa in un quadro legale e affinch\u00e9 Medousa sia in grado di svolgere tutti i suoi responsabilit\u00e0 contrattuali e legali pienamente e come dovuto.<\/p>\n<p>Il motivo legale per la raccolta dei tuoi dati personali;<\/p>\n<p>n. 6698 Legge sulla protezione dei dati personali,<br \/>\nn. 3359 Legge fondamentale sui servizi sanitari,<br \/>\nDecreto legislativo n. 663 concernente l&#039;organizzazione e i compiti del Ministero della salute e delle sue affiliate,<br \/>\nLegislazione sugli ospedali privati,<br \/>\nTrattamento dei Dati Personali Sanitari e Normativa sulla Tutela della Privacy,<br \/>\nNorme del Ministero della Salute e normative varie.<br \/>\nInoltre, come indicato nell&#039;articolo 6 comma 3 della legge, i dati personali relativi alla salute e alla vita sessuale possono essere trattati solo senza il consenso aperto dell&#039;interessato da parte di persone o istituzioni e organizzazioni autorizzate con obbligo di riservatezza per proteggere la salute pubblica, per svolgere attivit\u00e0 mediche servizi di diagnosi, cura e cura, pianificazione e gestione dei servizi medici e loro finanziamento.<\/p>\n<h4>I tuoi diritti in materia di protezione dei dati personali<\/h4>\n<p>Secondo la relativa legislazione;<\/p>\n<p>Per sapere se i dati personali sono stati trattati,<br \/>\nPer dare seguito all&#039;informativa se i dati personali sono stati trattati,<br \/>\nPer accedere e richiedere dati medici personali,<br \/>\nPer conoscere il motivo del trattamento dei dati personali e se vengono utilizzati in base a tale motivo,<br \/>\nPer conoscere i terzi nel paese o all&#039;estero a cui sono stati trasferiti i dati personali,<br \/>\nRichiedere la correzione dei dati personali se i dati personali sono stati trattati in modo incompleto o errato,<br \/>\nPer richiedere la cancellazione o la distruzione dei dati personali,<br \/>\nRichiedere la notifica a terzi a cui i dati personali sono stati trasferiti nel caso in cui i dati personali siano stati trattati in modo incompleto o errato e richiedere la correzione e\/o la cancellazione o la distruzione di tali dati personali,<br \/>\nOpporsi a un risultato che potrebbe essere a tuo danno dal trattamento dei dati esclusivamente da parte di sistemi automatici,<br \/>\nChiedere il risarcimento dei danni se il trattamento illecito dei dati personali dovesse causare danni.<br \/>\nSicurezza dei dati e diritti di applicazione<\/p>\n<p>I tuoi dati personali sono protetti con grande cura all&#039;interno di mezzi tecnici e amministrativi e le misure di sicurezza necessarie sono fornite a un livello adeguato ai possibili rischi all&#039;interno dei mezzi tecnologici. Compilando il \u201cModulo di richiesta in materia di protezione dei dati personali\u201d nel sito Web \u201cwww.medousaclinique.com\u201d, \u00e8 possibile;<\/p>\n<p>Consegna personalmente le tue richieste legali a Merkez, Ba\u011fc\u0131lar Cd. K\u00f6\u015fem Apt, D:No:15 D:4, 34200 Ba\u011fc\u0131lar\/Istanbul indirizzo,<br \/>\ninviarli tramite un Notaio,<br \/>\noppure puoi inviarlo tramite un indirizzo di posta elettronica registrato o un indirizzo di posta elettronica registrato nel nostro sistema, come posta elettronica protetta o con firma mobile all&#039;indirizzo info@medousaclinique.com.<br \/>\n\u201cChiarimenti Informativi Sul Trattamento Dei Dati Personali\u201d<\/p>","protected":false},"excerpt":{"rendered":"<p>CLARIFICATION\/INFORMATION ABOUT PROCESSING PERSONAL DATA Medousa Clinique As &#8220;Medousa&#8221;, we care about the security of your personal data. With this<\/p>","protected":false},"author":1,"featured_media":0,"parent":0,"menu_order":0,"comment_status":"closed","ping_status":"closed","template":"","meta":{"footnotes":""},"class_list":["post-3080","page","type-page","status-publish","hentry"],"_links":{"self":[{"href":"https:\/\/medousaclinique.com\/it\/wp-json\/wp\/v2\/pages\/3080","targetHints":{"allow":["GET"]}}],"collection":[{"href":"https:\/\/medousaclinique.com\/it\/wp-json\/wp\/v2\/pages"}],"about":[{"href":"https:\/\/medousaclinique.com\/it\/wp-json\/wp\/v2\/types\/page"}],"author":[{"embeddable":true,"href":"https:\/\/medousaclinique.com\/it\/wp-json\/wp\/v2\/users\/1"}],"replies":[{"embeddable":true,"href":"https:\/\/medousaclinique.com\/it\/wp-json\/wp\/v2\/comments?post=3080"}],"version-history":[{"count":3,"href":"https:\/\/medousaclinique.com\/it\/wp-json\/wp\/v2\/pages\/3080\/revisions"}],"predecessor-version":[{"id":3084,"href":"https:\/\/medousaclinique.com\/it\/wp-json\/wp\/v2\/pages\/3080\/revisions\/3084"}],"wp:attachment":[{"href":"https:\/\/medousaclinique.com\/it\/wp-json\/wp\/v2\/media?parent=3080"}],"curies":[{"name":"wp","href":"https:\/\/api.w.org\/{rel}","templated":true}]}}