{"id":476,"date":"2022-02-06T14:49:42","date_gmt":"2022-02-06T14:49:42","guid":{"rendered":"https:\/\/medousaclinique.com\/?page_id=476"},"modified":"2022-02-19T14:46:30","modified_gmt":"2022-02-19T14:46:30","slug":"services","status":"publish","type":"page","link":"https:\/\/medousaclinique.com\/es\/services\/","title":{"rendered":"Servicios"},"content":{"rendered":"<div class=\"wpb-content-wrapper\"><div class=\"vc_row wpb_row vc_row-fluid ust-cikinti wd-rs-61fffa6f69e04\"><div class=\"wpb_column vc_column_container vc_col-sm-12\"><div class=\"vc_column-inner\"><div class=\"wpb_wrapper\"><div class=\"vc_row wpb_row vc_inner vc_row-fluid\"><div class=\"wpb_column about-box vc_column_container vc_col-sm-3 vc_col-xs-6 wd-rs-6211000ab737e\"><div class=\"vc_column-inner\"><div class=\"wpb_wrapper\">\t\t\t<div class=\"info-box-wrapper\">\n\t\t\t\t<div id=\"wd-621101431332e\" class=\"wd-rs-621101431332e wd-info-box wd-wpb text-center box-icon-align-top box-style- color-scheme- wd-bg-none\">\n\t\t\t\t\t\t\t\t\t\t\t<div class=\"box-icon-wrapper  box-with-icon box-icon-simple\">\n\t\t\t\t\t\t\t<div class=\"info-box-icon\">\n\n\t\t\t\t\t\t\t\n\t\t\t\t\t\t\t\t\t\t\t\t\t\t\t\t\t<img loading=\"lazy\" decoding=\"async\" width=\"512\" height=\"512\" src=\"https:\/\/medousaclinique.com\/wp-content\/uploads\/2022\/02\/team.png\" class=\"attachment-90X90 size-90X90\" alt=\"\" srcset=\"https:\/\/medousaclinique.com\/wp-content\/uploads\/2022\/02\/team.png 512w, https:\/\/medousaclinique.com\/wp-content\/uploads\/2022\/02\/team-300x300.png 300w, https:\/\/medousaclinique.com\/wp-content\/uploads\/2022\/02\/team-150x150.png 150w\" sizes=\"auto, (max-width: 512px) 100vw, 512px\" \/>\t\t\t\t\t\t\t\t\t\t\t\t\t\t\t\n\t\t\t\t\t\t\t<\/div>\n\t\t\t\t\t\t<\/div>\n\t\t\t\t\t\t\t\t\t\t<div class=\"info-box-content\">\n\t\t\t\t\t\t<h4 class=\"info-box-title title box-title-style-default wd-fontsize-m\">Sobre nosotros<\/h4>\t\t\t\t\t\t<div class=\"info-box-inner reset-last-child\"><\/div>\n\n\t\t\t\t\t\t\t\t\t\t\t<\/div>\n\n\t\t\t\t\t\t\t\t\t\t\t<a class=\"wd-info-box-link wd-fill\" aria-label=\"Infobox link\" href=\"\/es\/about-us\/\" title=\"\"><\/a>\n\t\t\t\t\t\n\t\t\t\t\t\t\t\t\t<\/div>\n\t\t\t<\/div>\n\t\t<\/div><\/div><\/div><div class=\"wpb_column vc_column_container vc_col-sm-3 vc_col-xs-6 wd-rs-6211000f7dd10\"><div class=\"vc_column-inner\"><div class=\"wpb_wrapper\">\t\t\t<div class=\"info-box-wrapper\">\n\t\t\t\t<div id=\"wd-6210ffdbbb351\" class=\"wd-rs-6210ffdbbb351 wd-info-box wd-wpb text-center box-icon-align-top box-style- color-scheme- wd-bg-none\">\n\t\t\t\t\t\t\t\t\t\t\t<div class=\"box-icon-wrapper  box-with-icon box-icon-simple\">\n\t\t\t\t\t\t\t<div class=\"info-box-icon\">\n\n\t\t\t\t\t\t\t\n\t\t\t\t\t\t\t\t\t\t\t\t\t\t\t\t\t<img loading=\"lazy\" decoding=\"async\" width=\"512\" height=\"512\" src=\"https:\/\/medousaclinique.com\/wp-content\/uploads\/2022\/02\/target.png\" class=\"attachment-90X90 size-90X90\" alt=\"\" srcset=\"https:\/\/medousaclinique.com\/wp-content\/uploads\/2022\/02\/target.png 512w, https:\/\/medousaclinique.com\/wp-content\/uploads\/2022\/02\/target-300x300.png 300w, https:\/\/medousaclinique.com\/wp-content\/uploads\/2022\/02\/target-150x150.png 150w\" sizes=\"auto, (max-width: 512px) 100vw, 512px\" \/>\t\t\t\t\t\t\t\t\t\t\t\t\t\t\t\n\t\t\t\t\t\t\t<\/div>\n\t\t\t\t\t\t<\/div>\n\t\t\t\t\t\t\t\t\t\t<div class=\"info-box-content\">\n\t\t\t\t\t\t<h4 class=\"info-box-title title box-title-style-default wd-fontsize-m\">Nuestra misi\u00f3n<\/h4>\t\t\t\t\t\t<div class=\"info-box-inner reset-last-child\"><\/div>\n\n\t\t\t\t\t\t\t\t\t\t\t<\/div>\n\n\t\t\t\t\t\t\t\t\t\t\t<a class=\"wd-info-box-link wd-fill\" aria-label=\"Infobox link\" href=\"\/es\/our-mission\/\" title=\"\"><\/a>\n\t\t\t\t\t\n\t\t\t\t\t\t\t\t\t<\/div>\n\t\t\t<\/div>\n\t\t<\/div><\/div><\/div><div class=\"wpb_column vc_column_container vc_col-sm-3 vc_col-xs-6 wd-rs-62110014210b2\"><div class=\"vc_column-inner\"><div class=\"wpb_wrapper\">\t\t\t<div class=\"info-box-wrapper\">\n\t\t\t\t<div id=\"wd-621102bca2132\" class=\"wd-rs-621102bca2132 wd-info-box wd-wpb text-center box-icon-align-top box-style- color-scheme- wd-bg-none\">\n\t\t\t\t\t\t\t\t\t\t\t<div class=\"box-icon-wrapper  box-with-icon box-icon-simple\">\n\t\t\t\t\t\t\t<div class=\"info-box-icon\">\n\n\t\t\t\t\t\t\t\n\t\t\t\t\t\t\t\t\t\t\t\t\t\t\t\t\t<img loading=\"lazy\" decoding=\"async\" width=\"512\" height=\"512\" src=\"https:\/\/medousaclinique.com\/wp-content\/uploads\/2022\/02\/vision.png\" class=\"attachment-90X90 size-90X90\" alt=\"\" srcset=\"https:\/\/medousaclinique.com\/wp-content\/uploads\/2022\/02\/vision.png 512w, https:\/\/medousaclinique.com\/wp-content\/uploads\/2022\/02\/vision-300x300.png 300w, https:\/\/medousaclinique.com\/wp-content\/uploads\/2022\/02\/vision-150x150.png 150w\" sizes=\"auto, (max-width: 512px) 100vw, 512px\" \/>\t\t\t\t\t\t\t\t\t\t\t\t\t\t\t\n\t\t\t\t\t\t\t<\/div>\n\t\t\t\t\t\t<\/div>\n\t\t\t\t\t\t\t\t\t\t<div class=\"info-box-content\">\n\t\t\t\t\t\t<h4 class=\"info-box-title title box-title-style-default wd-fontsize-m\">Nuestra visi\u00f3n<\/h4>\t\t\t\t\t\t<div class=\"info-box-inner reset-last-child\"><\/div>\n\n\t\t\t\t\t\t\t\t\t\t\t<\/div>\n\n\t\t\t\t\t\t\t\t\t\t\t<a class=\"wd-info-box-link wd-fill\" aria-label=\"Infobox link\" href=\"\/es\/our-vision\/\" title=\"\"><\/a>\n\t\t\t\t\t\n\t\t\t\t\t\t\t\t\t<\/div>\n\t\t\t<\/div>\n\t\t<\/div><\/div><\/div><div class=\"wpb_column vc_column_container vc_col-sm-3 vc_col-xs-6 wd-rs-62110018ac5ba\"><div class=\"vc_column-inner\"><div class=\"wpb_wrapper\">\t\t\t<div class=\"info-box-wrapper\">\n\t\t\t\t<div id=\"wd-621102c08aabc\" class=\"wd-rs-621102c08aabc wd-info-box wd-wpb text-center box-icon-align-top box-style- color-scheme- wd-bg-none box-active\">\n\t\t\t\t\t\t\t\t\t\t\t<div class=\"box-icon-wrapper  box-with-icon box-icon-simple\">\n\t\t\t\t\t\t\t<div class=\"info-box-icon\">\n\n\t\t\t\t\t\t\t\n\t\t\t\t\t\t\t\t\t\t\t\t\t\t\t\t\t<img loading=\"lazy\" decoding=\"async\" width=\"512\" height=\"512\" src=\"https:\/\/medousaclinique.com\/wp-content\/uploads\/2022\/02\/customer-service-1.png\" class=\"attachment-90X90 size-90X90\" alt=\"\" srcset=\"https:\/\/medousaclinique.com\/wp-content\/uploads\/2022\/02\/customer-service-1.png 512w, https:\/\/medousaclinique.com\/wp-content\/uploads\/2022\/02\/customer-service-1-300x300.png 300w, https:\/\/medousaclinique.com\/wp-content\/uploads\/2022\/02\/customer-service-1-150x150.png 150w\" sizes=\"auto, (max-width: 512px) 100vw, 512px\" \/>\t\t\t\t\t\t\t\t\t\t\t\t\t\t\t\n\t\t\t\t\t\t\t<\/div>\n\t\t\t\t\t\t<\/div>\n\t\t\t\t\t\t\t\t\t\t<div class=\"info-box-content\">\n\t\t\t\t\t\t<h4 class=\"info-box-title title box-title-style-default wd-fontsize-m\">Servicios<\/h4>\t\t\t\t\t\t<div class=\"info-box-inner reset-last-child\"><\/div>\n\n\t\t\t\t\t\t\t\t\t\t\t<\/div>\n\n\t\t\t\t\t\t\t\t\t\t\t<a class=\"wd-info-box-link wd-fill\" aria-label=\"Infobox link\" href=\"\/es\/services\/\" title=\"\"><\/a>\n\t\t\t\t\t\n\t\t\t\t\t\t\t\t\t<\/div>\n\t\t\t<\/div>\n\t\t<\/div><\/div><\/div><\/div><div class=\"vc_row wpb_row vc_inner vc_row-fluid\"><div class=\"wpb_column vc_column_container vc_col-sm-12\"><div class=\"vc_column-inner\"><div class=\"wpb_wrapper\">\n\t<div class=\"wpb_text_column wpb_content_element\" >\n\t\t<div class=\"wpb_wrapper\">\n\t\t\t<h2 style=\"text-align: center;\">Privilegios e itinerario del paciente<\/h2>\n\n\t\t<\/div>\n\t<\/div>\n<\/div><\/div><\/div><\/div><div class=\"vc_row wpb_row vc_inner vc_row-fluid\"><div class=\"wpb_column vc_column_container vc_col-sm-6\"><div class=\"vc_column-inner\"><div class=\"wpb_wrapper\">\n\t<div  class=\"wpb_single_image wpb_content_element vc_align_center\">\n\t\t\n\t\t<figure class=\"wpb_wrapper vc_figure\">\n\t\t\t<div class=\"vc_single_image-wrapper   vc_box_border_grey\"><img loading=\"lazy\" decoding=\"async\" width=\"500\" height=\"275\" src=\"https:\/\/medousaclinique.com\/wp-content\/uploads\/2022\/02\/medousa-clinique-call-us-500x275-1.jpg\" class=\"vc_single_image-img attachment-full\" alt=\"\" title=\"medousa-clinique-ll\u00e1manos-500x275\" srcset=\"https:\/\/medousaclinique.com\/wp-content\/uploads\/2022\/02\/medousa-clinique-call-us-500x275-1.jpg 500w, https:\/\/medousaclinique.com\/wp-content\/uploads\/2022\/02\/medousa-clinique-call-us-500x275-1-300x165.jpg 300w\" sizes=\"auto, (max-width: 500px) 100vw, 500px\" \/><\/div>\n\t\t<\/figure>\n\t<\/div>\n<\/div><\/div><\/div><div class=\"wpb_column vc_column_container vc_col-sm-6\"><div class=\"vc_column-inner\"><div class=\"wpb_wrapper\">\n\t<div class=\"wpb_text_column wpb_content_element\" >\n\t\t<div class=\"wpb_wrapper\">\n\t\t\t<h3>Cont\u00e1ctenos<\/h3>\n\n\t\t<\/div>\n\t<\/div>\n\n\t<div class=\"wpb_text_column wpb_content_element\" >\n\t\t<div class=\"wpb_wrapper\">\n\t\t\t<p>La forma m\u00e1s r\u00e1pida de contactar con nosotros es a trav\u00e9s de <a href=\"\/es\/contact-us\/\">Chat en vivo o WhatsApp<\/a>. Puede seleccionar enviarnos un formulario o simplemente un correo electr\u00f3nico. Cuando se comunique con nosotros, puede consultar cualquier cosa e informarnos sobre sus deseos dentales. Puede enviar por correo sus instant\u00e1neas de esmalte y\/o instant\u00e1neas de rayos X a trav\u00e9s de todos los canales, incluido el chat en vivo. Tenga en cuenta que proporcionarnos tantos registros como sea posible y fotos de rayos X nos ayudar\u00e1 a brindarle una cotizaci\u00f3n y un plan de tratamiento precisos. Tambi\u00e9n puedes solicitar una consulta por videollamada.<\/p>\n\n\t\t<\/div>\n\t<\/div>\n<\/div><\/div><\/div><\/div><div class=\"vc_row wpb_row vc_inner vc_row-fluid\"><div class=\"wpb_column vc_column_container vc_col-sm-6\"><div class=\"vc_column-inner\"><div class=\"wpb_wrapper\">\n\t<div  class=\"wpb_single_image wpb_content_element vc_align_center\">\n\t\t\n\t\t<figure class=\"wpb_wrapper vc_figure\">\n\t\t\t<div class=\"vc_single_image-wrapper   vc_box_border_grey\"><img loading=\"lazy\" decoding=\"async\" width=\"500\" height=\"275\" src=\"https:\/\/medousaclinique.com\/wp-content\/uploads\/2022\/02\/medousa-clinique-treatment-plan-500x275-1.jpg\" class=\"vc_single_image-img attachment-full\" alt=\"\" title=\"medousa-clinique-plan-de-tratamiento-500x275\" srcset=\"https:\/\/medousaclinique.com\/wp-content\/uploads\/2022\/02\/medousa-clinique-treatment-plan-500x275-1.jpg 500w, https:\/\/medousaclinique.com\/wp-content\/uploads\/2022\/02\/medousa-clinique-treatment-plan-500x275-1-300x165.jpg 300w\" sizes=\"auto, (max-width: 500px) 100vw, 500px\" \/><\/div>\n\t\t<\/figure>\n\t<\/div>\n<\/div><\/div><\/div><div class=\"wpb_column vc_column_container vc_col-sm-6\"><div class=\"vc_column-inner\"><div class=\"wpb_wrapper\">\n\t<div class=\"wpb_text_column wpb_content_element\" >\n\t\t<div class=\"wpb_wrapper\">\n\t\t\t<h3>Plan de tratamiento y videollamada<\/h3>\n\n\t\t<\/div>\n\t<\/div>\n\n\t<div class=\"wpb_text_column wpb_content_element\" >\n\t\t<div class=\"wpb_wrapper\">\n\t\t\t<p>Si solicit\u00f3 una sesi\u00f3n de videollamada, programaremos una fecha lo antes posible (generalmente el mismo d\u00eda) y uno de nuestros m\u00e9dicos lo llamar\u00e1. Puede compartir el estado de sus dientes con su dentista y explicarle todas sus necesidades dentales. Junto con su dentista, se preparar\u00e1 para su plan de tratamiento adecuado. Despu\u00e9s de esa llamada o tu contacto (en caso de que no hayas solicitado una videollamada), podemos enviarte un plan de tratamiento detallado y una cotizaci\u00f3n.<\/p>\n\n\t\t<\/div>\n\t<\/div>\n<\/div><\/div><\/div><\/div><div class=\"vc_row wpb_row vc_inner vc_row-fluid\"><div class=\"wpb_column vc_column_container vc_col-sm-6\"><div class=\"vc_column-inner\"><div class=\"wpb_wrapper\">\n\t<div  class=\"wpb_single_image wpb_content_element vc_align_center\">\n\t\t\n\t\t<figure class=\"wpb_wrapper vc_figure\">\n\t\t\t<div class=\"vc_single_image-wrapper   vc_box_border_grey\"><img loading=\"lazy\" decoding=\"async\" width=\"500\" height=\"275\" src=\"https:\/\/medousaclinique.com\/wp-content\/uploads\/2022\/02\/medousa-clinique-Scheduling-An-Appointment-500x275-1.jpg\" class=\"vc_single_image-img attachment-full\" alt=\"\" title=\"medousa-clinique-programar-una-cita-500x275\" srcset=\"https:\/\/medousaclinique.com\/wp-content\/uploads\/2022\/02\/medousa-clinique-Scheduling-An-Appointment-500x275-1.jpg 500w, https:\/\/medousaclinique.com\/wp-content\/uploads\/2022\/02\/medousa-clinique-Scheduling-An-Appointment-500x275-1-300x165.jpg 300w\" sizes=\"auto, (max-width: 500px) 100vw, 500px\" \/><\/div>\n\t\t<\/figure>\n\t<\/div>\n<\/div><\/div><\/div><div class=\"wpb_column vc_column_container vc_col-sm-6\"><div class=\"vc_column-inner\"><div class=\"wpb_wrapper\">\n\t<div class=\"wpb_text_column wpb_content_element\" >\n\t\t<div class=\"wpb_wrapper\">\n\t\t\t<h3>Programar una cita<\/h3>\n\n\t\t<\/div>\n\t<\/div>\n\n\t<div class=\"wpb_text_column wpb_content_element\" >\n\t\t<div class=\"wpb_wrapper\">\n\t\t\t<p>Programar una cita para su tratamiento en Medousa Clinique es muy f\u00e1cil. Nuestra sucursal de pacientes internacionales se pondr\u00e1 en contacto contigo para asignarte una fecha adecuada. No hay per\u00edodo de espera, programaremos su cita para la fecha precisa que solicite o tal vez el segundo d\u00eda, pero no m\u00e1s tarde de eso. Valoramos el tiempo de nuestros pacientes.<\/p>\n\n\t\t<\/div>\n\t<\/div>\n<\/div><\/div><\/div><\/div><div class=\"vc_row wpb_row vc_inner vc_row-fluid\"><div class=\"wpb_column vc_column_container vc_col-sm-6\"><div class=\"vc_column-inner\"><div class=\"wpb_wrapper\">\n\t<div  class=\"wpb_single_image wpb_content_element vc_align_center\">\n\t\t\n\t\t<figure class=\"wpb_wrapper vc_figure\">\n\t\t\t<div class=\"vc_single_image-wrapper   vc_box_border_grey\"><img loading=\"lazy\" decoding=\"async\" width=\"500\" height=\"275\" src=\"https:\/\/medousaclinique.com\/wp-content\/uploads\/2022\/02\/medousa-cliniue-hotel-booking-500x275.jpg.webp\" class=\"vc_single_image-img attachment-full\" alt=\"\" title=\"reserva-hotel-cliniue-medousa-500x275.jpg\" srcset=\"https:\/\/medousaclinique.com\/wp-content\/uploads\/2022\/02\/medousa-cliniue-hotel-booking-500x275.jpg.webp 500w, https:\/\/medousaclinique.com\/wp-content\/uploads\/2022\/02\/medousa-cliniue-hotel-booking-500x275.jpg-300x165.webp 300w\" sizes=\"auto, (max-width: 500px) 100vw, 500px\" \/><\/div>\n\t\t<\/figure>\n\t<\/div>\n<\/div><\/div><\/div><div class=\"wpb_column vc_column_container vc_col-sm-6\"><div class=\"vc_column-inner\"><div class=\"wpb_wrapper\">\n\t<div class=\"wpb_text_column wpb_content_element\" >\n\t\t<div class=\"wpb_wrapper\">\n\t\t\t<h3>Reserva de hotel y plan de viaje<\/h3>\n\n\t\t<\/div>\n\t<\/div>\n\n\t<div class=\"wpb_text_column wpb_content_element\" >\n\t\t<div class=\"wpb_wrapper\">\n\t\t\t<p>Nuestro equipo lo apoyar\u00e1 con su plan de viaje y reserva de alojamiento. Ofrecemos las mejores ofertas a nuestros pacientes internacionales para reservas de habitaciones en nuestros hoteles asociados. Priorizamos el beneficio de nuestros pacientes, ya que no recibimos ganancias por su reserva de hotel. A lo largo de la programaci\u00f3n, le enviaremos las ofertas de hoteles ofrecidos y una selecci\u00f3n de hoteles para que los elija. Y a su elecci\u00f3n, podemos reservar el hotel por usted. No necesitas hacer otra cosa. Tu habitaci\u00f3n estar\u00e1 lista y esper\u00e1ndote mientras llegas. Nos asociamos con hoteles de cuatro y cinco estrellas y garantizamos la comodidad de nuestros pacientes durante toda su estad\u00eda en Estambul. Por supuesto, tiene total libertad para rechazar nuestra oferta de alojamiento y reservar un hotel de su elecci\u00f3n.<\/p>\n\n\t\t<\/div>\n\t<\/div>\n<\/div><\/div><\/div><\/div><div class=\"vc_row wpb_row vc_inner vc_row-fluid\"><div class=\"wpb_column vc_column_container vc_col-sm-6\"><div class=\"vc_column-inner\"><div class=\"wpb_wrapper\">\n\t<div  class=\"wpb_single_image wpb_content_element vc_align_center\">\n\t\t\n\t\t<figure class=\"wpb_wrapper vc_figure\">\n\t\t\t<div class=\"vc_single_image-wrapper   vc_box_border_grey\"><img loading=\"lazy\" decoding=\"async\" width=\"500\" height=\"275\" src=\"https:\/\/medousaclinique.com\/wp-content\/uploads\/2022\/02\/medousa-clinique-ariiveld-to-istanbul-500x275.jpg.webp\" class=\"vc_single_image-img attachment-full\" alt=\"\" title=\"medousa-clinique-ariiveld-a-estambul-500x275.jpg\" srcset=\"https:\/\/medousaclinique.com\/wp-content\/uploads\/2022\/02\/medousa-clinique-ariiveld-to-istanbul-500x275.jpg.webp 500w, https:\/\/medousaclinique.com\/wp-content\/uploads\/2022\/02\/medousa-clinique-ariiveld-to-istanbul-500x275.jpg-300x165.webp 300w\" sizes=\"auto, (max-width: 500px) 100vw, 500px\" \/><\/div>\n\t\t<\/figure>\n\t<\/div>\n<\/div><\/div><\/div><div class=\"wpb_column vc_column_container vc_col-sm-6\"><div class=\"vc_column-inner\"><div class=\"wpb_wrapper\">\n\t<div class=\"wpb_text_column wpb_content_element\" >\n\t\t<div class=\"wpb_wrapper\">\n\t\t\t<h3>Llegada a Estambul<\/h3>\n\n\t\t<\/div>\n\t<\/div>\n\n\t<div class=\"wpb_text_column wpb_content_element\" >\n\t\t<div class=\"wpb_wrapper\">\n\t\t\t<p>\u00a1Bienvenido a Estambul! Nos complace tenerlo aqu\u00ed como paciente y visitante. nunca experimentar\u00e1s estar perdido en Estambul. Antes de que su avi\u00f3n aterrice, nuestro equipo dedicado lo estar\u00e1 esperando para darle la bienvenida desde el aeropuerto cuando llegue. Su coche VIP le encantar\u00e1, ser\u00e1 transportado a su hotel sin demora (sin cargo). No perder\u00e1 tiempo con traslados al aeropuerto o transporte p\u00fablico para llegar a su alojamiento.<\/p>\n\n\t\t<\/div>\n\t<\/div>\n<\/div><\/div><\/div><\/div><div class=\"vc_row wpb_row vc_inner vc_row-fluid\"><div class=\"wpb_column vc_column_container vc_col-sm-6\"><div class=\"vc_column-inner\"><div class=\"wpb_wrapper\">\n\t<div  class=\"wpb_single_image wpb_content_element vc_align_center\">\n\t\t\n\t\t<figure class=\"wpb_wrapper vc_figure\">\n\t\t\t<div class=\"vc_single_image-wrapper   vc_box_border_grey\"><img loading=\"lazy\" decoding=\"async\" width=\"500\" height=\"275\" src=\"https:\/\/medousaclinique.com\/wp-content\/uploads\/2022\/02\/medouaa-clinique-treatment-500x275.jpg.webp\" class=\"vc_single_image-img attachment-full\" alt=\"\" title=\"medouaa-clinique-tratamiento-500x275.jpg\" srcset=\"https:\/\/medousaclinique.com\/wp-content\/uploads\/2022\/02\/medouaa-clinique-treatment-500x275.jpg.webp 500w, https:\/\/medousaclinique.com\/wp-content\/uploads\/2022\/02\/medouaa-clinique-treatment-500x275.jpg-300x165.webp 300w\" sizes=\"auto, (max-width: 500px) 100vw, 500px\" \/><\/div>\n\t\t<\/figure>\n\t<\/div>\n<\/div><\/div><\/div><div class=\"wpb_column vc_column_container vc_col-sm-6\"><div class=\"vc_column-inner\"><div class=\"wpb_wrapper\">\n\t<div class=\"wpb_text_column wpb_content_element\" >\n\t\t<div class=\"wpb_wrapper\">\n\t\t\t<h3>Tu Tratamiento<\/h3>\n\n\t\t<\/div>\n\t<\/div>\n\n\t<div class=\"wpb_text_column wpb_content_element\" >\n\t\t<div class=\"wpb_wrapper\">\n\t\t\t<p>El d\u00eda de su cita con nuestra instituci\u00f3n m\u00e9dica, generalmente al d\u00eda siguiente, uno de nuestros coordinadores de pacientes internacionales lo recoger\u00e1 de su albergue. En la cl\u00ednica, nuestros m\u00e9dicos lo recibir\u00e1n y su tratamiento comenzar\u00e1 de acuerdo con su plan de tratamiento. Despu\u00e9s de su tratamiento, lo acompa\u00f1ar\u00e1n de regreso a su hotel. Deber\u00e1 asistir a nuestro hospital varias veces durante su estad\u00eda en Turqu\u00eda, seg\u00fan su plan de tratamiento. Nuestros conductores estar\u00e1n listos para recogerlo y regresarlo a su hotel en cada cita.<\/p>\n\n\t\t<\/div>\n\t<\/div>\n<\/div><\/div><\/div><\/div><div class=\"vc_row wpb_row vc_inner vc_row-fluid\"><div class=\"wpb_column vc_column_container vc_col-sm-6\"><div class=\"vc_column-inner\"><div class=\"wpb_wrapper\">\n\t<div  class=\"wpb_single_image wpb_content_element vc_align_center\">\n\t\t\n\t\t<figure class=\"wpb_wrapper vc_figure\">\n\t\t\t<div class=\"vc_single_image-wrapper   vc_box_border_grey\"><img loading=\"lazy\" decoding=\"async\" width=\"500\" height=\"275\" src=\"https:\/\/medousaclinique.com\/wp-content\/uploads\/2022\/02\/medousa-clinique-istanbul-holiday-500x275.jpg.webp\" class=\"vc_single_image-img attachment-full\" alt=\"\" title=\"medousa-clinique-estambul-vacaciones-500x275.jpg\" srcset=\"https:\/\/medousaclinique.com\/wp-content\/uploads\/2022\/02\/medousa-clinique-istanbul-holiday-500x275.jpg.webp 500w, https:\/\/medousaclinique.com\/wp-content\/uploads\/2022\/02\/medousa-clinique-istanbul-holiday-500x275.jpg-300x165.webp 300w\" sizes=\"auto, (max-width: 500px) 100vw, 500px\" \/><\/div>\n\t\t<\/figure>\n\t<\/div>\n<\/div><\/div><\/div><div class=\"wpb_column vc_column_container vc_col-sm-6\"><div class=\"vc_column-inner\"><div class=\"wpb_wrapper\">\n\t<div class=\"wpb_text_column wpb_content_element\" >\n\t\t<div class=\"wpb_wrapper\">\n\t\t\t<h3>Vacaciones est\u00e9ticas y dentales en Estambul<\/h3>\n\n\t\t<\/div>\n\t<\/div>\n\n\t<div class=\"wpb_text_column wpb_content_element\" >\n\t\t<div class=\"wpb_wrapper\">\n\t\t\t<p>tu viaje a\u00a0<b class=\"jsx-12600171\"><a href=\"https:\/\/en.wikipedia.org\/wiki\/Istanbul\" target=\"_blank\" rel=\"noopener\">Estanbul<\/a><\/b>\u00a0ser\u00e1 una experiencia inolvidable. Estambul es una de las ciudades m\u00e1s antiguas e hist\u00f3ricas del mundo. Es la ciudad favorita de muchos viajeros ubicada en continentes separados. Con su sociedad multicultural y sus vecindarios, dondequiera que vaya, siempre habr\u00e1 algo para sorprenderse, sin mencionar la deliciosa cocina turca para obsequiar. La extraordinaria vida nocturna de Estambul ha sobrepasado a muchas ciudades de la regi\u00f3n. Entre los lugares hist\u00f3ricos, el B\u00f3sforo, el Palacio de Topkapi, los museos Hagia Sophia y Karia, la Torre de G\u00e1lata y la Torre de la Doncella son solo algunos de los lugares que puede visitar. Adem\u00e1s, ofrecemos descuentos en tours tur\u00edsticos a nuestros pacientes internacionales para que disfruten de Estambul al m\u00e1ximo.<\/p>\n\n\t\t<\/div>\n\t<\/div>\n<\/div><\/div><\/div><\/div><div class=\"vc_row wpb_row vc_inner vc_row-fluid\"><div class=\"wpb_column vc_column_container vc_col-sm-6\"><div class=\"vc_column-inner\"><div class=\"wpb_wrapper\">\n\t<div  class=\"wpb_single_image wpb_content_element vc_align_center\">\n\t\t\n\t\t<figure class=\"wpb_wrapper vc_figure\">\n\t\t\t<div class=\"vc_single_image-wrapper   vc_box_border_grey\"><img loading=\"lazy\" decoding=\"async\" width=\"500\" height=\"275\" src=\"https:\/\/medousaclinique.com\/wp-content\/uploads\/2022\/02\/medousa-clinique-departure-500x275.jpg.webp\" class=\"vc_single_image-img attachment-full\" alt=\"\" title=\"medousa-clinique-salida-500x275.jpg\" srcset=\"https:\/\/medousaclinique.com\/wp-content\/uploads\/2022\/02\/medousa-clinique-departure-500x275.jpg.webp 500w, https:\/\/medousaclinique.com\/wp-content\/uploads\/2022\/02\/medousa-clinique-departure-500x275.jpg-300x165.webp 300w\" sizes=\"auto, (max-width: 500px) 100vw, 500px\" \/><\/div>\n\t\t<\/figure>\n\t<\/div>\n<\/div><\/div><\/div><div class=\"wpb_column vc_column_container vc_col-sm-6\"><div class=\"vc_column-inner\"><div class=\"wpb_wrapper\">\n\t<div class=\"wpb_text_column wpb_content_element\" >\n\t\t<div class=\"wpb_wrapper\">\n\t\t\t<h3>Partida<\/h3>\n\n\t\t<\/div>\n\t<\/div>\n\n\t<div class=\"wpb_text_column wpb_content_element\" >\n\t\t<div class=\"wpb_wrapper\">\n\t\t\t<p>Recomendamos persistentemente a nuestros pacientes que regresen nuevamente a nuestra cl\u00ednica para un chequeo final de su tratamiento. Al final de su tratamiento, le preguntaremos sobre la informaci\u00f3n de su vuelo para que podamos ofrecerle un viaje VIP al aeropuerto despu\u00e9s de su salida del hotel. Definitivamente lo extra\u00f1aremos aqu\u00ed como nuestro querido invitado. \u00a1Buen viaje!<\/p>\n\n\t\t<\/div>\n\t<\/div>\n<\/div><\/div><\/div><\/div><\/div><\/div><\/div><\/div>\n<\/div>","protected":false},"excerpt":{"rendered":"About Us Our Mission Our Vision Services Patient Privileges and Itinerary Contacting Us The fastest way of contacting us is","protected":false},"author":1,"featured_media":0,"parent":0,"menu_order":0,"comment_status":"closed","ping_status":"closed","template":"","meta":{"footnotes":""},"class_list":["post-476","page","type-page","status-publish","hentry"],"_links":{"self":[{"href":"https:\/\/medousaclinique.com\/es\/wp-json\/wp\/v2\/pages\/476","targetHints":{"allow":["GET"]}}],"collection":[{"href":"https:\/\/medousaclinique.com\/es\/wp-json\/wp\/v2\/pages"}],"about":[{"href":"https:\/\/medousaclinique.com\/es\/wp-json\/wp\/v2\/types\/page"}],"author":[{"embeddable":true,"href":"https:\/\/medousaclinique.com\/es\/wp-json\/wp\/v2\/users\/1"}],"replies":[{"embeddable":true,"href":"https:\/\/medousaclinique.com\/es\/wp-json\/wp\/v2\/comments?post=476"}],"version-history":[{"count":10,"href":"https:\/\/medousaclinique.com\/es\/wp-json\/wp\/v2\/pages\/476\/revisions"}],"predecessor-version":[{"id":3463,"href":"https:\/\/medousaclinique.com\/es\/wp-json\/wp\/v2\/pages\/476\/revisions\/3463"}],"wp:attachment":[{"href":"https:\/\/medousaclinique.com\/es\/wp-json\/wp\/v2\/media?parent=476"}],"curies":[{"name":"wp","href":"https:\/\/api.w.org\/{rel}","templated":true}]}}