{"id":3080,"date":"2022-09-02T13:40:57","date_gmt":"2022-09-02T10:40:57","guid":{"rendered":"https:\/\/medousaclinique.com\/?page_id=3080"},"modified":"2022-09-02T13:48:38","modified_gmt":"2022-09-02T10:48:38","slug":"privacy-policy","status":"publish","type":"page","link":"https:\/\/medousaclinique.com\/es\/privacy-policy\/","title":{"rendered":"Pol\u00edtica de privacidad"},"content":{"rendered":"<h3>ACLARACI\u00d3N\/INFORMACI\u00d3N SOBRE EL TRATAMIENTO DE DATOS PERSONALES<\/h3>\n<p>Medousa Clinique Como \u201cMedousa\u201d, nos preocupamos por la seguridad de sus datos personales. Con esto en mente, mostramos una gran sensibilidad para proteger todos sus datos personales de la mejor manera y con la mayor precisi\u00f3n posible. Con esta responsabilidad en mente, de acuerdo con la ley 6698, Ley de Protecci\u00f3n de Datos Personales (\u201cLey\u201d) y la legislaci\u00f3n relacionada, con el t\u00edtulo de Encargado de Datos, tratamos sus datos como se indica a continuaci\u00f3n.<\/p>\n<h4>Recopilaci\u00f3n, procesamiento de datos personales y motivos del procesamiento<\/h4>\n<p>Para poder brindarle un servicio de alta calidad, en base a las caracter\u00edsticas del servicio prestado, recabamos sus datos personales a trav\u00e9s de Call Center, internet, aplicaciones m\u00f3viles, entornos f\u00edsicos y canales similares, en forma verbal, escrita, visual o electr\u00f3nica.<\/p>\n<p>En tal sentido, a continuaci\u00f3n se enumeran todos los datos personales generales y privados primarios, en especial los datos personales de salud que son necesarios para realizar todos los servicios de diagn\u00f3stico, examen, tratamiento y atenci\u00f3n m\u00e9dica;<\/p>\n<p>Informaci\u00f3n de identificaci\u00f3n, como su nombre, apellido, TR ID no, si no es ciudadano turco, su n\u00famero de pasaporte o TR ID temporal, fecha y lugar de nacimiento, estado civil y sexo, y su TR ID o copia de licencia de conducir que presentaste,<br \/>\ninformaci\u00f3n de comunicaci\u00f3n como su direcci\u00f3n, n\u00famero de tel\u00e9fono, correo electr\u00f3nico, datos financieros como n\u00famero de cuenta bancaria, n\u00famero IBAN,<br \/>\nDatos de salud y vida sexual recopilados durante la realizaci\u00f3n de servicios de diagn\u00f3stico, tratamiento y atenci\u00f3n m\u00e9dica, como sus resultados de laboratorio e im\u00e1genes, resultados de pruebas, datos de ex\u00e1menes, datos de recetas que envi\u00f3 para el seguimiento de su expediente,<br \/>\nSu respuesta y comentarios que comparti\u00f3 para evaluar nuestros servicios,<br \/>\nLa imagen del sistema de c\u00e1mara de circuito cerrado y las grabaciones de voz recopiladas durante su visita a nuestros hospitales,<br \/>\nSus llamadas telef\u00f3nicas grabadas recopiladas cuando se comunic\u00f3 con nuestro Call Center,<br \/>\nSus datos de seguro de salud personal y datos del Servicio de Seguridad Social para financiar y planificar servicios de salud,<br \/>\nLos datos de la placa de su veh\u00edculo si utiliza los servicios de estacionamiento y valet,<br \/>\nInformaci\u00f3n de visitas, direcci\u00f3n IP, informaci\u00f3n de escaneo recopilada cuando visita nuestro sitio web y utiliza nuestras aplicaciones m\u00f3viles, y documentos m\u00e9dicos, encuestas, informaci\u00f3n de formularios y datos de ubicaci\u00f3n que envi\u00f3 por su propia voluntad,<br \/>\nSus datos personales indicados anteriormente y sus datos personales especiales pueden ser procesados por los siguientes motivos:<\/p>\n<p>Para proteger la salud p\u00fablica, para llevar a cabo servicios m\u00e9dicos de protecci\u00f3n, diagn\u00f3stico m\u00e9dico, tratamiento y atenci\u00f3n,<br \/>\nDe acuerdo con la legislaci\u00f3n relacionada, para compartir la informaci\u00f3n exigida por el Ministerio de Salud y otras instituciones y organizaciones p\u00fablicas,<br \/>\nPara satisfacer los requisitos legales y reglamentarios,<br \/>\nEn lo que respecta a la financiaci\u00f3n, y hacer frente a los gastos de pruebas, diagn\u00f3stico y tratamiento, y para comprobar la condonaci\u00f3n, compartir la informaci\u00f3n demandada por las compa\u00f1\u00edas de seguros privadas, a trav\u00e9s de nuestros departamentos de Atenci\u00f3n al Paciente, Asuntos Financieros, Marketing,<br \/>\nPara informarle sobre su cita a trav\u00e9s de nuestro Call Center y Canales Digitales,<br \/>\nPara confirmar su identidad a trav\u00e9s de Servicios al Paciente, Profesionales de la Salud y Call Center,<br \/>\nPlanificar y gestionar la administraci\u00f3n interna de la instituci\u00f3n a trav\u00e9s de nuestra Gerencia Hospitalaria,<br \/>\nRealizar an\u00e1lisis para mejorar los servicios de salud v\u00eda Calidad, Experiencia del Paciente, Sistemas de Informaci\u00f3n,<br \/>\nBrindar capacitaci\u00f3n a nuestros empleados por parte de los departamentos de Recursos Humanos y Calidad,<br \/>\nObservar y obstruir procesos no autorizados y abusivos a trav\u00e9s de los departamentos de Auditor\u00eda y Sistemas de Informaci\u00f3n,<br \/>\nLlevar a cabo actividades de gesti\u00f3n de riesgos y desarrollo de la calidad a trav\u00e9s de los departamentos de Calidad, Experiencia del paciente, Sistemas de informaci\u00f3n,<br \/>\nPara realizar la facturaci\u00f3n de los servicios prestados a trav\u00e9s de Servicios al paciente, Asuntos financieros, Departamentos de marketing,<br \/>\nPara confirmar su relaci\u00f3n con instituciones contratadas con nuestro hospital a trav\u00e9s de los departamentos de Servicios al Paciente, Asuntos Financieros, Marketing,<br \/>\nPara responder a todas sus preguntas y quejas relacionadas con nuestros servicios de salud a trav\u00e9s de los departamentos de Gesti\u00f3n Hospitalaria, Experiencia del Paciente, Derechos del Paciente, Call Center,<br \/>\nTomar todas las precauciones t\u00e9cnicas y administrativas necesarias para la seguridad de los datos del sistema y aplicaciones de nuestro hospital, a trav\u00e9s de los departamentos de Gesti\u00f3n Hospitalaria, Sistemas de Informaci\u00f3n,<br \/>\nProporcionar participaci\u00f3n en campa\u00f1as e informaci\u00f3n de campa\u00f1as, y dise\u00f1ar y transmitir contenido especial, ganancias concretas y abstractas en canales Web y m\u00f3viles a trav\u00e9s de los departamentos de Marketing, Medios y Comunicaci\u00f3n, Call Center,<br \/>\nPara medir, aumentar e investigar la satisfacci\u00f3n del paciente a trav\u00e9s de los departamentos de Gesti\u00f3n hospitalaria, Derechos del paciente, Experiencia del paciente,<br \/>\nRealizar actividades de formaci\u00f3n y educaci\u00f3n a trav\u00e9s de las instituciones educativas que cooperen con la instituci\u00f3n. \u201cSus Datos Personales y Especiales\u201d se\u00f1alados anteriormente, ser\u00e1n registrados y resguardados en archivos f\u00edsicos y electr\u00f3nicos por Medousa y proveedores de servicios externos, de conformidad con las normas y con sumo cuidado.<\/p>\n<h4>Transferencia de datos personales<\/h4>\n<p>Su informaci\u00f3n personal podr\u00eda ser compartida con los siguientes, de conformidad con la Ley B\u00e1sica de Servicios de Salud No 3359, el Decreto Estatutario No 663 sobre la Organizaci\u00f3n y Funciones del Ministerio de Salud y sus Filiales, la Ley de Protecci\u00f3n de Datos Personales No 6698, la Legislaci\u00f3n de Hospitales Privados, el Procesamiento de Datos Personales M\u00e9dicos y Protecci\u00f3n de la Privacidad Legislaci\u00f3n y reglamentos del Ministerio de Salud y miscel\u00e1neos, y con las razones<\/p>\n<p>explicado arriba;<br \/>\nMinisterio de Salud, subdivisiones del ministerio y centros de medicina familiar,<br \/>\nCompa\u00f1\u00edas de seguros privados (seguros de salud, jubilaci\u00f3n, vida y similares),<br \/>\ninstituci\u00f3n de servicios sociales,<br \/>\nDirecci\u00f3n General de Seguridad y otros cuerpos y fuerzas de seguridad,<br \/>\nDirecci\u00f3n General del Censo,<br \/>\nasociaci\u00f3n de farmac\u00e9uticos turcos,<br \/>\nAutoridades judiciales,<br \/>\nPara diagn\u00f3stico y tratamiento m\u00e9dico, laboratorios en Turqu\u00eda y en el extranjero con los que cooperamos, centros m\u00e9dicos, instituciones que brindan ambulancia, dispositivos m\u00e9dicos y servicios de salud,<br \/>\nInstituci\u00f3n m\u00e9dica que el paciente fue trasladado o aplicado por su propia voluntad,<br \/>\nSus representantes legales autorizados,<br \/>\nTerceros que nos brindan consultor\u00eda, incluidos nuestros abogados, asesores fiscales y auditores,<br \/>\nInstituciones reguladoras y auditoras y autoridades oficiales,<\/p>\n<h4>M\u00e9todo y Causa Legal de Recopilaci\u00f3n de Datos Personales<\/h4>\n<p>Sus datos personales est\u00e1n siendo recabados y tratados en todo tipo de medios verbales, escritos, visuales o electr\u00f3nicos, con las finalidades expuestas anteriormente, para llevar a cabo todos los asuntos de la actividad de Medousa en un marco legal, y para que Medousa pueda realizar todas sus responsabilidades contractuales y legales en su totalidad y como es debido.<\/p>\n<p>La raz\u00f3n legal para recopilar sus datos personales por este medio;<\/p>\n<p>N\u00b0 6698 Ley de Protecci\u00f3n de Datos Personales,<br \/>\nNo 3359 Ley B\u00e1sica de Servicios de Salud,<br \/>\nDecreto Ley N\u00b0 663 Sobre Organizaci\u00f3n y Funciones del Ministerio de Salud y sus Dependientes,<br \/>\nLegislaci\u00f3n de Hospitales Privados,<br \/>\nProcesamiento de Datos M\u00e9dicos Personales y Protecci\u00f3n de la Legislaci\u00f3n de Privacidad,<br \/>\nReglamentos del Ministerio de Salud y reglamentos varios.<br \/>\nAsimismo, como lo establece el art\u00edculo 6 inciso 3 de la Ley, los datos personales relativos a la salud y la vida sexual s\u00f3lo pueden ser tratados sin el consentimiento abierto de la persona relacionada por personas o instituciones y organizaciones autorizadas con obligaci\u00f3n de confidencialidad para proteger la salud p\u00fablica, para realizar servicios m\u00e9dicos. servicios de diagn\u00f3stico, tratamiento y atenci\u00f3n, planificaci\u00f3n y gesti\u00f3n de servicios m\u00e9dicos y su financiaci\u00f3n.<\/p>\n<h4>Sus derechos en materia de protecci\u00f3n de datos personales<\/h4>\n<p>De acuerdo con la legislaci\u00f3n relacionada;<\/p>\n<p>Para saber si los datos personales fueron tratados,<br \/>\nDar seguimiento a la informaci\u00f3n si los datos personales fueron procesados,<br \/>\nPara acceder y solicitar datos m\u00e9dicos personales,<br \/>\nPara conocer el motivo del tratamiento de los datos personales y si est\u00e1n siendo utilizados de acuerdo con ese motivo,<br \/>\nConocer a los terceros en el pa\u00eds o en el extranjero al que se transfirieron los datos personales,<br \/>\nPara solicitar la correcci\u00f3n de los datos personales si los datos personales se procesaron de forma incompleta o incorrecta,<br \/>\nSolicitar la supresi\u00f3n o destrucci\u00f3n de los datos personales,<br \/>\nPara solicitar la notificaci\u00f3n a terceros a los que se transfirieron los datos personales en caso de que los datos personales se procesaron de forma incompleta o incorrecta y solicita la correcci\u00f3n y\/o eliminaci\u00f3n o destrucci\u00f3n de estos datos personales,<br \/>\nOponerse a un resultado que podr\u00eda ser perjudicial para usted por el procesamiento de datos exclusivamente por sistemas autom\u00e1ticos,<br \/>\nExigir el resarcimiento de da\u00f1os y perjuicios si el tratamiento il\u00edcito de datos personales causara alg\u00fan perjuicio.<br \/>\nSeguridad de datos y derecho de aplicaci\u00f3n<\/p>\n<p>Sus datos personales est\u00e1n siendo protegidos con sumo cuidado dentro de los medios t\u00e9cnicos y administrativos, y se proporcionan las medidas de seguridad necesarias a un nivel apropiado para los posibles riesgos dentro de los medios tecnol\u00f3gicos. Al llenar el \u201cFormulario de Solicitud de Ley de Protecci\u00f3n de Datos Personales\u201d en el sitio web \u201cwww.medousaclinique.com\u201d, usted puede;<\/p>\n<p>Entregue personalmente sus solicitudes legales a Merkez, Ba\u011fc\u0131lar Cd. K\u00f6\u015fem Apt, D:No:15 D:4, 34200 Ba\u011fc\u0131lar\/Estambul direcci\u00f3n,<br \/>\nenviarlos a trav\u00e9s de un Notario,<br \/>\no puede enviarlo a trav\u00e9s de una direcci\u00f3n de correo electr\u00f3nico registrada o una direcci\u00f3n de correo electr\u00f3nico registrada en nuestro sistema, como correo electr\u00f3nico seguro o con firma m\u00f3vil a la direcci\u00f3n info@medousaclinique.com.<br \/>\n\u201cInformaci\u00f3n de aclaraci\u00f3n sobre el procesamiento de datos personales\u201d<\/p>","protected":false},"excerpt":{"rendered":"<p>CLARIFICATION\/INFORMATION ABOUT PROCESSING PERSONAL DATA Medousa Clinique As &#8220;Medousa&#8221;, we care about the security of your personal data. With this<\/p>","protected":false},"author":1,"featured_media":0,"parent":0,"menu_order":0,"comment_status":"closed","ping_status":"closed","template":"","meta":{"footnotes":""},"class_list":["post-3080","page","type-page","status-publish","hentry"],"_links":{"self":[{"href":"https:\/\/medousaclinique.com\/es\/wp-json\/wp\/v2\/pages\/3080","targetHints":{"allow":["GET"]}}],"collection":[{"href":"https:\/\/medousaclinique.com\/es\/wp-json\/wp\/v2\/pages"}],"about":[{"href":"https:\/\/medousaclinique.com\/es\/wp-json\/wp\/v2\/types\/page"}],"author":[{"embeddable":true,"href":"https:\/\/medousaclinique.com\/es\/wp-json\/wp\/v2\/users\/1"}],"replies":[{"embeddable":true,"href":"https:\/\/medousaclinique.com\/es\/wp-json\/wp\/v2\/comments?post=3080"}],"version-history":[{"count":3,"href":"https:\/\/medousaclinique.com\/es\/wp-json\/wp\/v2\/pages\/3080\/revisions"}],"predecessor-version":[{"id":3084,"href":"https:\/\/medousaclinique.com\/es\/wp-json\/wp\/v2\/pages\/3080\/revisions\/3084"}],"wp:attachment":[{"href":"https:\/\/medousaclinique.com\/es\/wp-json\/wp\/v2\/media?parent=3080"}],"curies":[{"name":"wp","href":"https:\/\/api.w.org\/{rel}","templated":true}]}}