{"id":476,"date":"2022-02-06T14:49:42","date_gmt":"2022-02-06T14:49:42","guid":{"rendered":"https:\/\/medousaclinique.com\/?page_id=476"},"modified":"2022-02-19T14:46:30","modified_gmt":"2022-02-19T14:46:30","slug":"services","status":"publish","type":"page","link":"https:\/\/medousaclinique.com\/de\/services\/","title":{"rendered":"Dienstleistungen"},"content":{"rendered":"<div class=\"wpb-content-wrapper\"><div class=\"vc_row wpb_row vc_row-fluid ust-cikinti wd-rs-61fffa6f69e04\"><div class=\"wpb_column vc_column_container vc_col-sm-12\"><div class=\"vc_column-inner\"><div class=\"wpb_wrapper\"><div class=\"vc_row wpb_row vc_inner vc_row-fluid\"><div class=\"wpb_column about-box vc_column_container vc_col-sm-3 vc_col-xs-6 wd-rs-6211000ab737e\"><div class=\"vc_column-inner\"><div class=\"wpb_wrapper\">\t\t\t<div class=\"info-box-wrapper\">\n\t\t\t\t<div id=\"wd-621101431332e\" class=\"wd-rs-621101431332e wd-info-box wd-wpb text-center box-icon-align-top box-style- color-scheme- wd-bg-none\">\n\t\t\t\t\t\t\t\t\t\t\t<div class=\"box-icon-wrapper  box-with-icon box-icon-simple\">\n\t\t\t\t\t\t\t<div class=\"info-box-icon\">\n\n\t\t\t\t\t\t\t\n\t\t\t\t\t\t\t\t\t\t\t\t\t\t\t\t\t<img loading=\"lazy\" decoding=\"async\" width=\"512\" height=\"512\" src=\"https:\/\/medousaclinique.com\/wp-content\/uploads\/2022\/02\/team.png\" class=\"attachment-90X90 size-90X90\" alt=\"\" srcset=\"https:\/\/medousaclinique.com\/wp-content\/uploads\/2022\/02\/team.png 512w, https:\/\/medousaclinique.com\/wp-content\/uploads\/2022\/02\/team-300x300.png 300w, https:\/\/medousaclinique.com\/wp-content\/uploads\/2022\/02\/team-150x150.png 150w\" sizes=\"auto, (max-width: 512px) 100vw, 512px\" \/>\t\t\t\t\t\t\t\t\t\t\t\t\t\t\t\n\t\t\t\t\t\t\t<\/div>\n\t\t\t\t\t\t<\/div>\n\t\t\t\t\t\t\t\t\t\t<div class=\"info-box-content\">\n\t\t\t\t\t\t<h4 class=\"info-box-title title box-title-style-default wd-fontsize-m\">\u00dcber uns<\/h4>\t\t\t\t\t\t<div class=\"info-box-inner reset-last-child\"><\/div>\n\n\t\t\t\t\t\t\t\t\t\t\t<\/div>\n\n\t\t\t\t\t\t\t\t\t\t\t<a class=\"wd-info-box-link wd-fill\" aria-label=\"Infobox link\" href=\"\/de\/about-us\/\" title=\"\"><\/a>\n\t\t\t\t\t\n\t\t\t\t\t\t\t\t\t<\/div>\n\t\t\t<\/div>\n\t\t<\/div><\/div><\/div><div class=\"wpb_column vc_column_container vc_col-sm-3 vc_col-xs-6 wd-rs-6211000f7dd10\"><div class=\"vc_column-inner\"><div class=\"wpb_wrapper\">\t\t\t<div class=\"info-box-wrapper\">\n\t\t\t\t<div id=\"wd-6210ffdbbb351\" class=\"wd-rs-6210ffdbbb351 wd-info-box wd-wpb text-center box-icon-align-top box-style- color-scheme- wd-bg-none\">\n\t\t\t\t\t\t\t\t\t\t\t<div class=\"box-icon-wrapper  box-with-icon box-icon-simple\">\n\t\t\t\t\t\t\t<div class=\"info-box-icon\">\n\n\t\t\t\t\t\t\t\n\t\t\t\t\t\t\t\t\t\t\t\t\t\t\t\t\t<img loading=\"lazy\" decoding=\"async\" width=\"512\" height=\"512\" src=\"https:\/\/medousaclinique.com\/wp-content\/uploads\/2022\/02\/target.png\" class=\"attachment-90X90 size-90X90\" alt=\"\" srcset=\"https:\/\/medousaclinique.com\/wp-content\/uploads\/2022\/02\/target.png 512w, https:\/\/medousaclinique.com\/wp-content\/uploads\/2022\/02\/target-300x300.png 300w, https:\/\/medousaclinique.com\/wp-content\/uploads\/2022\/02\/target-150x150.png 150w\" sizes=\"auto, (max-width: 512px) 100vw, 512px\" \/>\t\t\t\t\t\t\t\t\t\t\t\t\t\t\t\n\t\t\t\t\t\t\t<\/div>\n\t\t\t\t\t\t<\/div>\n\t\t\t\t\t\t\t\t\t\t<div class=\"info-box-content\">\n\t\t\t\t\t\t<h4 class=\"info-box-title title box-title-style-default wd-fontsize-m\">Unsere Aufgabe<\/h4>\t\t\t\t\t\t<div class=\"info-box-inner reset-last-child\"><\/div>\n\n\t\t\t\t\t\t\t\t\t\t\t<\/div>\n\n\t\t\t\t\t\t\t\t\t\t\t<a class=\"wd-info-box-link wd-fill\" aria-label=\"Infobox link\" href=\"\/de\/our-mission\/\" title=\"\"><\/a>\n\t\t\t\t\t\n\t\t\t\t\t\t\t\t\t<\/div>\n\t\t\t<\/div>\n\t\t<\/div><\/div><\/div><div class=\"wpb_column vc_column_container vc_col-sm-3 vc_col-xs-6 wd-rs-62110014210b2\"><div class=\"vc_column-inner\"><div class=\"wpb_wrapper\">\t\t\t<div class=\"info-box-wrapper\">\n\t\t\t\t<div id=\"wd-621102bca2132\" class=\"wd-rs-621102bca2132 wd-info-box wd-wpb text-center box-icon-align-top box-style- color-scheme- wd-bg-none\">\n\t\t\t\t\t\t\t\t\t\t\t<div class=\"box-icon-wrapper  box-with-icon box-icon-simple\">\n\t\t\t\t\t\t\t<div class=\"info-box-icon\">\n\n\t\t\t\t\t\t\t\n\t\t\t\t\t\t\t\t\t\t\t\t\t\t\t\t\t<img loading=\"lazy\" decoding=\"async\" width=\"512\" height=\"512\" src=\"https:\/\/medousaclinique.com\/wp-content\/uploads\/2022\/02\/vision.png\" class=\"attachment-90X90 size-90X90\" alt=\"\" srcset=\"https:\/\/medousaclinique.com\/wp-content\/uploads\/2022\/02\/vision.png 512w, https:\/\/medousaclinique.com\/wp-content\/uploads\/2022\/02\/vision-300x300.png 300w, https:\/\/medousaclinique.com\/wp-content\/uploads\/2022\/02\/vision-150x150.png 150w\" sizes=\"auto, (max-width: 512px) 100vw, 512px\" \/>\t\t\t\t\t\t\t\t\t\t\t\t\t\t\t\n\t\t\t\t\t\t\t<\/div>\n\t\t\t\t\t\t<\/div>\n\t\t\t\t\t\t\t\t\t\t<div class=\"info-box-content\">\n\t\t\t\t\t\t<h4 class=\"info-box-title title box-title-style-default wd-fontsize-m\">Unsere Vision<\/h4>\t\t\t\t\t\t<div class=\"info-box-inner reset-last-child\"><\/div>\n\n\t\t\t\t\t\t\t\t\t\t\t<\/div>\n\n\t\t\t\t\t\t\t\t\t\t\t<a class=\"wd-info-box-link wd-fill\" aria-label=\"Infobox link\" href=\"\/de\/our-vision\/\" title=\"\"><\/a>\n\t\t\t\t\t\n\t\t\t\t\t\t\t\t\t<\/div>\n\t\t\t<\/div>\n\t\t<\/div><\/div><\/div><div class=\"wpb_column vc_column_container vc_col-sm-3 vc_col-xs-6 wd-rs-62110018ac5ba\"><div class=\"vc_column-inner\"><div class=\"wpb_wrapper\">\t\t\t<div class=\"info-box-wrapper\">\n\t\t\t\t<div id=\"wd-621102c08aabc\" class=\"wd-rs-621102c08aabc wd-info-box wd-wpb text-center box-icon-align-top box-style- color-scheme- wd-bg-none box-active\">\n\t\t\t\t\t\t\t\t\t\t\t<div class=\"box-icon-wrapper  box-with-icon box-icon-simple\">\n\t\t\t\t\t\t\t<div class=\"info-box-icon\">\n\n\t\t\t\t\t\t\t\n\t\t\t\t\t\t\t\t\t\t\t\t\t\t\t\t\t<img loading=\"lazy\" decoding=\"async\" width=\"512\" height=\"512\" src=\"https:\/\/medousaclinique.com\/wp-content\/uploads\/2022\/02\/customer-service-1.png\" class=\"attachment-90X90 size-90X90\" alt=\"\" srcset=\"https:\/\/medousaclinique.com\/wp-content\/uploads\/2022\/02\/customer-service-1.png 512w, https:\/\/medousaclinique.com\/wp-content\/uploads\/2022\/02\/customer-service-1-300x300.png 300w, https:\/\/medousaclinique.com\/wp-content\/uploads\/2022\/02\/customer-service-1-150x150.png 150w\" sizes=\"auto, (max-width: 512px) 100vw, 512px\" \/>\t\t\t\t\t\t\t\t\t\t\t\t\t\t\t\n\t\t\t\t\t\t\t<\/div>\n\t\t\t\t\t\t<\/div>\n\t\t\t\t\t\t\t\t\t\t<div class=\"info-box-content\">\n\t\t\t\t\t\t<h4 class=\"info-box-title title box-title-style-default wd-fontsize-m\">Dienstleistungen<\/h4>\t\t\t\t\t\t<div class=\"info-box-inner reset-last-child\"><\/div>\n\n\t\t\t\t\t\t\t\t\t\t\t<\/div>\n\n\t\t\t\t\t\t\t\t\t\t\t<a class=\"wd-info-box-link wd-fill\" aria-label=\"Infobox link\" href=\"\/de\/services\/\" title=\"\"><\/a>\n\t\t\t\t\t\n\t\t\t\t\t\t\t\t\t<\/div>\n\t\t\t<\/div>\n\t\t<\/div><\/div><\/div><\/div><div class=\"vc_row wpb_row vc_inner vc_row-fluid\"><div class=\"wpb_column vc_column_container vc_col-sm-12\"><div class=\"vc_column-inner\"><div class=\"wpb_wrapper\">\n\t<div class=\"wpb_text_column wpb_content_element\" >\n\t\t<div class=\"wpb_wrapper\">\n\t\t\t<h2 style=\"text-align: center;\">Patientenprivilegien und Reiseroute<\/h2>\n\n\t\t<\/div>\n\t<\/div>\n<\/div><\/div><\/div><\/div><div class=\"vc_row wpb_row vc_inner vc_row-fluid\"><div class=\"wpb_column vc_column_container vc_col-sm-6\"><div class=\"vc_column-inner\"><div class=\"wpb_wrapper\">\n\t<div  class=\"wpb_single_image wpb_content_element vc_align_center\">\n\t\t\n\t\t<figure class=\"wpb_wrapper vc_figure\">\n\t\t\t<div class=\"vc_single_image-wrapper   vc_box_border_grey\"><img loading=\"lazy\" decoding=\"async\" width=\"500\" height=\"275\" src=\"https:\/\/medousaclinique.com\/wp-content\/uploads\/2022\/02\/medousa-clinique-call-us-500x275-1.jpg\" class=\"vc_single_image-img attachment-full\" alt=\"\" title=\"medousa-clinique-rufen-uns-500x275\" srcset=\"https:\/\/medousaclinique.com\/wp-content\/uploads\/2022\/02\/medousa-clinique-call-us-500x275-1.jpg 500w, https:\/\/medousaclinique.com\/wp-content\/uploads\/2022\/02\/medousa-clinique-call-us-500x275-1-300x165.jpg 300w\" sizes=\"auto, (max-width: 500px) 100vw, 500px\" \/><\/div>\n\t\t<\/figure>\n\t<\/div>\n<\/div><\/div><\/div><div class=\"wpb_column vc_column_container vc_col-sm-6\"><div class=\"vc_column-inner\"><div class=\"wpb_wrapper\">\n\t<div class=\"wpb_text_column wpb_content_element\" >\n\t\t<div class=\"wpb_wrapper\">\n\t\t\t<h3>Uns kontaktieren<\/h3>\n\n\t\t<\/div>\n\t<\/div>\n\n\t<div class=\"wpb_text_column wpb_content_element\" >\n\t\t<div class=\"wpb_wrapper\">\n\t\t\t<p>Der schnellste Weg, uns zu kontaktieren, ist durch <a href=\"\/de\/contact-us\/\">Live-Chat oder WhatsApp<\/a>. Sie k\u00f6nnen w\u00e4hlen, ob Sie uns ein Formular oder einfach eine E-Mail senden m\u00f6chten. Wenn Sie uns kontaktieren, k\u00f6nnen Sie alles erfragen und uns Ihre zahnmedizinischen W\u00fcnsche mitteilen. Sie k\u00f6nnen Ihre Email-Schnappsch\u00fcsse und\/oder R\u00f6ntgen-Schnappsch\u00fcsse \u00fcber alle Kan\u00e4le, einschlie\u00dflich Live-Chat, versenden. Bitte denken Sie daran, dass Sie uns so viele Aufzeichnungen wie m\u00f6glich und R\u00f6ntgenfotos zur Verf\u00fcgung stellen, damit wir Ihnen ein genaues Angebot und einen genauen Behandlungsplan unterbreiten k\u00f6nnen. Sie k\u00f6nnen auch eine Videoanruf-Beratung anfordern.<\/p>\n\n\t\t<\/div>\n\t<\/div>\n<\/div><\/div><\/div><\/div><div class=\"vc_row wpb_row vc_inner vc_row-fluid\"><div class=\"wpb_column vc_column_container vc_col-sm-6\"><div class=\"vc_column-inner\"><div class=\"wpb_wrapper\">\n\t<div  class=\"wpb_single_image wpb_content_element vc_align_center\">\n\t\t\n\t\t<figure class=\"wpb_wrapper vc_figure\">\n\t\t\t<div class=\"vc_single_image-wrapper   vc_box_border_grey\"><img loading=\"lazy\" decoding=\"async\" width=\"500\" height=\"275\" src=\"https:\/\/medousaclinique.com\/wp-content\/uploads\/2022\/02\/medousa-clinique-treatment-plan-500x275-1.jpg\" class=\"vc_single_image-img attachment-full\" alt=\"\" title=\"medousa-clinique-behandlungsplan-500x275\" srcset=\"https:\/\/medousaclinique.com\/wp-content\/uploads\/2022\/02\/medousa-clinique-treatment-plan-500x275-1.jpg 500w, https:\/\/medousaclinique.com\/wp-content\/uploads\/2022\/02\/medousa-clinique-treatment-plan-500x275-1-300x165.jpg 300w\" sizes=\"auto, (max-width: 500px) 100vw, 500px\" \/><\/div>\n\t\t<\/figure>\n\t<\/div>\n<\/div><\/div><\/div><div class=\"wpb_column vc_column_container vc_col-sm-6\"><div class=\"vc_column-inner\"><div class=\"wpb_wrapper\">\n\t<div class=\"wpb_text_column wpb_content_element\" >\n\t\t<div class=\"wpb_wrapper\">\n\t\t\t<h3>Behandlungsplan &amp; Videoanruf<\/h3>\n\n\t\t<\/div>\n\t<\/div>\n\n\t<div class=\"wpb_text_column wpb_content_element\" >\n\t\t<div class=\"wpb_wrapper\">\n\t\t\t<p>Wenn Sie einen Videoanruf angefordert haben, vereinbaren wir so schnell wie m\u00f6glich (normalerweise am selben Tag) einen Termin und einer unserer \u00c4rzte ruft Sie an. Sie k\u00f6nnen Ihren Zahnstatus mit Ihrem Zahnarzt teilen und alle Ihre zahn\u00e4rztlichen Bed\u00fcrfnisse erl\u00e4utern. Zusammen mit Ihrem Zahnarzt bereiten Sie Ihren richtigen Behandlungsplan vor. Nach diesem Anruf oder Ihrem Kontakt (falls Sie keinen Videoanruf angefordert haben) k\u00f6nnen wir Ihnen einen detaillierten Behandlungsplan und ein Angebot zusenden.<\/p>\n\n\t\t<\/div>\n\t<\/div>\n<\/div><\/div><\/div><\/div><div class=\"vc_row wpb_row vc_inner vc_row-fluid\"><div class=\"wpb_column vc_column_container vc_col-sm-6\"><div class=\"vc_column-inner\"><div class=\"wpb_wrapper\">\n\t<div  class=\"wpb_single_image wpb_content_element vc_align_center\">\n\t\t\n\t\t<figure class=\"wpb_wrapper vc_figure\">\n\t\t\t<div class=\"vc_single_image-wrapper   vc_box_border_grey\"><img loading=\"lazy\" decoding=\"async\" width=\"500\" height=\"275\" src=\"https:\/\/medousaclinique.com\/wp-content\/uploads\/2022\/02\/medousa-clinique-Scheduling-An-Appointment-500x275-1.jpg\" class=\"vc_single_image-img attachment-full\" alt=\"\" title=\"medousa-clinique-Planung-eines-Termins-500x275\" srcset=\"https:\/\/medousaclinique.com\/wp-content\/uploads\/2022\/02\/medousa-clinique-Scheduling-An-Appointment-500x275-1.jpg 500w, https:\/\/medousaclinique.com\/wp-content\/uploads\/2022\/02\/medousa-clinique-Scheduling-An-Appointment-500x275-1-300x165.jpg 300w\" sizes=\"auto, (max-width: 500px) 100vw, 500px\" \/><\/div>\n\t\t<\/figure>\n\t<\/div>\n<\/div><\/div><\/div><div class=\"wpb_column vc_column_container vc_col-sm-6\"><div class=\"vc_column-inner\"><div class=\"wpb_wrapper\">\n\t<div class=\"wpb_text_column wpb_content_element\" >\n\t\t<div class=\"wpb_wrapper\">\n\t\t\t<h3>Terminvereinbarung<\/h3>\n\n\t\t<\/div>\n\t<\/div>\n\n\t<div class=\"wpb_text_column wpb_content_element\" >\n\t\t<div class=\"wpb_wrapper\">\n\t\t\t<p>Es ist so einfach, einen Termin f\u00fcr Ihre Behandlung in der Medousa Clinique zu vereinbaren. Unsere internationale Patientenvertretung wird sich mit Ihnen in Verbindung setzen, um einen geeigneten Termin f\u00fcr Sie zu vereinbaren. Es gibt keine Wartezeit, wir planen Ihren Termin genau an dem von Ihnen gew\u00fcnschten Datum oder vielleicht am zweiten Tag, aber nicht sp\u00e4ter. Wir sch\u00e4tzen die Zeit unserer Patienten.<\/p>\n\n\t\t<\/div>\n\t<\/div>\n<\/div><\/div><\/div><\/div><div class=\"vc_row wpb_row vc_inner vc_row-fluid\"><div class=\"wpb_column vc_column_container vc_col-sm-6\"><div class=\"vc_column-inner\"><div class=\"wpb_wrapper\">\n\t<div  class=\"wpb_single_image wpb_content_element vc_align_center\">\n\t\t\n\t\t<figure class=\"wpb_wrapper vc_figure\">\n\t\t\t<div class=\"vc_single_image-wrapper   vc_box_border_grey\"><img loading=\"lazy\" decoding=\"async\" width=\"500\" height=\"275\" src=\"https:\/\/medousaclinique.com\/wp-content\/uploads\/2022\/02\/medousa-cliniue-hotel-booking-500x275.jpg.webp\" class=\"vc_single_image-img attachment-full\" alt=\"\" title=\"medousa-cliniue-hotelbuchung-500x275.jpg\" srcset=\"https:\/\/medousaclinique.com\/wp-content\/uploads\/2022\/02\/medousa-cliniue-hotel-booking-500x275.jpg.webp 500w, https:\/\/medousaclinique.com\/wp-content\/uploads\/2022\/02\/medousa-cliniue-hotel-booking-500x275.jpg-300x165.webp 300w\" sizes=\"auto, (max-width: 500px) 100vw, 500px\" \/><\/div>\n\t\t<\/figure>\n\t<\/div>\n<\/div><\/div><\/div><div class=\"wpb_column vc_column_container vc_col-sm-6\"><div class=\"vc_column-inner\"><div class=\"wpb_wrapper\">\n\t<div class=\"wpb_text_column wpb_content_element\" >\n\t\t<div class=\"wpb_wrapper\">\n\t\t\t<h3>Hotelbuchung &amp; Reiseplan<\/h3>\n\n\t\t<\/div>\n\t<\/div>\n\n\t<div class=\"wpb_text_column wpb_content_element\" >\n\t\t<div class=\"wpb_wrapper\">\n\t\t\t<p>Unser Team unterst\u00fctzt Sie bei Ihrer Reiseplanung und Unterkunftsreservierung. Wir bieten unseren internationalen Patienten die besten Angebote f\u00fcr Zimmerbuchungen in unseren Partnerhotels. Wir priorisieren den Nutzen unserer Patienten, da wir keine Einnahmen aus Ihrer Hotelreservierung erhalten. W\u00e4hrend der Planung senden wir Ihnen die angebotenen Hotelangebote und eine Auswahl an Hotels zur Auswahl. Und nach Ihrer Wahl k\u00f6nnen wir das Hotel f\u00fcr Sie buchen. Sie m\u00fcssen nichts weiter tun. Ihr Zimmer steht bei Ihrer Ankunft bereit und wartet auf Sie. Wir arbeiten mit Vier- bis F\u00fcnf-Sterne-Hotels zusammen und garantieren den Komfort unserer Patienten w\u00e4hrend ihres gesamten Aufenthalts in Istanbul. Nat\u00fcrlich steht es Ihnen frei, unser \u00dcbernachtungsangebot abzulehnen und ein Hotel Ihrer Wahl per E-Mail zu buchen.<\/p>\n\n\t\t<\/div>\n\t<\/div>\n<\/div><\/div><\/div><\/div><div class=\"vc_row wpb_row vc_inner vc_row-fluid\"><div class=\"wpb_column vc_column_container vc_col-sm-6\"><div class=\"vc_column-inner\"><div class=\"wpb_wrapper\">\n\t<div  class=\"wpb_single_image wpb_content_element vc_align_center\">\n\t\t\n\t\t<figure class=\"wpb_wrapper vc_figure\">\n\t\t\t<div class=\"vc_single_image-wrapper   vc_box_border_grey\"><img loading=\"lazy\" decoding=\"async\" width=\"500\" height=\"275\" src=\"https:\/\/medousaclinique.com\/wp-content\/uploads\/2022\/02\/medousa-clinique-ariiveld-to-istanbul-500x275.jpg.webp\" class=\"vc_single_image-img attachment-full\" alt=\"\" title=\"medousa-clinique-ariiveld-nach-istanbul-500x275.jpg\" srcset=\"https:\/\/medousaclinique.com\/wp-content\/uploads\/2022\/02\/medousa-clinique-ariiveld-to-istanbul-500x275.jpg.webp 500w, https:\/\/medousaclinique.com\/wp-content\/uploads\/2022\/02\/medousa-clinique-ariiveld-to-istanbul-500x275.jpg-300x165.webp 300w\" sizes=\"auto, (max-width: 500px) 100vw, 500px\" \/><\/div>\n\t\t<\/figure>\n\t<\/div>\n<\/div><\/div><\/div><div class=\"wpb_column vc_column_container vc_col-sm-6\"><div class=\"vc_column-inner\"><div class=\"wpb_wrapper\">\n\t<div class=\"wpb_text_column wpb_content_element\" >\n\t\t<div class=\"wpb_wrapper\">\n\t\t\t<h3>Ankunft in Istanbul<\/h3>\n\n\t\t<\/div>\n\t<\/div>\n\n\t<div class=\"wpb_text_column wpb_content_element\" >\n\t\t<div class=\"wpb_wrapper\">\n\t\t\t<p>Willkommen in Istanbul! Wir freuen uns, Sie als Patient und Besucher bei uns begr\u00fc\u00dfen zu d\u00fcrfen. Sie werden nie erleben, dass Sie sich in Istanbul verlaufen. Bevor Ihr Flugzeug landet, erwartet Sie unser engagiertes Team bei Ihrer Ankunft am Flughafen, um Sie zu begr\u00fc\u00dfen. Ihr VIP-Auto wird Sie verzaubern, Sie werden ohne Verz\u00f6gerung (kostenlos) zu Ihrem Hotel gebracht. Sie werden keine Zeit mit Flughafentransfers oder \u00f6ffentlichen Verkehrsmitteln verschwenden, um zu Ihrer Unterkunft zu gelangen.<\/p>\n\n\t\t<\/div>\n\t<\/div>\n<\/div><\/div><\/div><\/div><div class=\"vc_row wpb_row vc_inner vc_row-fluid\"><div class=\"wpb_column vc_column_container vc_col-sm-6\"><div class=\"vc_column-inner\"><div class=\"wpb_wrapper\">\n\t<div  class=\"wpb_single_image wpb_content_element vc_align_center\">\n\t\t\n\t\t<figure class=\"wpb_wrapper vc_figure\">\n\t\t\t<div class=\"vc_single_image-wrapper   vc_box_border_grey\"><img loading=\"lazy\" decoding=\"async\" width=\"500\" height=\"275\" src=\"https:\/\/medousaclinique.com\/wp-content\/uploads\/2022\/02\/medouaa-clinique-treatment-500x275.jpg.webp\" class=\"vc_single_image-img attachment-full\" alt=\"\" title=\"medouaa-klinik-behandlung-500x275.jpg\" srcset=\"https:\/\/medousaclinique.com\/wp-content\/uploads\/2022\/02\/medouaa-clinique-treatment-500x275.jpg.webp 500w, https:\/\/medousaclinique.com\/wp-content\/uploads\/2022\/02\/medouaa-clinique-treatment-500x275.jpg-300x165.webp 300w\" sizes=\"auto, (max-width: 500px) 100vw, 500px\" \/><\/div>\n\t\t<\/figure>\n\t<\/div>\n<\/div><\/div><\/div><div class=\"wpb_column vc_column_container vc_col-sm-6\"><div class=\"vc_column-inner\"><div class=\"wpb_wrapper\">\n\t<div class=\"wpb_text_column wpb_content_element\" >\n\t\t<div class=\"wpb_wrapper\">\n\t\t\t<h3>Ihre Behandlung<\/h3>\n\n\t\t<\/div>\n\t<\/div>\n\n\t<div class=\"wpb_text_column wpb_content_element\" >\n\t\t<div class=\"wpb_wrapper\">\n\t\t\t<p>Am Tag Ihres Termins in unserer medizinischen Einrichtung, in der Regel am Folgetag, werden Sie von einem unserer internationalen Patientenkoordinatoren von Ihrer Lodge abgeholt. In der Klinik werden Sie von unseren \u00c4rzten begr\u00fc\u00dft und Ihre Behandlung beginnt gem\u00e4\u00df Ihrem Behandlungsplan. Nach Ihrer Behandlung werden Sie zur\u00fcck zu Ihrem Hotel begleitet. Abh\u00e4ngig von Ihrem Behandlungsplan m\u00fcssen Sie w\u00e4hrend Ihres Aufenthalts in der T\u00fcrkei einige Male unser Krankenhaus aufsuchen. Unsere Fahrer holen Sie zu jedem Termin ab und bringen Sie zu Ihrem Hotel zur\u00fcck.<\/p>\n\n\t\t<\/div>\n\t<\/div>\n<\/div><\/div><\/div><\/div><div class=\"vc_row wpb_row vc_inner vc_row-fluid\"><div class=\"wpb_column vc_column_container vc_col-sm-6\"><div class=\"vc_column-inner\"><div class=\"wpb_wrapper\">\n\t<div  class=\"wpb_single_image wpb_content_element vc_align_center\">\n\t\t\n\t\t<figure class=\"wpb_wrapper vc_figure\">\n\t\t\t<div class=\"vc_single_image-wrapper   vc_box_border_grey\"><img loading=\"lazy\" decoding=\"async\" width=\"500\" height=\"275\" src=\"https:\/\/medousaclinique.com\/wp-content\/uploads\/2022\/02\/medousa-clinique-istanbul-holiday-500x275.jpg.webp\" class=\"vc_single_image-img attachment-full\" alt=\"\" title=\"medousa-klinik-istanbul-urlaub-500x275.jpg\" srcset=\"https:\/\/medousaclinique.com\/wp-content\/uploads\/2022\/02\/medousa-clinique-istanbul-holiday-500x275.jpg.webp 500w, https:\/\/medousaclinique.com\/wp-content\/uploads\/2022\/02\/medousa-clinique-istanbul-holiday-500x275.jpg-300x165.webp 300w\" sizes=\"auto, (max-width: 500px) 100vw, 500px\" \/><\/div>\n\t\t<\/figure>\n\t<\/div>\n<\/div><\/div><\/div><div class=\"wpb_column vc_column_container vc_col-sm-6\"><div class=\"vc_column-inner\"><div class=\"wpb_wrapper\">\n\t<div class=\"wpb_text_column wpb_content_element\" >\n\t\t<div class=\"wpb_wrapper\">\n\t\t\t<h3>\u00c4sthetischer und zahnmedizinischer Urlaub in Istanbul<\/h3>\n\n\t\t<\/div>\n\t<\/div>\n\n\t<div class=\"wpb_text_column wpb_content_element\" >\n\t\t<div class=\"wpb_wrapper\">\n\t\t\t<p>Ihre Reise nach\u00a0<b class=\"jsx-12600171\"><a href=\"https:\/\/en.wikipedia.org\/wiki\/Istanbul\" target=\"_blank\" rel=\"noopener\">Istanbul<\/a><\/b>\u00a0wird ein unvergessliches Erlebnis. Istanbul ist eine der \u00e4ltesten und geschichtstr\u00e4chtigsten St\u00e4dte der Welt. Es ist die Lieblingsstadt vieler Reisender, die auf verschiedenen Kontinenten liegt. Mit seiner multikulturellen Gesellschaft und seinen Vierteln gibt es \u00fcberall etwas zu \u00fcberraschen, ganz zu schweigen von der k\u00f6stlichen t\u00fcrkischen K\u00fcche, die es zu genie\u00dfen gilt. Das hervorragende Nachtleben in Istanbul hat viele St\u00e4dte der Region \u00fcberholt. Unter den historischen Orten sind der Bosporus, der Topkapi-Palast, die Hagia Sophia und die Karia-Museen, der Galataturm und der Jungfrauenturm nur einige der Orte, die Sie besuchen k\u00f6nnen. Wir bieten unseren internationalen Patienten zus\u00e4tzlich Erm\u00e4\u00dfigungen f\u00fcr touristische Touren, damit sie Istanbul bis an die Grenzen genie\u00dfen k\u00f6nnen.<\/p>\n\n\t\t<\/div>\n\t<\/div>\n<\/div><\/div><\/div><\/div><div class=\"vc_row wpb_row vc_inner vc_row-fluid\"><div class=\"wpb_column vc_column_container vc_col-sm-6\"><div class=\"vc_column-inner\"><div class=\"wpb_wrapper\">\n\t<div  class=\"wpb_single_image wpb_content_element vc_align_center\">\n\t\t\n\t\t<figure class=\"wpb_wrapper vc_figure\">\n\t\t\t<div class=\"vc_single_image-wrapper   vc_box_border_grey\"><img loading=\"lazy\" decoding=\"async\" width=\"500\" height=\"275\" src=\"https:\/\/medousaclinique.com\/wp-content\/uploads\/2022\/02\/medousa-clinique-departure-500x275.jpg.webp\" class=\"vc_single_image-img attachment-full\" alt=\"\" title=\"medousa-clinique-departure-500x275.jpg\" srcset=\"https:\/\/medousaclinique.com\/wp-content\/uploads\/2022\/02\/medousa-clinique-departure-500x275.jpg.webp 500w, https:\/\/medousaclinique.com\/wp-content\/uploads\/2022\/02\/medousa-clinique-departure-500x275.jpg-300x165.webp 300w\" sizes=\"auto, (max-width: 500px) 100vw, 500px\" \/><\/div>\n\t\t<\/figure>\n\t<\/div>\n<\/div><\/div><\/div><div class=\"wpb_column vc_column_container vc_col-sm-6\"><div class=\"vc_column-inner\"><div class=\"wpb_wrapper\">\n\t<div class=\"wpb_text_column wpb_content_element\" >\n\t\t<div class=\"wpb_wrapper\">\n\t\t\t<h3>Abfahrt<\/h3>\n\n\t\t<\/div>\n\t<\/div>\n\n\t<div class=\"wpb_text_column wpb_content_element\" >\n\t\t<div class=\"wpb_wrapper\">\n\t\t\t<p>Wir raten unseren Patienten nachdr\u00fccklich, zur abschlie\u00dfenden Kontrolle ihrer Behandlung erneut in unsere Klinik zu kommen. Am Ende Ihrer Behandlung werden wir Sie nach Ihren Fluginformationen fragen, damit wir Ihnen nach Ihrem Check-out im Hotel eine VIP-Fahrt zum Flughafen anbieten k\u00f6nnen. Sie werden hier als unser lieber Gast auf jeden Fall vermisst. Gute Reise!<\/p>\n\n\t\t<\/div>\n\t<\/div>\n<\/div><\/div><\/div><\/div><\/div><\/div><\/div><\/div>\n<\/div>","protected":false},"excerpt":{"rendered":"About Us Our Mission Our Vision Services Patient Privileges and Itinerary Contacting Us The fastest way of contacting us is","protected":false},"author":1,"featured_media":0,"parent":0,"menu_order":0,"comment_status":"closed","ping_status":"closed","template":"","meta":{"footnotes":""},"class_list":["post-476","page","type-page","status-publish","hentry"],"_links":{"self":[{"href":"https:\/\/medousaclinique.com\/de\/wp-json\/wp\/v2\/pages\/476","targetHints":{"allow":["GET"]}}],"collection":[{"href":"https:\/\/medousaclinique.com\/de\/wp-json\/wp\/v2\/pages"}],"about":[{"href":"https:\/\/medousaclinique.com\/de\/wp-json\/wp\/v2\/types\/page"}],"author":[{"embeddable":true,"href":"https:\/\/medousaclinique.com\/de\/wp-json\/wp\/v2\/users\/1"}],"replies":[{"embeddable":true,"href":"https:\/\/medousaclinique.com\/de\/wp-json\/wp\/v2\/comments?post=476"}],"version-history":[{"count":10,"href":"https:\/\/medousaclinique.com\/de\/wp-json\/wp\/v2\/pages\/476\/revisions"}],"predecessor-version":[{"id":3463,"href":"https:\/\/medousaclinique.com\/de\/wp-json\/wp\/v2\/pages\/476\/revisions\/3463"}],"wp:attachment":[{"href":"https:\/\/medousaclinique.com\/de\/wp-json\/wp\/v2\/media?parent=476"}],"curies":[{"name":"wp","href":"https:\/\/api.w.org\/{rel}","templated":true}]}}