{"id":443,"date":"2022-02-06T13:41:14","date_gmt":"2022-02-06T13:41:14","guid":{"rendered":"https:\/\/medousaclinique.com\/?page_id=443"},"modified":"2023-08-15T16:06:49","modified_gmt":"2023-08-15T13:06:49","slug":"about-us","status":"publish","type":"page","link":"https:\/\/medousaclinique.com\/de\/about-us\/","title":{"rendered":"\u00dcber uns"},"content":{"rendered":"<div class=\"wpb-content-wrapper\"><div class=\"vc_row wpb_row vc_row-fluid ust-cikinti wd-rs-61fffa6f69e04\"><div class=\"wpb_column vc_column_container vc_col-sm-12\"><div class=\"vc_column-inner\"><div class=\"wpb_wrapper\"><div class=\"vc_row wpb_row vc_inner vc_row-fluid\"><div class=\"wpb_column about-box vc_column_container vc_col-sm-3 vc_col-xs-6 wd-rs-6211000ab737e\"><div class=\"vc_column-inner\"><div class=\"wpb_wrapper\">\t\t\t<div class=\"info-box-wrapper\">\n\t\t\t\t<div id=\"wd-6210ffe21bee2\" class=\"wd-rs-6210ffe21bee2 wd-info-box wd-wpb text-center box-icon-align-top box-style- color-scheme- wd-bg-none box-active\">\n\t\t\t\t\t\t\t\t\t\t\t<div class=\"box-icon-wrapper  box-with-icon box-icon-simple\">\n\t\t\t\t\t\t\t<div class=\"info-box-icon\">\n\n\t\t\t\t\t\t\t\n\t\t\t\t\t\t\t\t\t\t\t\t\t\t\t\t\t<img loading=\"lazy\" decoding=\"async\" width=\"512\" height=\"512\" src=\"https:\/\/medousaclinique.com\/wp-content\/uploads\/2022\/02\/team.png\" class=\"attachment-90X90 size-90X90\" alt=\"\" srcset=\"https:\/\/medousaclinique.com\/wp-content\/uploads\/2022\/02\/team.png 512w, https:\/\/medousaclinique.com\/wp-content\/uploads\/2022\/02\/team-300x300.png 300w, https:\/\/medousaclinique.com\/wp-content\/uploads\/2022\/02\/team-150x150.png 150w\" sizes=\"auto, (max-width: 512px) 100vw, 512px\" \/>\t\t\t\t\t\t\t\t\t\t\t\t\t\t\t\n\t\t\t\t\t\t\t<\/div>\n\t\t\t\t\t\t<\/div>\n\t\t\t\t\t\t\t\t\t\t<div class=\"info-box-content\">\n\t\t\t\t\t\t<h4 class=\"info-box-title title box-title-style-default wd-fontsize-m\">\u00dcber uns<\/h4>\t\t\t\t\t\t<div class=\"info-box-inner reset-last-child\"><\/div>\n\n\t\t\t\t\t\t\t\t\t\t\t<\/div>\n\n\t\t\t\t\t\t\t\t\t\t\t<a class=\"wd-info-box-link wd-fill\" aria-label=\"Infobox link\" href=\"\/de\/about-us\/\" title=\"\"><\/a>\n\t\t\t\t\t\n\t\t\t\t\t\t\t\t\t<\/div>\n\t\t\t<\/div>\n\t\t<\/div><\/div><\/div><div class=\"wpb_column vc_column_container vc_col-sm-3 vc_col-xs-6 wd-rs-6211000f7dd10\"><div class=\"vc_column-inner\"><div class=\"wpb_wrapper\">\t\t\t<div class=\"info-box-wrapper\">\n\t\t\t\t<div id=\"wd-6210ffdbbb351\" class=\"wd-rs-6210ffdbbb351 wd-info-box wd-wpb text-center box-icon-align-top box-style- color-scheme- wd-bg-none\">\n\t\t\t\t\t\t\t\t\t\t\t<div class=\"box-icon-wrapper  box-with-icon box-icon-simple\">\n\t\t\t\t\t\t\t<div class=\"info-box-icon\">\n\n\t\t\t\t\t\t\t\n\t\t\t\t\t\t\t\t\t\t\t\t\t\t\t\t\t<img loading=\"lazy\" decoding=\"async\" width=\"512\" height=\"512\" src=\"https:\/\/medousaclinique.com\/wp-content\/uploads\/2022\/02\/target.png\" class=\"attachment-90X90 size-90X90\" alt=\"\" srcset=\"https:\/\/medousaclinique.com\/wp-content\/uploads\/2022\/02\/target.png 512w, https:\/\/medousaclinique.com\/wp-content\/uploads\/2022\/02\/target-300x300.png 300w, https:\/\/medousaclinique.com\/wp-content\/uploads\/2022\/02\/target-150x150.png 150w\" sizes=\"auto, (max-width: 512px) 100vw, 512px\" \/>\t\t\t\t\t\t\t\t\t\t\t\t\t\t\t\n\t\t\t\t\t\t\t<\/div>\n\t\t\t\t\t\t<\/div>\n\t\t\t\t\t\t\t\t\t\t<div class=\"info-box-content\">\n\t\t\t\t\t\t<h4 class=\"info-box-title title box-title-style-default wd-fontsize-m\">Unsere Aufgabe<\/h4>\t\t\t\t\t\t<div class=\"info-box-inner reset-last-child\"><\/div>\n\n\t\t\t\t\t\t\t\t\t\t\t<\/div>\n\n\t\t\t\t\t\t\t\t\t\t\t<a class=\"wd-info-box-link wd-fill\" aria-label=\"Infobox link\" href=\"\/de\/our-mission\/\" title=\"\"><\/a>\n\t\t\t\t\t\n\t\t\t\t\t\t\t\t\t<\/div>\n\t\t\t<\/div>\n\t\t<\/div><\/div><\/div><div class=\"wpb_column vc_column_container vc_col-sm-3 vc_col-xs-6 wd-rs-62110014210b2\"><div class=\"vc_column-inner\"><div class=\"wpb_wrapper\">\t\t\t<div class=\"info-box-wrapper\">\n\t\t\t\t<div id=\"wd-6210ffa75fb0b\" class=\"wd-rs-6210ffa75fb0b wd-info-box wd-wpb text-center box-icon-align-top box-style- color-scheme- wd-bg-none\">\n\t\t\t\t\t\t\t\t\t\t\t<div class=\"box-icon-wrapper  box-with-icon box-icon-simple\">\n\t\t\t\t\t\t\t<div class=\"info-box-icon\">\n\n\t\t\t\t\t\t\t\n\t\t\t\t\t\t\t\t\t\t\t\t\t\t\t\t\t<img loading=\"lazy\" decoding=\"async\" width=\"512\" height=\"512\" src=\"https:\/\/medousaclinique.com\/wp-content\/uploads\/2022\/02\/vision.png\" class=\"attachment-90X90 size-90X90\" alt=\"\" srcset=\"https:\/\/medousaclinique.com\/wp-content\/uploads\/2022\/02\/vision.png 512w, https:\/\/medousaclinique.com\/wp-content\/uploads\/2022\/02\/vision-300x300.png 300w, https:\/\/medousaclinique.com\/wp-content\/uploads\/2022\/02\/vision-150x150.png 150w\" sizes=\"auto, (max-width: 512px) 100vw, 512px\" \/>\t\t\t\t\t\t\t\t\t\t\t\t\t\t\t\n\t\t\t\t\t\t\t<\/div>\n\t\t\t\t\t\t<\/div>\n\t\t\t\t\t\t\t\t\t\t<div class=\"info-box-content\">\n\t\t\t\t\t\t<h4 class=\"info-box-title title box-title-style-default wd-fontsize-m\">Unsere Vision<\/h4>\t\t\t\t\t\t<div class=\"info-box-inner reset-last-child\"><\/div>\n\n\t\t\t\t\t\t\t\t\t\t\t<\/div>\n\n\t\t\t\t\t\t\t\t\t\t\t<a class=\"wd-info-box-link wd-fill\" aria-label=\"Infobox link\" href=\"\/de\/our-vision\/\" title=\"\"><\/a>\n\t\t\t\t\t\n\t\t\t\t\t\t\t\t\t<\/div>\n\t\t\t<\/div>\n\t\t<\/div><\/div><\/div><div class=\"wpb_column vc_column_container vc_col-sm-3 vc_col-xs-6 wd-rs-62110018ac5ba\"><div class=\"vc_column-inner\"><div class=\"wpb_wrapper\">\t\t\t<div class=\"info-box-wrapper\">\n\t\t\t\t<div id=\"wd-6210fea2e13da\" class=\"wd-rs-6210fea2e13da wd-info-box wd-wpb text-center box-icon-align-top box-style- color-scheme- wd-bg-none\">\n\t\t\t\t\t\t\t\t\t\t\t<div class=\"box-icon-wrapper  box-with-icon box-icon-simple\">\n\t\t\t\t\t\t\t<div class=\"info-box-icon\">\n\n\t\t\t\t\t\t\t\n\t\t\t\t\t\t\t\t\t\t\t\t\t\t\t\t\t<img loading=\"lazy\" decoding=\"async\" width=\"512\" height=\"512\" src=\"https:\/\/medousaclinique.com\/wp-content\/uploads\/2022\/02\/customer-service-1.png\" class=\"attachment-90X90 size-90X90\" alt=\"\" srcset=\"https:\/\/medousaclinique.com\/wp-content\/uploads\/2022\/02\/customer-service-1.png 512w, https:\/\/medousaclinique.com\/wp-content\/uploads\/2022\/02\/customer-service-1-300x300.png 300w, https:\/\/medousaclinique.com\/wp-content\/uploads\/2022\/02\/customer-service-1-150x150.png 150w\" sizes=\"auto, (max-width: 512px) 100vw, 512px\" \/>\t\t\t\t\t\t\t\t\t\t\t\t\t\t\t\n\t\t\t\t\t\t\t<\/div>\n\t\t\t\t\t\t<\/div>\n\t\t\t\t\t\t\t\t\t\t<div class=\"info-box-content\">\n\t\t\t\t\t\t<h4 class=\"info-box-title title box-title-style-default wd-fontsize-m\">Dienstleistungen<\/h4>\t\t\t\t\t\t<div class=\"info-box-inner reset-last-child\"><\/div>\n\n\t\t\t\t\t\t\t\t\t\t\t<\/div>\n\n\t\t\t\t\t\t\t\t\t\t\t<a class=\"wd-info-box-link wd-fill\" aria-label=\"Infobox link\" href=\"\/de\/services\/\" title=\"\"><\/a>\n\t\t\t\t\t\n\t\t\t\t\t\t\t\t\t<\/div>\n\t\t\t<\/div>\n\t\t<\/div><\/div><\/div><\/div><div class=\"vc_row wpb_row vc_inner vc_row-fluid\"><div class=\"wpb_column vc_column_container vc_col-sm-12\"><div class=\"vc_column-inner\"><div class=\"wpb_wrapper\">\n\t<div class=\"wpb_text_column wpb_content_element\" >\n\t\t<div class=\"wpb_wrapper\">\n\t\t\t<p>Medousa Clinique ist ein Gesundheitstourismusunternehmen, das 2013 in Istanbul gegr\u00fcndet wurde und weltweit t\u00e4tig ist. Es ist eine Marke, die es sich zum Ziel gesetzt hat, ihre G\u00e4ste mit einer Servicequalit\u00e4t nach europ\u00e4ischen Standards bestm\u00f6glich zu bewirten und \u00fcber 75 professionelle Mitarbeiter verf\u00fcgt. Das weltbekannte Haartransplantationszentrum Medousa Clinique hat in 8 Jahren mehr als 13.000 Eingriffe durchgef\u00fchrt und ist weiterhin in 6 verschiedenen Sprachen t\u00e4tig.<\/p>\n<p>Die Medousa Clinique bietet ihren G\u00e4sten, die zur Haartransplantation kommen, eine 5-Sterne-Unterkunft und einen VIP-Transferservice. Zusammen mit Fach\u00e4rzten und Fachpersonal f\u00fchrt es die Behandlung im Krankenhaus Medousa Clinique in Istanbul durch. Medousa-Klinik. mit seinem innovativen Ansatz bietet es seinen G\u00e4sten den bequemsten Service.<\/p>\n<p>Das Team der Medousa Clinique arbeitet aktiv auf dem Gebiet der FUE (Follicular Unit Extraction). Die Marke, die weltweit f\u00fcr die FUE-Haartransplantation bekannt ist, hat im August 2019 neue Wege beschritten und das Haartransplantationsverfahren mit 6500 Transplantaten in einer Sitzung erfolgreich abgeschlossen. Als Ergebnis dieses Verfahrens hat sich auf der ganzen Welt bewiesen, dass es m\u00f6glich ist, eine gro\u00dfe Anzahl von Haartransplantationen in einer einzigen Sitzung durchzuf\u00fchren, ohne Narben im Spenderbereich zu hinterlassen.<\/p>\n\n\t\t<\/div>\n\t<\/div>\n<\/div><\/div><\/div><\/div><\/div><\/div><\/div><\/div>\n<\/div>","protected":false},"excerpt":{"rendered":"About Us Our Mission Our Vision Services Medousa Clinique is a Health Tourism company established in Istanbul in 2013 and","protected":false},"author":1,"featured_media":0,"parent":0,"menu_order":0,"comment_status":"closed","ping_status":"closed","template":"","meta":{"footnotes":""},"class_list":["post-443","page","type-page","status-publish","hentry"],"_links":{"self":[{"href":"https:\/\/medousaclinique.com\/de\/wp-json\/wp\/v2\/pages\/443","targetHints":{"allow":["GET"]}}],"collection":[{"href":"https:\/\/medousaclinique.com\/de\/wp-json\/wp\/v2\/pages"}],"about":[{"href":"https:\/\/medousaclinique.com\/de\/wp-json\/wp\/v2\/types\/page"}],"author":[{"embeddable":true,"href":"https:\/\/medousaclinique.com\/de\/wp-json\/wp\/v2\/users\/1"}],"replies":[{"embeddable":true,"href":"https:\/\/medousaclinique.com\/de\/wp-json\/wp\/v2\/comments?post=443"}],"version-history":[{"count":19,"href":"https:\/\/medousaclinique.com\/de\/wp-json\/wp\/v2\/pages\/443\/revisions"}],"predecessor-version":[{"id":3385,"href":"https:\/\/medousaclinique.com\/de\/wp-json\/wp\/v2\/pages\/443\/revisions\/3385"}],"wp:attachment":[{"href":"https:\/\/medousaclinique.com\/de\/wp-json\/wp\/v2\/media?parent=443"}],"curies":[{"name":"wp","href":"https:\/\/api.w.org\/{rel}","templated":true}]}}