{"id":3080,"date":"2022-09-02T13:40:57","date_gmt":"2022-09-02T10:40:57","guid":{"rendered":"https:\/\/medousaclinique.com\/?page_id=3080"},"modified":"2022-09-02T13:48:38","modified_gmt":"2022-09-02T10:48:38","slug":"privacy-policy","status":"publish","type":"page","link":"https:\/\/medousaclinique.com\/de\/privacy-policy\/","title":{"rendered":"Datenschutz-Bestimmungen"},"content":{"rendered":"<h3>AUFKL\u00c4RUNG\/INFORMATION ZUR VERARBEITUNG PERSONENBEZOGENER DATEN<\/h3>\n<p>Medousa Clinique Als \u201eMedousa\u201c k\u00fcmmern wir uns um die Sicherheit Ihrer personenbezogenen Daten. Vor diesem Hintergrund gehen wir mit gro\u00dfer Sensibilit\u00e4t vor, um alle Ihre personenbezogenen Daten so gut und pr\u00e4zise wie m\u00f6glich zu sch\u00fctzen. In Anbetracht dieser Verantwortung verarbeiten wir Ihre Daten gem\u00e4\u00df dem Gesetz Nr. 6698, Gesetz zum Schutz personenbezogener Daten (\u201eGesetz\u201c) und den damit verbundenen Gesetzen mit dem Titel \u201eDatenverwalter\u201c, wie unten angegeben.<\/p>\n<h4>Erhebung, Verarbeitung personenbezogener Daten und Verarbeitungsgr\u00fcnde<\/h4>\n<p>Um Ihnen basierend auf den Merkmalen des bereitgestellten Dienstes einen qualitativ hochwertigen Service bieten zu k\u00f6nnen, erfassen wir Ihre personenbezogenen Daten \u00fcber Call Center, Internet, mobile Anwendungen, physische Umgebungen und \u00e4hnliche Kan\u00e4le in m\u00fcndlicher, schriftlicher, visueller oder elektronischer Form.<\/p>\n<p>Insofern sind nachfolgend alle wesentlichen allgemeinen und privaten personenbezogenen Daten, insbesondere die personenbezogenen Gesundheitsdaten aufgef\u00fchrt, die zur Durchf\u00fchrung aller medizinischen Diagnose-, Untersuchungs-, Behandlungs- und Betreuungsleistungen erforderlich sind;<\/p>\n<p>ID-Informationen wie Ihr Name, Nachname, TR-ID-Nummer, wenn Sie kein t\u00fcrkischer Staatsb\u00fcrger sind, Ihre Passnummer oder vorl\u00e4ufige TR-ID-Nummer, Geburtsdatum und -ort, Familienstand und Geschlecht sowie Ihre TR-ID- oder F\u00fchrerscheinkopie die du eingereicht hast,<br \/>\nKommunikationsinformationen wie Ihre Adresse, Telefonnummer, E-Mail, Finanzdaten wie Bankkontonummer, IBAN-Nummer,<br \/>\nGesundheits- und Sexuallebensdaten, die w\u00e4hrend der Durchf\u00fchrung medizinischer Diagnose-, Behandlungs- und Pflegedienste gesammelt werden, wie Ihre Labor- und Bildergebnisse, Testergebnisse, Untersuchungsdaten, Rezeptdaten, die Sie zur Nachverfolgung Ihrer Akte eingereicht haben,<br \/>\nIhre Antworten und Kommentare, die Sie geteilt haben, um unsere Dienste zu bewerten,<br \/>\nBild- und Sprachaufzeichnungen Ihres Close-Circuit-Kamerasystems, die w\u00e4hrend Ihres Besuchs in unseren Krankenh\u00e4usern gesammelt wurden,<br \/>\nIhre aufgezeichneten Telefonanrufe, die gesammelt wurden, als Sie unser Call Center kontaktiert haben,<br \/>\nIhre pers\u00f6nlichen Krankenversicherungs- und Sozialversicherungsdaten zur Finanzierung und Planung von Gesundheitsleistungen,<br \/>\nIhre Kfz-Kennzeichendaten, wenn Sie den Parkplatz- und Valet-Service nutzen,<br \/>\nBesuchsinformationen, IP-Adresse, Scan-Informationen, die gesammelt werden, wenn Sie unsere Website besuchen und unsere mobilen Anwendungen nutzen, und medizinische Dokumente, Umfragen, Formularinformationen und Standortdaten, die Sie freiwillig \u00fcbermittelt haben,<br \/>\nIhre oben genannten personenbezogenen Daten und Ihre besonderen personenbezogenen Daten k\u00f6nnen aus den folgenden Gr\u00fcnden verarbeitet werden:<\/p>\n<p>Zum Schutz der \u00f6ffentlichen Gesundheit, zur Durchf\u00fchrung von schutz\u00e4rztlichen, medizinischen Diagnose-, Behandlungs- und Pflegediensten,<br \/>\nGem\u00e4\u00df den einschl\u00e4gigen Rechtsvorschriften die vom Gesundheitsministerium und anderen \u00f6ffentlichen Einrichtungen und Organisationen geforderten Informationen weiterzugeben,<br \/>\nUm gesetzliche und beh\u00f6rdliche Anforderungen zu erf\u00fcllen,<br \/>\nIn Bezug auf die Finanzierung und \u00dcbernahme der Kosten f\u00fcr Tests, Diagnose und Behandlung sowie zur Pr\u00fcfung der Kondigation, zur Weitergabe der von privaten Versicherungsunternehmen geforderten Informationen \u00fcber unsere Abteilungen Patientenservice, Finanzangelegenheiten, Marketing,<br \/>\nUm Sie \u00fcber unser Call Center und unsere digitalen Kan\u00e4le \u00fcber Ihren Termin zu informieren,<br \/>\nUm Ihre Identit\u00e4t \u00fcber den Patientendienst, medizinisches Fachpersonal und das Call Center zu best\u00e4tigen,<br \/>\nPlanung und Steuerung der internen Verwaltung der Einrichtung durch unser Krankenhausmanagement,<br \/>\nDurchf\u00fchrung von Analysen zur Verbesserung der Gesundheitsdienste durch Qualit\u00e4t, Patientenerfahrung, Informationssysteme,<br \/>\nUm unsere Mitarbeiter durch die Personal- und Qualit\u00e4tsabteilungen zu schulen,<br \/>\nUnbefugte und missbr\u00e4uchliche Prozesse \u00fcber die Abteilungen Revision und Informationssysteme zu beobachten und zu verhindern,<br \/>\nDurchf\u00fchrung von Risikomanagement- und Qualit\u00e4tsentwicklungsaktivit\u00e4ten \u00fcber die Abteilungen Qualit\u00e4t, Patientenerfahrung, Informationssysteme,<br \/>\nZur Abrechnung der erbrachten Leistungen \u00fcber die Abteilungen Patientenservice, Finanzen, Marketing,<br \/>\nUm Ihre Beziehung zu Institutionen zu best\u00e4tigen, die mit unserem Krankenhaus \u00fcber Patientendienste, Finanzangelegenheiten, Marketingabteilungen unter Vertrag stehen,<br \/>\nUm auf alle Ihre Fragen und Beschwerden im Zusammenhang mit unseren Gesundheitsdiensten \u00fcber die Abteilungen Krankenhausmanagement, Patientenerfahrung, Patientenrechte, Call Center zu antworten,<br \/>\nUm alle notwendigen technischen und administrativen Vorkehrungen f\u00fcr die Datensicherheit der Systeme und Anwendungen unseres Krankenhauses zu treffen, \u00fcber die Abteilungen Krankenhausmanagement, Informationssysteme,<br \/>\nZur Bereitstellung von Kampagnenteilnahmen und Kampagneninformationen sowie zur Gestaltung und \u00dcbermittlung spezieller Inhalte, konkreter und abstrakter Gewinne in Web- und Mobilkan\u00e4len \u00fcber Marketing-, Medien- und Kommunikationsabteilungen, Call-Center-Abteilungen,<br \/>\nMessung, Steigerung und Untersuchung der Patientenzufriedenheit \u00fcber die Abteilungen Krankenhausmanagement, Patientenrechte, Patientenerfahrung,<br \/>\nDurchf\u00fchrung von Schulungs- und Bildungsaktivit\u00e4ten \u00fcber Bildungseinrichtungen, die mit der Einrichtung zusammenarbeiten. \u201eIhre oben genannten personenbezogenen und besonderen Daten\u201c werden von Medousa und externen Dienstleistern in \u00dcbereinstimmung mit den Vorschriften und mit gro\u00dfer Sorgfalt in physischen und elektronischen Archiven gespeichert und gesch\u00fctzt.<\/p>\n<h4>\u00dcbermittlung personenbezogener Daten<\/h4>\n<p>Ihre personenbezogenen Daten k\u00f6nnen gem\u00e4\u00df Nr. 3359 des Grundgesetzes f\u00fcr Gesundheitsdienste, Nr. 663 des Gesetzesdekrets \u00fcber die Organisation und die Aufgaben des Gesundheitsministeriums und seiner Tochtergesellschaften, Nr. 6698 des Gesetzes zum Schutz personenbezogener Daten, der Gesetzgebung zu privaten Krankenh\u00e4usern und der Verarbeitung an Folgendes weitergegeben werden \u00fcber personenbezogene medizinische Daten und Datenschutzgesetze und Vorschriften des Gesundheitsministeriums sowie sonstige Vorschriften und mit Begr\u00fcndung<\/p>\n<p>oben erkl\u00e4rt;<br \/>\nGesundheitsministerium, Unterabteilungen des Ministeriums und Familienpraxiszentren,<br \/>\nPrivate Versicherungsunternehmen (Kranken-, Renten-, Lebensversicherung und \u00e4hnliches),<br \/>\nSozialeinrichtung,<br \/>\nGeneraldirektion f\u00fcr Sicherheit und andere Strafverfolgungsbeh\u00f6rden,<br \/>\nGeneraldirektion f\u00fcr Volksz\u00e4hlung,<br \/>\nT\u00fcrkischer Apothekerverband,<br \/>\nJustizbeh\u00f6rden,<br \/>\nF\u00fcr die medizinische Diagnose und Behandlung, Labore in der T\u00fcrkei und im Ausland, mit denen wir zusammenarbeiten, medizinische Zentren, Einrichtungen, die Krankenwagen, medizinische Ger\u00e4te und Gesundheitsdienste anbieten,<br \/>\nMedizinische Einrichtung, die der Patient auf eigenen Wunsch verlegt oder angewendet hat,<br \/>\nIhre gesetzlichen, vertretungsberechtigten Vertreter,<br \/>\nDritte, die uns beraten, einschlie\u00dflich unserer Rechtsanw\u00e4lte, Steuerberater und Wirtschaftspr\u00fcfer,<br \/>\nAufsichts- und Pr\u00fcfinstitutionen und Beh\u00f6rden,<\/p>\n<h4>Methode und Rechtsgrund der Erhebung personenbezogener Daten<\/h4>\n<p>Ihre personenbezogenen Daten werden aus den oben genannten Gr\u00fcnden in allen Arten von m\u00fcndlichen, schriftlichen, visuellen oder elektronischen Medien gesammelt und verarbeitet, um alle Angelegenheiten der T\u00e4tigkeit von Medousa in einem rechtlichen Rahmen zu f\u00fchren und Medousa in der Lage zu sein, alle ihre Aktivit\u00e4ten auszuf\u00fchren vertragliche und gesetzliche Pflichten vollst\u00e4ndig und wie f\u00e4llig.<\/p>\n<p>Der rechtliche Grund f\u00fcr die Erhebung Ihrer hiermit personenbezogenen Daten;<\/p>\n<p>Nr. 6698 Gesetz zum Schutz personenbezogener Daten,<br \/>\nNr. 3359 Gesundheitswesen Grundgesetz,<br \/>\nGesetzliche Verordnung Nr. 663 \u00fcber die Organisation und Aufgaben des Gesundheitsministeriums und seiner Tochtergesellschaften,<br \/>\nPrivate Krankenanstaltengesetzgebung,<br \/>\nVerarbeitung personenbezogener medizinischer Daten und Datenschutzgesetze,<br \/>\nVorschriften des Gesundheitsministeriums und sonstige Vorschriften.<br \/>\nWie in Artikel 6 Absatz 3 des Gesetzes angegeben, d\u00fcrfen personenbezogene Daten \u00fcber Gesundheit und Sexualleben nur ohne die offene Zustimmung der betroffenen Person von Personen oder befugten Institutionen und Organisationen mit der Verpflichtung zur Vertraulichkeit zum Schutz der \u00f6ffentlichen Gesundheit verarbeitet werden, um medizinische Leistungen zu erbringen Diagnose-, Behandlungs- und Pflegedienste, Planung und Verwaltung medizinischer Leistungen und deren Finanzierung.<\/p>\n<h4>Ihre Rechte in Bezug auf den Schutz personenbezogener Daten<\/h4>\n<p>Gem\u00e4\u00df den einschl\u00e4gigen Rechtsvorschriften;<\/p>\n<p>Um zu erfahren, ob die personenbezogenen Daten verarbeitet wurden,<br \/>\nUm der Information nachzugehen, ob personenbezogene Daten verarbeitet wurden,<br \/>\nUm auf personenbezogene medizinische Daten zuzugreifen und diese anzufordern,<br \/>\nDen Grund f\u00fcr die Verarbeitung der personenbezogenen Daten zu erfahren und ob sie zu diesem Zweck verwendet werden,<br \/>\ndie Drittparteien im In- oder Ausland zu kennen, an die die personenbezogenen Daten \u00fcbermittelt wurden,<br \/>\nDie Berichtigung personenbezogener Daten zu verlangen, wenn die personenbezogenen Daten unvollst\u00e4ndig oder falsch verarbeitet wurden,<br \/>\nDie L\u00f6schung oder Vernichtung der personenbezogenen Daten zu verlangen,<br \/>\nDie Benachrichtigung an Dritte zu verlangen, an die die personenbezogenen Daten \u00fcbermittelt wurden, falls die personenbezogenen Daten unvollst\u00e4ndig oder falsch verarbeitet wurden und Sie die Berichtigung und\/oder L\u00f6schung oder Vernichtung dieser personenbezogenen Daten verlangen,<br \/>\nWiderspruch gegen ein f\u00fcr Sie nachteiliges Ergebnis der Verarbeitung von Daten ausschlie\u00dflich durch automatisierte Systeme,<br \/>\nSchadensersatz zu verlangen, wenn durch die rechtswidrige Verarbeitung personenbezogener Daten ein Schaden entstehen w\u00fcrde.<br \/>\nDatenschutz und Bewerbungsrecht<\/p>\n<p>Ihre personenbezogenen Daten werden mit gro\u00dfer Sorgfalt im Rahmen technischer und administrativer Mittel gesch\u00fctzt und notwendige Sicherheitsma\u00dfnahmen werden auf einem Niveau bereitgestellt, das den m\u00f6glichen Risiken im Rahmen der technischen M\u00f6glichkeiten angemessen ist. Indem Sie das \u201eAntragsformular zum Schutz personenbezogener Daten\u201c auf der Website \u201ewww.medousaclinique.com\u201c ausf\u00fcllen, k\u00f6nnen Sie;<\/p>\n<p>Bringen Sie Ihre rechtlichen Anfragen pers\u00f6nlich an Merkez, Ba\u011fc\u0131lar Cd. K\u00f6\u015fem Apt, D:No:15 D:4, 34200 Ba\u011fc\u0131lar\/\u0130stanbul Adresse,<br \/>\nSenden Sie sie \u00fcber einen Notar,<br \/>\noder Sie k\u00f6nnen es \u00fcber eine gespeicherte E-Mail-Adresse oder eine in unserem System gespeicherte E-Mail-Adresse, als gesicherte E-Mail oder mit mobiler Signatur an die Adresse info@medousaclinique.com senden.<br \/>\n\u201eKlarstellungsinformationen zur Verarbeitung personenbezogener Daten\u201c<\/p>","protected":false},"excerpt":{"rendered":"<p>CLARIFICATION\/INFORMATION ABOUT PROCESSING PERSONAL DATA Medousa Clinique As &#8220;Medousa&#8221;, we care about the security of your personal data. With this<\/p>","protected":false},"author":1,"featured_media":0,"parent":0,"menu_order":0,"comment_status":"closed","ping_status":"closed","template":"","meta":{"footnotes":""},"class_list":["post-3080","page","type-page","status-publish","hentry"],"_links":{"self":[{"href":"https:\/\/medousaclinique.com\/de\/wp-json\/wp\/v2\/pages\/3080","targetHints":{"allow":["GET"]}}],"collection":[{"href":"https:\/\/medousaclinique.com\/de\/wp-json\/wp\/v2\/pages"}],"about":[{"href":"https:\/\/medousaclinique.com\/de\/wp-json\/wp\/v2\/types\/page"}],"author":[{"embeddable":true,"href":"https:\/\/medousaclinique.com\/de\/wp-json\/wp\/v2\/users\/1"}],"replies":[{"embeddable":true,"href":"https:\/\/medousaclinique.com\/de\/wp-json\/wp\/v2\/comments?post=3080"}],"version-history":[{"count":3,"href":"https:\/\/medousaclinique.com\/de\/wp-json\/wp\/v2\/pages\/3080\/revisions"}],"predecessor-version":[{"id":3084,"href":"https:\/\/medousaclinique.com\/de\/wp-json\/wp\/v2\/pages\/3080\/revisions\/3084"}],"wp:attachment":[{"href":"https:\/\/medousaclinique.com\/de\/wp-json\/wp\/v2\/media?parent=3080"}],"curies":[{"name":"wp","href":"https:\/\/api.w.org\/{rel}","templated":true}]}}