{"id":1258,"date":"2022-02-13T18:24:53","date_gmt":"2022-02-13T18:24:53","guid":{"rendered":"https:\/\/medousaclinique.com\/?page_id=1258"},"modified":"2022-11-04T17:13:07","modified_gmt":"2022-11-04T14:13:07","slug":"dental","status":"publish","type":"page","link":"https:\/\/medousaclinique.com\/de\/dental\/","title":{"rendered":"Zahn"},"content":{"rendered":"<div class=\"wpb-content-wrapper\"><div class=\"vc_row wpb_row vc_row-fluid ust-cikinti wd-rs-61fffa6f69e04\"><div class=\"wpb_column vc_column_container vc_col-sm-12\"><div class=\"vc_column-inner\"><div class=\"wpb_wrapper\"><div class=\"vc_row wpb_row vc_inner vc_row-fluid\"><div class=\"wpb_column vc_column_container vc_col-sm-3 vc_col-xs-6 wd-rs-61fef90c40665\"><div class=\"vc_column-inner\"><div class=\"wpb_wrapper\">\t\t\t<div class=\"info-box-wrapper\">\n\t\t\t\t<div id=\"wd-62283c5abf728\" class=\"wd-rs-62283c5abf728 wd-info-box wd-wpb text-center box-icon-align-top box-style- color-scheme- wd-bg-none with-btn box-btn-static vc_custom_1646804065833\">\n\t\t\t\t\t\t\t\t\t\t\t<div class=\"box-icon-wrapper  box-with-icon box-icon-simple\">\n\t\t\t\t\t\t\t<div class=\"info-box-icon\">\n\n\t\t\t\t\t\t\t\n\t\t\t\t\t\t\t\t\t\t\t\t\t\t\t\t\t<img loading=\"lazy\" decoding=\"async\" width=\"600\" height=\"500\" src=\"https:\/\/medousaclinique.com\/wp-content\/uploads\/2022\/03\/Dental-Implants.jpg\" class=\"attachment-800x600 size-800x600\" alt=\"\" srcset=\"https:\/\/medousaclinique.com\/wp-content\/uploads\/2022\/03\/Dental-Implants.jpg 600w, https:\/\/medousaclinique.com\/wp-content\/uploads\/2022\/03\/Dental-Implants-300x250.jpg 300w\" sizes=\"auto, (max-width: 600px) 100vw, 600px\" \/>\t\t\t\t\t\t\t\t\t\t\t\t\t\t\t\n\t\t\t\t\t\t\t<\/div>\n\t\t\t\t\t\t<\/div>\n\t\t\t\t\t\t\t\t\t\t<div class=\"info-box-content\">\n\t\t\t\t\t\t<h4 class=\"info-box-title title box-title-style-default wd-fontsize-m\">Zahnimplantate<\/h4>\t\t\t\t\t\t<div class=\"info-box-inner reset-last-child\"><\/div>\n\n\t\t\t\t\t\t<div class=\"info-btn-wrapper\"><div id=\"wd-69e5addfe0e6e\" class=\"wd-button-wrapper text-center\"><a href=\"\/de\/dental\/dental-implants\/\" title=\"\" class=\"btn btn-style-bordered btn-shape-semi-round btn-size-default\">Weiterlesen...<\/a><\/div><\/div>\t\t\t\t\t<\/div>\n\n\t\t\t\t\t\n\t\t\t\t\t\t\t\t\t<\/div>\n\t\t\t<\/div>\n\t\t<\/div><\/div><\/div><div class=\"wpb_column vc_column_container vc_col-sm-3 vc_col-xs-6 wd-rs-620946a79d16c\"><div class=\"vc_column-inner\"><div class=\"wpb_wrapper\">\t\t\t<div class=\"info-box-wrapper\">\n\t\t\t\t<div id=\"wd-62283c65063f9\" class=\"wd-rs-62283c65063f9 wd-info-box wd-wpb text-center box-icon-align-top box-style- color-scheme- wd-bg-none with-btn box-btn-static vc_custom_1646804074513\">\n\t\t\t\t\t\t\t\t\t\t\t<div class=\"box-icon-wrapper  box-with-icon box-icon-simple\">\n\t\t\t\t\t\t\t<div class=\"info-box-icon\">\n\n\t\t\t\t\t\t\t\n\t\t\t\t\t\t\t\t\t\t\t\t\t\t\t\t\t<img loading=\"lazy\" decoding=\"async\" width=\"600\" height=\"500\" src=\"https:\/\/medousaclinique.com\/wp-content\/uploads\/2022\/03\/Teeth-Whitening.jpg\" class=\"attachment-800x600 size-800x600\" alt=\"\" srcset=\"https:\/\/medousaclinique.com\/wp-content\/uploads\/2022\/03\/Teeth-Whitening.jpg 600w, https:\/\/medousaclinique.com\/wp-content\/uploads\/2022\/03\/Teeth-Whitening-300x250.jpg 300w\" sizes=\"auto, (max-width: 600px) 100vw, 600px\" \/>\t\t\t\t\t\t\t\t\t\t\t\t\t\t\t\n\t\t\t\t\t\t\t<\/div>\n\t\t\t\t\t\t<\/div>\n\t\t\t\t\t\t\t\t\t\t<div class=\"info-box-content\">\n\t\t\t\t\t\t<h4 class=\"info-box-title title box-title-style-default wd-fontsize-m\">Zahnaufhellung<\/h4>\t\t\t\t\t\t<div class=\"info-box-inner reset-last-child\"><\/div>\n\n\t\t\t\t\t\t<div class=\"info-btn-wrapper\"><div id=\"wd-69e5addfe136b\" class=\"wd-button-wrapper text-center\"><a href=\"\/de\/dental\/teeth-whitening-bleaching\/\" title=\"\" class=\"btn btn-style-bordered btn-shape-semi-round btn-size-default\">Weiterlesen...<\/a><\/div><\/div>\t\t\t\t\t<\/div>\n\n\t\t\t\t\t\n\t\t\t\t\t\t\t\t\t<\/div>\n\t\t\t<\/div>\n\t\t<\/div><\/div><\/div><div class=\"wpb_column vc_column_container vc_col-sm-3 vc_col-xs-6 wd-rs-620946ac939ec\"><div class=\"vc_column-inner\"><div class=\"wpb_wrapper\">\t\t\t<div class=\"info-box-wrapper\">\n\t\t\t\t<div id=\"wd-62283c6d2658a\" class=\"wd-rs-62283c6d2658a wd-info-box wd-wpb text-center box-icon-align-top box-style- color-scheme- wd-bg-none with-btn box-btn-static vc_custom_1646804083085\">\n\t\t\t\t\t\t\t\t\t\t\t<div class=\"box-icon-wrapper  box-with-icon box-icon-simple\">\n\t\t\t\t\t\t\t<div class=\"info-box-icon\">\n\n\t\t\t\t\t\t\t\n\t\t\t\t\t\t\t\t\t\t\t\t\t\t\t\t\t<img loading=\"lazy\" decoding=\"async\" width=\"600\" height=\"500\" src=\"https:\/\/medousaclinique.com\/wp-content\/uploads\/2022\/03\/Zirconium-Crowning.jpg\" class=\"attachment-800x600 size-800x600\" alt=\"\" srcset=\"https:\/\/medousaclinique.com\/wp-content\/uploads\/2022\/03\/Zirconium-Crowning.jpg 600w, https:\/\/medousaclinique.com\/wp-content\/uploads\/2022\/03\/Zirconium-Crowning-300x250.jpg 300w\" sizes=\"auto, (max-width: 600px) 100vw, 600px\" \/>\t\t\t\t\t\t\t\t\t\t\t\t\t\t\t\n\t\t\t\t\t\t\t<\/div>\n\t\t\t\t\t\t<\/div>\n\t\t\t\t\t\t\t\t\t\t<div class=\"info-box-content\">\n\t\t\t\t\t\t<h4 class=\"info-box-title title box-title-style-default wd-fontsize-m\">Zirkonium-Kr\u00f6nung<\/h4>\t\t\t\t\t\t<div class=\"info-box-inner reset-last-child\"><\/div>\n\n\t\t\t\t\t\t<div class=\"info-btn-wrapper\"><div id=\"wd-69e5addfe17db\" class=\"wd-button-wrapper text-center\"><a href=\"\/de\/dental\/zirconium-crowning\/\" title=\"\" class=\"btn btn-style-bordered btn-shape-semi-round btn-size-default\">Weiterlesen...<\/a><\/div><\/div>\t\t\t\t\t<\/div>\n\n\t\t\t\t\t\n\t\t\t\t\t\t\t\t\t<\/div>\n\t\t\t<\/div>\n\t\t<\/div><\/div><\/div><div class=\"wpb_column vc_column_container vc_col-sm-3 vc_col-xs-6 wd-rs-620946b0d34e1\"><div class=\"vc_column-inner\"><div class=\"wpb_wrapper\">\t\t\t<div class=\"info-box-wrapper\">\n\t\t\t\t<div id=\"wd-62283c76109ac\" class=\"wd-rs-62283c76109ac wd-info-box wd-wpb text-center box-icon-align-top box-style- color-scheme- wd-bg-none with-btn box-btn-static vc_custom_1646804091711\">\n\t\t\t\t\t\t\t\t\t\t\t<div class=\"box-icon-wrapper  box-with-icon box-icon-simple\">\n\t\t\t\t\t\t\t<div class=\"info-box-icon\">\n\n\t\t\t\t\t\t\t\n\t\t\t\t\t\t\t\t\t\t\t\t\t\t\t\t\t<img loading=\"lazy\" decoding=\"async\" width=\"600\" height=\"500\" src=\"https:\/\/medousaclinique.com\/wp-content\/uploads\/2022\/03\/Laminate-Veneer.jpg\" class=\"attachment-800x600 size-800x600\" alt=\"\" srcset=\"https:\/\/medousaclinique.com\/wp-content\/uploads\/2022\/03\/Laminate-Veneer.jpg 600w, https:\/\/medousaclinique.com\/wp-content\/uploads\/2022\/03\/Laminate-Veneer-300x250.jpg 300w\" sizes=\"auto, (max-width: 600px) 100vw, 600px\" \/>\t\t\t\t\t\t\t\t\t\t\t\t\t\t\t\n\t\t\t\t\t\t\t<\/div>\n\t\t\t\t\t\t<\/div>\n\t\t\t\t\t\t\t\t\t\t<div class=\"info-box-content\">\n\t\t\t\t\t\t<h4 class=\"info-box-title title box-title-style-default wd-fontsize-m\">Laminat Furnier<\/h4>\t\t\t\t\t\t<div class=\"info-box-inner reset-last-child\"><\/div>\n\n\t\t\t\t\t\t<div class=\"info-btn-wrapper\"><div id=\"wd-69e5addfe1c56\" class=\"wd-button-wrapper text-center\"><a href=\"\/de\/dental\/laminate-veneer\/\" title=\"\" class=\"btn btn-style-bordered btn-shape-semi-round btn-size-default\">Weiterlesen...<\/a><\/div><\/div>\t\t\t\t\t<\/div>\n\n\t\t\t\t\t\n\t\t\t\t\t\t\t\t\t<\/div>\n\t\t\t<\/div>\n\t\t<\/div><\/div><\/div><\/div>\n\t<div class=\"wpb_text_column wpb_content_element\" >\n\t\t<div class=\"wpb_wrapper\">\n\t\t\t<h2>Zahnkostenrechner<\/h2>\n\n\t\t<\/div>\n\t<\/div>\n\n\t<div class=\"wpb_text_column wpb_content_element\" >\n\t\t<div class=\"wpb_wrapper\">\n\t\t\t<div class=\"btQuoteBooking hesaplama btQuoteBookingWithoutColor c69e5addfe2730\"  data-admin_email=\"\" data-cf7_id=\"\" data-email_client=\"\" data-email_gdpr=\"\" data-email_gdpr_text=\"\" data-email_gdpr_not_text=\"\" data-email_rtl=\"\" data-currency=\"\u20ac\" data-currency_after=\"\" data-currency_space=\"yes\" data-url_confirmation=\"\" data-url_ajax=\"https:\/\/medousaclinique.com\/wp-admin\/admin-ajax.php\" data-subject=\"\" data-email_header=\"\" data-email_footer=\"\" data-date_text=\"Preferred Service Date\" data-time_text=\"Preferred Service Time\" data-message_please_wait=\"Please wait...\" data-message_success=\"Thank you, we will contact you soon!\" data-message_error=\"Error! Please try again later.\" data-message_mandatory=\"Please fill out all required fields.\" data-rec_secret_key=\"\" data-total_text=\"Total\" data-total_format=\"currency_1\" data-total_decimals=\"2\" data-date_format=\"mm\/dd\/yy\" data-bt_cc_nonce=\"d336024d78\" data-hide_total=\"\"><div class=\"btQuoteBookingWrap\"><div class=\"btQuoteBookingForm btActive\"><style>\na.icerigegit {\n    position: fixed;\n    top: 25%;\n    right: 15px;\n}\n<\/style>\n\n<h1><a href=\"#hesaplama\" class=\"icerigegit\" style=\"width: 50px;    height: 50px;    line-height: 50px;    border-radius: 50%;    -moz-border-radius: 50%;    -webkit-border-radius: 50%;    text-align: center;    color: white;    font-size: 38px;    text-transform: uppercase;    font-weight: 700;    margin: 0 auto 40px;    background: #213e5469;    z-index: 99999;\" title=\"Calculator\">+<\/a><\/h1>\n\n<div class=\"btQuoteGBlock\" data-eval=\"dmFyIGltcGxhbnRfcXVhbnRpdHkgPSAkMTsKdmFyIGJyYW5kID0gJDI7CnZhciBjaGVja19pZl95b3VfbmVlZF9zaW51c19saWZ0aW5nX3RyZWF0bWVudD0gJDI1MDsKCnZhciBmaW5hbF9yZXMgPSAwOwoKdmFyIGZpbmFsX3JlcyA9IGltcGxhbnRfcXVhbnRpdHkgKiBicmFuZCArIGNoZWNrX2lmX3lvdV9uZWVkX3NpbnVzX2xpZnRpbmdfdHJlYXRtZW50OwoKc2V0U3VidG90YWwoICdzdWJ0b3RhbF8wMScsIGZpbmFsX3JlcyApOwoKcmV0dXJuIGZpbmFsX3Jlczs=\" data-paypal_label=\"\" id=\"hesaplama\" ><h4>Zahnimplantate und verwandte Verfahren<\/h4><b>Wie viele Implantate ben\u00f6tigen Sie?<\/b><div class=\"btQuoteItem\" id=\"btQuoteItem69e5addfe296e\" ><label>Implantatmenge<\/label>\n\t\t<div class=\"btQuoteItemInput\"><div class=\"btQuoteSlider btQuoteElement\" data-value=\"0\"  data-initial-value=\"0\" data-min=\"0\" data-max=\"24\" data-step=\"1\" data-price=\"1\" data-offset=\"0\" data-condition=\"\"><\/div><span class=\"btQuoteSliderValue\">0<\/span><\/div><\/div><div class=\"btQuoteItem\" id=\"btQuoteItem69e5addfe2a37\" ><label>Marke<\/label>\n\t\t<div class=\"btQuoteItemInput\"><div id=\"69e5addfe2a97W204\" class=\"btQuoteSelect btContactField btDropDown btQuoteElement\" data-condition=\"\" data-initial-value=\"3\"><\/div><\/div><\/div><div class=\"btQuoteItem\" id=\"btQuoteItem69e5addfe2b95\" ><label>\u00dcberpr\u00fcfen Sie, ob Sie eine Behandlung zum Anheben der Nasennebenh\u00f6hlen ben\u00f6tigen<\/label>\n\t\t<div class=\"btQuoteItemInput\"><div class=\"btQuoteSwitch btQuoteElement\" data-off=\"0\" data-on=\"250\" data-condition=\"\" data-initial-value=\"Off\"><div class=\"btQuoteSwitchInner\"><\/div><\/div><div class=\"btQuoteItemDescription\">Sinuslifting (Knochentransplantationskosten sind nicht enthalten, sie k\u00f6nnen nur nach einer R\u00f6ntgen-\/CT-Scan-Untersuchung der Z\u00e4hne bestimmt werden)<\/div><\/div><\/div><div id=\"btSubtotalIdsubtotal_01\" class=\"btQuoteSubtotal\" data-label=\"Dental Implants &amp; Related Procedures Subtotal\"><span class=\"btQuoteSubtotalText\">Zahnimplantate und verwandte Verfahren Zwischensumme<\/span><span class=\"btQuoteSubtotalCalc\"><\/span><\/div><\/div><div class=\"bt_cc_separator bt_cc_top_spacing_normal bt_cc_bottom_spacing_normal bt_cc_border_style_solid\" id=\"bt_cc_separator69e5addfe2c67\" ><\/div><div class=\"btQuoteGBlock\" data-eval=\"dmFyIGNyb3duX3F1YW50aXR5ID0gJDE7CnZhciBjcm93bl90eXBlID0gJDI7Cgp2YXIgZmluYWxfcmVzID0gMDsKCnZhciBmaW5hbF9yZXMgPSBjcm93bl9xdWFudGl0eSAqIGNyb3duX3R5cGU7CgpzZXRTdWJ0b3RhbCggJ3N1YnRvdGFsXzAyJywgZmluYWxfcmVzICk7CgpyZXR1cm4gZmluYWxfcmVzOw==\" data-paypal_label=\"\" id=\"btQuoteItem69e5addfe2c7d\" ><h4>Zahnkronen<\/h4><b>Wie viele Kronen brauchen Sie?<\/b><div class=\"btQuoteItem\" id=\"btQuoteItem69e5addfe2d4d\" ><label>Kronenmenge<\/label>\n\t\t<div class=\"btQuoteItemInput\"><div class=\"btQuoteSlider btQuoteElement\" data-value=\"1\"  data-initial-value=\"1\" data-min=\"0\" data-max=\"32\" data-step=\"1\" data-price=\"1\" data-offset=\"0\" data-condition=\"\"><\/div><span class=\"btQuoteSliderValue\">1<\/span><\/div><\/div><div class=\"btQuoteItem\" id=\"btQuoteItem69e5addfe2e0f\" ><label>Kronentyp<\/label>\n\t\t<div class=\"btQuoteItemInput\"><div id=\"69e5addfe2e34W636\" class=\"btQuoteSelect btContactField btDropDown btQuoteElement\" data-condition=\"\" data-initial-value=\"\"><\/div><\/div><\/div><div id=\"btSubtotalIdsubtotal_02\" class=\"btQuoteSubtotal\" data-label=\"Dental Crowns Subtotal\"><span class=\"btQuoteSubtotalText\">Zahnkronen Zwischensumme<\/span><span class=\"btQuoteSubtotalCalc\"><\/span><\/div><\/div><div class=\"bt_cc_separator bt_cc_top_spacing_normal bt_cc_bottom_spacing_normal bt_cc_border_style_solid\" id=\"bt_cc_separator69e5addfe2f11\" ><\/div><div class=\"btQuoteGBlock\" data-eval=\"dmFyIHZlbmVlcl9xdWFudGl0eSA9ICQxOwp2YXIgdmVuZWVyX3R5cGUgPSAkMjsKdmFyIGNoZWNrX2lmX3lvdV9uZWVkX29ubGF5X2lubGF5X2ZpbGxpbmc9ICQyNTA7Cgp2YXIgZmluYWxfcmVzID0gMDsKCnZhciBmaW5hbF9yZXMgPSB2ZW5lZXJfcXVhbnRpdHkgKiB2ZW5lZXJfdHlwZSArIGNoZWNrX2lmX3lvdV9uZWVkX29ubGF5X2lubGF5X2ZpbGxpbmc7CgpzZXRTdWJ0b3RhbCggJ3N1YnRvdGFsXzAzJywgZmluYWxfcmVzICk7CgpyZXR1cm4gZmluYWxfcmVzOw==\" data-paypal_label=\"\" id=\"btQuoteItem69e5addfe2f26\" ><h4>Zahnveneers <\/h4><b>Wie viele Veneers ben\u00f6tigen Sie?<\/b><div class=\"btQuoteItem\" id=\"btQuoteItem69e5addfe3001\" ><label>Furniermenge<\/label>\n\t\t<div class=\"btQuoteItemInput\"><div class=\"btQuoteSlider btQuoteElement\" data-value=\"1\"  data-initial-value=\"1\" data-min=\"0\" data-max=\"32\" data-step=\"1\" data-price=\"1\" data-offset=\"0\" data-condition=\"\"><\/div><span class=\"btQuoteSliderValue\">1<\/span><\/div><\/div><div class=\"btQuoteItem\" id=\"btQuoteItem69e5addfe30ca\" ><label>Furniertyp<\/label>\n\t\t<div class=\"btQuoteItemInput\"><div id=\"69e5addfe30f2W982\" class=\"btQuoteSelect btContactField btDropDown btQuoteElement\" data-condition=\"\" data-initial-value=\"\"><\/div><\/div><\/div><div class=\"btQuoteItem\" id=\"btQuoteItem69e5addfe31d7\" ><label>\u00dcberpr\u00fcfen Sie, ob Sie eine Onlay-\/Inlay-F\u00fcllung ben\u00f6tigen<\/label>\n\t\t<div class=\"btQuoteItemInput\"><div class=\"btQuoteSwitch btQuoteElement\" data-off=\"0\" data-on=\"250\" data-condition=\"\" data-initial-value=\"Off\"><div class=\"btQuoteSwitchInner\"><\/div><\/div><div class=\"btQuoteItemDescription\">Onlay-\/Inlay-F\u00fcllung mit CAD\/CAM-System<\/div><\/div><\/div><div id=\"btSubtotalIdsubtotal_03\" class=\"btQuoteSubtotal\" data-label=\"Dental Veneers Subtotal\"><span class=\"btQuoteSubtotalText\">Zahnveneers Zwischensumme<\/span><span class=\"btQuoteSubtotalCalc\"><\/span><\/div><\/div><div class=\"bt_cc_separator bt_cc_top_spacing_normal bt_cc_bottom_spacing_normal bt_cc_border_style_solid\" id=\"bt_cc_separator69e5addfe3297\" ><\/div><div class=\"btQuoteGBlock\" data-eval=\"dmFyIG51bWJlcl9vZl9kZW50dXJlc19wYXJ0aWFsID0gJDYwMDsKdmFyIG51bWJlcl9vZl9kZW50dXJlc19mdWxsID0gJDQ1MDsKdmFyIGZpbmFsX3JlcyA9IDA7Cgp2YXIgZmluYWxfcmVzID0gbnVtYmVyX29mX2RlbnR1cmVzX3BhcnRpYWwgICsgbnVtYmVyX29mX2RlbnR1cmVzX2Z1bGw7CgpzZXRTdWJ0b3RhbCggJ3N1YnRvdGFsXzA0JywgZmluYWxfcmVzICk7CgpyZXR1cm4gZmluYWxfcmVzOw==\" data-paypal_label=\"\" id=\"btQuoteItem69e5addfe32ad\" ><h4>Zahnersatz<\/h4><b>Wie viele Teilprothesen\/Skelettprothesen\/Prothesen ben\u00f6tigen Sie (einzelner oder beide Kiefer)?<\/b><div class=\"btQuoteItem\" id=\"btQuoteItem69e5addfe3393\" ><label>Anzahl der Zahnprothesen Teilweise<\/label>\n\t\t<div class=\"btQuoteItemInput\"><div class=\"btQuoteSlider btQuoteElement\" data-value=\"0\"  data-initial-value=\"0\" data-min=\"0\" data-max=\"2\" data-step=\"1\" data-price=\"600\" data-offset=\"0\" data-condition=\"\"><\/div><span class=\"btQuoteSliderValue\">0<\/span><\/div><\/div><b>Wie viele Teilprothesen\/Skelettprothesen\/Prothesen ben\u00f6tigen Sie (einzelner oder beide Kiefer)?<\/b><div class=\"btQuoteItem\" id=\"btQuoteItem69e5addfe3460\" ><label>Anzahl der Vollprothesen<\/label>\n\t\t<div class=\"btQuoteItemInput\"><div class=\"btQuoteSlider btQuoteElement\" data-value=\"0\"  data-initial-value=\"0\" data-min=\"0\" data-max=\"2\" data-step=\"1\" data-price=\"450\" data-offset=\"0\" data-condition=\"\"><\/div><span class=\"btQuoteSliderValue\">0<\/span><\/div><\/div><div id=\"btSubtotalIdsubtotal_04\" class=\"btQuoteSubtotal\" data-label=\"Dentures Subtotal\"><span class=\"btQuoteSubtotalText\">Zahnersatz Zwischensumme<\/span><span class=\"btQuoteSubtotalCalc\"><\/span><\/div><div class=\"bt_cc_separator bt_cc_top_spacing_normal bt_cc_bottom_spacing_normal bt_cc_border_style_solid\" id=\"bt_cc_separator69e5addfe34c4\" ><\/div><\/div><div class=\"btQuoteGBlock\" data-eval=\"dmFyIGJvbmRpbmdfbnVtYmVyX29mX3RlZXRoID0gJDEwMDsKdmFyIGZpbGxpbmdfbnVtYmVyX29mX3RlZXRoID0gJDYwOwp2YXIgY2FuYWxfbnVtYmVyX29mX3RlZXRoID0gJDkwOwp2YXIgbGFzZXJfdGVldGhfYmxlYWNoaW5nID0gJDE1MDsKdmFyIGhvbWVfdGVldGhfd2hpdGVuaW5nX2tpdCA9ICQxNDA7CnZhciBwcm9mZXNzaW9uYWxfZGVudGFsX2NsZWFuaW5nID0gJDU1Owp2YXIgZ3VtX2NvbnRvdXJpbmcgPSAkMjI1Owp2YXIgbmlnaHRfZ3VhcmQgPSAkOTA7Cgp2YXIgZmluYWxfcmVzID0gMDsKCnZhciBmaW5hbF9yZXMgPSBib25kaW5nX251bWJlcl9vZl90ZWV0aCArIGZpbGxpbmdfbnVtYmVyX29mX3RlZXRoICsgY2FuYWxfbnVtYmVyX29mX3RlZXRoICsgbGFzZXJfdGVldGhfYmxlYWNoaW5nICsgaG9tZV90ZWV0aF93aGl0ZW5pbmdfa2l0ICsgcHJvZmVzc2lvbmFsX2RlbnRhbF9jbGVhbmluZyArIGd1bV9jb250b3VyaW5nICsgbmlnaHRfZ3VhcmQ7CgpzZXRTdWJ0b3RhbCggJ3N1YnRvdGFsXzA1JywgZmluYWxfcmVzICk7CgpyZXR1cm4gZmluYWxfcmVzOw==\" data-paypal_label=\"\" id=\"btQuoteItem69e5addfe353a\" ><h4>Andere Verfahren<\/h4><b>F\u00fcr wie viele Z\u00e4hne ben\u00f6tigen Sie eine Bonding-Behandlung?<\/b><div class=\"btQuoteItem\" id=\"btQuoteItem69e5addfe363d\" ><label>Bonding Anzahl der Z\u00e4hne<\/label>\n\t\t<div class=\"btQuoteItemInput\"><div class=\"btQuoteSlider btQuoteElement\" data-value=\"0\"  data-initial-value=\"0\" data-min=\"0\" data-max=\"8\" data-step=\"1\" data-price=\"100\" data-offset=\"0\" data-condition=\"\"><\/div><span class=\"btQuoteSliderValue\">0<\/span><\/div><\/div><b>F\u00fcr wie viele Z\u00e4hne ben\u00f6tigen Sie eine Zahnf\u00fcllung?<\/b><div class=\"btQuoteItem\" id=\"btQuoteItem69e5addfe36cc\" ><label>Anzahl der Z\u00e4hne f\u00fcllen<\/label>\n\t\t<div class=\"btQuoteItemInput\"><div class=\"btQuoteSlider btQuoteElement\" data-value=\"0\"  data-initial-value=\"0\" data-min=\"0\" data-max=\"8\" data-step=\"1\" data-price=\"60\" data-offset=\"0\" data-condition=\"\"><\/div><span class=\"btQuoteSliderValue\">0<\/span><\/div><\/div><b>F\u00fcr wie viele Z\u00e4hne ben\u00f6tigen Sie eine Zahnwurzelbehandlung?<\/b><div class=\"btQuoteItem\" id=\"btQuoteItem69e5addfe375c\" ><label>Kanalzahl der Z\u00e4hne<\/label>\n\t\t<div class=\"btQuoteItemInput\"><div class=\"btQuoteSlider btQuoteElement\" data-value=\"0\"  data-initial-value=\"0\" data-min=\"0\" data-max=\"8\" data-step=\"1\" data-price=\"90\" data-offset=\"0\" data-condition=\"\"><\/div><span class=\"btQuoteSliderValue\">0<\/span><\/div><\/div><b>\u00dcberpr\u00fcfen Sie, ob Sie eine Laserzahnaufhellung w\u00fcnschen<\/b><div class=\"btQuoteItem\" id=\"btQuoteItem69e5addfe37f2\" ><label>Laser-Zahnbleichen<\/label>\n\t\t<div class=\"btQuoteItemInput\"><div class=\"btQuoteSwitch btQuoteElement\" data-off=\"0\" data-on=\"275\" data-condition=\"\" data-initial-value=\"\"><div class=\"btQuoteSwitchInner\"><\/div><\/div><\/div><\/div><b>\u00dcberpr\u00fcfen Sie, ob Sie ein Zahnwei\u00df-Kit f\u00fcr zu Hause w\u00fcnschen<\/b><div class=\"btQuoteItem\" id=\"btQuoteItem69e5addfe38ad\" ><label>Home Teeth Whitening-Kit<\/label>\n\t\t<div class=\"btQuoteItemInput\"><div class=\"btQuoteSwitch btQuoteElement\" data-off=\"0\" data-on=\"140\" data-condition=\"\" data-initial-value=\"\"><div class=\"btQuoteSwitchInner\"><\/div><\/div><\/div><\/div><b>\u00dcberpr\u00fcfen Sie, ob Sie eine professionelle Zahnreinigung w\u00fcnschen<\/b><div class=\"btQuoteItem\" id=\"btQuoteItem69e5addfe394b\" ><label>Professionelle Zahnreinigung<\/label>\n\t\t<div class=\"btQuoteItemInput\"><div class=\"btQuoteSwitch btQuoteElement\" data-off=\"0\" data-on=\"55\" data-condition=\"\" data-initial-value=\"\"><div class=\"btQuoteSwitchInner\"><\/div><\/div><\/div><\/div><b>\u00dcberpr\u00fcfen Sie, ob Sie Zahnfleischkonturierung w\u00fcnschen<\/b><div class=\"btQuoteItem\" id=\"btQuoteItem69e5addfe39f2\" ><label>Zahnfleischkonturierung<\/label>\n\t\t<div class=\"btQuoteItemInput\"><div class=\"btQuoteSwitch btQuoteElement\" data-off=\"0\" data-on=\"225\" data-condition=\"\" data-initial-value=\"\"><div class=\"btQuoteSwitchInner\"><\/div><\/div><\/div><\/div><b>\u00dcberpr\u00fcfen Sie, ob Sie einen Nachtw\u00e4chter ben\u00f6tigen<\/b><div class=\"btQuoteItem\" id=\"btQuoteItem69e5addfe3a91\" ><label>Nachtwache<\/label>\n\t\t<div class=\"btQuoteItemInput\"><div class=\"btQuoteSwitch btQuoteElement\" data-off=\"0\" data-on=\"90\" data-condition=\"\" data-initial-value=\"\"><div class=\"btQuoteSwitchInner\"><\/div><\/div><\/div><\/div><div id=\"btSubtotalIdsubtotal_05\" class=\"btQuoteSubtotal\" data-label=\"Other Prodecures\"><span class=\"btQuoteSubtotalText\">Andere Verfahren<\/span><span class=\"btQuoteSubtotalCalc\"><\/span><\/div><\/div><div class=\"btTotalNextWrapper\"><div class=\"btQuoteTotal\"><span class=\"btQuoteTotalText\">Gesamt<\/span><span class=\"btQuoteTotalCurrency\">\u20ac&nbsp;<\/span><span class=\"btQuoteTotalCalc\"><\/span><\/div><\/div><\/div><\/div><\/div>\n\n\t\t<\/div>\n\t<\/div>\n<\/div><\/div><\/div><\/div>\n<\/div>","protected":false},"excerpt":{"rendered":"Dental Implants Read More... Teeth Whitening Read More... Zirconium Crowning Read More... Laminate Veneer Read More... Dental Cost Calculator +","protected":false},"author":1,"featured_media":0,"parent":0,"menu_order":0,"comment_status":"closed","ping_status":"closed","template":"","meta":{"footnotes":""},"class_list":["post-1258","page","type-page","status-publish","hentry"],"_links":{"self":[{"href":"https:\/\/medousaclinique.com\/de\/wp-json\/wp\/v2\/pages\/1258","targetHints":{"allow":["GET"]}}],"collection":[{"href":"https:\/\/medousaclinique.com\/de\/wp-json\/wp\/v2\/pages"}],"about":[{"href":"https:\/\/medousaclinique.com\/de\/wp-json\/wp\/v2\/types\/page"}],"author":[{"embeddable":true,"href":"https:\/\/medousaclinique.com\/de\/wp-json\/wp\/v2\/users\/1"}],"replies":[{"embeddable":true,"href":"https:\/\/medousaclinique.com\/de\/wp-json\/wp\/v2\/comments?post=1258"}],"version-history":[{"count":11,"href":"https:\/\/medousaclinique.com\/de\/wp-json\/wp\/v2\/pages\/1258\/revisions"}],"predecessor-version":[{"id":3156,"href":"https:\/\/medousaclinique.com\/de\/wp-json\/wp\/v2\/pages\/1258\/revisions\/3156"}],"wp:attachment":[{"href":"https:\/\/medousaclinique.com\/de\/wp-json\/wp\/v2\/media?parent=1258"}],"curies":[{"name":"wp","href":"https:\/\/api.w.org\/{rel}","templated":true}]}}